{"id":5332,"date":"2024-11-14T22:53:54","date_gmt":"2024-11-14T22:53:54","guid":{"rendered":"https:\/\/hydrodipzone.com\/film-hydrographique\/contact\/"},"modified":"2024-12-27T20:13:17","modified_gmt":"2024-12-27T19:13:17","slug":"contact","status":"publish","type":"page","link":"https:\/\/hydrodipzone.com\/film-hydrographique\/contact\/","title":{"rendered":"Contact"},"content":{"rendered":"\t\t<div data-elementor-type=\"wp-post\" data-elementor-id=\"5332\" class=\"elementor elementor-5332\" data-elementor-post-type=\"page\">\n\t\t\t\t<div class=\"elementor-element elementor-element-6cb2a4e e-flex e-con-boxed wpr-particle-no wpr-jarallax-no wpr-parallax-no wpr-sticky-section-no e-con e-parent\" data-id=\"6cb2a4e\" data-element_type=\"container\" data-settings=\"{&quot;background_background&quot;:&quot;classic&quot;}\">\n\t\t\t\t\t<div class=\"e-con-inner\">\n\t\t<div class=\"elementor-element elementor-element-0d15fa8 e-con-full e-flex wpr-particle-no wpr-jarallax-no wpr-parallax-no wpr-sticky-section-no e-con e-child\" data-id=\"0d15fa8\" data-element_type=\"container\">\n\t\t\t\t<div class=\"elementor-element elementor-element-8f7943d elementor-widget elementor-widget-heading\" data-id=\"8f7943d\" data-element_type=\"widget\" data-widget_type=\"heading.default\">\n\t\t\t\t<div class=\"elementor-widget-container\">\n\t\t\t<h1 class=\"elementor-heading-title elementor-size-default\">Des questions sur le proc\u00e9d\u00e9 d'Hydro Dipping ? Nous sommes l\u00e0 pour vous aider !<\/h1>\t\t<\/div>\n\t\t\t\t<\/div>\n\t\t\t\t<div class=\"elementor-element elementor-element-842676b elementor-widget elementor-widget-text-editor\" data-id=\"842676b\" data-element_type=\"widget\" data-widget_type=\"text-editor.default\">\n\t\t\t\t<div class=\"elementor-widget-container\">\n\t\t\t\t\t\t\t<p>Nos heures d&#8217;ouverture sont:<\/p><p>Lundi: 09:00 &#8211; 18:00<br \/>Mardi: 09:00 &#8211; 18:00<br \/>Mercredi: 09:00 &#8211; 18:00<br \/>Jeudi: 09:00 &#8211; 18:00<br \/>Vendredi: 09:00 &#8211; 18:00<br \/>Samedi: Ferm\u00e9<br \/>Dimanche: Ferm\u00e9<\/p><p>Le moyen le plus rapide de nous contacter pendant les heures d&#8217;ouverture est par WhatsApp au num\u00e9ro suivant : +39 350 822 1780, nous essayons \u00e9galement de r\u00e9pondre en dehors des heures d&#8217;ouverture, si vous avez besoin d&#8217;aide avec le processus, vous pouvez toujours nous envoyer des photos afin que nous puissions voir ce qui aurait pu \u00eatre mieux fait.<\/p><p>Vous pouvez \u00e9galement nous contacter par e-mail \u00e0 l&#8217;adresse suivante : info@hydrodipzone.com 24h\/24 et 7j\/7<\/p>\t\t\t\t\t\t<\/div>\n\t\t\t\t<\/div>\n\t\t\t\t<\/div>\n\t\t\t\t\t<\/div>\n\t\t\t\t<\/div>\n\t\t<div class=\"elementor-element elementor-element-4fbfe44 e-flex e-con-boxed wpr-particle-no wpr-jarallax-no wpr-parallax-no wpr-sticky-section-no e-con e-parent\" data-id=\"4fbfe44\" data-element_type=\"container\" data-settings=\"{&quot;background_background&quot;:&quot;classic&quot;}\">\n\t\t\t\t\t<div class=\"e-con-inner\">\n\t\t<div class=\"elementor-element elementor-element-f9127d2 e-con-full e-flex wpr-particle-no wpr-jarallax-no wpr-parallax-no wpr-sticky-section-no e-con e-child\" data-id=\"f9127d2\" data-element_type=\"container\" data-settings=\"{&quot;background_background&quot;:&quot;classic&quot;}\">\n\t\t<div class=\"elementor-element elementor-element-f1f3ac0 e-con-full e-flex wpr-particle-no wpr-jarallax-no wpr-parallax-no wpr-sticky-section-no e-con e-child\" data-id=\"f1f3ac0\" data-element_type=\"container\">\n\t\t<div class=\"elementor-element elementor-element-827016f e-con-full e-flex wpr-particle-no wpr-jarallax-no wpr-parallax-no wpr-sticky-section-no e-con e-child\" data-id=\"827016f\" data-element_type=\"container\" data-settings=\"{&quot;background_background&quot;:&quot;classic&quot;}\">\n\t\t\t\t<div class=\"elementor-element elementor-element-ab3d6bb elementor-view-default elementor-widget elementor-widget-icon\" data-id=\"ab3d6bb\" data-element_type=\"widget\" data-widget_type=\"icon.default\">\n\t\t\t\t<div class=\"elementor-widget-container\">\n\t\t\t\t\t<div class=\"elementor-icon-wrapper\">\n\t\t\t<div class=\"elementor-icon\">\n\t\t\t<svg aria-hidden=\"true\" class=\"e-font-icon-svg e-fab-whatsapp-square\" viewBox=\"0 0 448 512\" xmlns=\"http:\/\/www.w3.org\/2000\/svg\"><path d=\"M224 122.8c-72.7 0-131.8 59.1-131.9 131.8 0 24.9 7 49.2 20.2 70.1l3.1 5-13.3 48.6 49.9-13.1 4.8 2.9c20.2 12 43.4 18.4 67.1 18.4h.1c72.6 0 133.3-59.1 133.3-131.8 0-35.2-15.2-68.3-40.1-93.2-25-25-58-38.7-93.2-38.7zm77.5 188.4c-3.3 9.3-19.1 17.7-26.7 18.8-12.6 1.9-22.4.9-47.5-9.9-39.7-17.2-65.7-57.2-67.7-59.8-2-2.6-16.2-21.5-16.2-41s10.2-29.1 13.9-33.1c3.6-4 7.9-5 10.6-5 2.6 0 5.3 0 7.6.1 2.4.1 5.7-.9 8.9 6.8 3.3 7.9 11.2 27.4 12.2 29.4s1.7 4.3.3 6.9c-7.6 15.2-15.7 14.6-11.6 21.6 15.3 26.3 30.6 35.4 53.9 47.1 4 2 6.3 1.7 8.6-1 2.3-2.6 9.9-11.6 12.5-15.5 2.6-4 5.3-3.3 8.9-2 3.6 1.3 23.1 10.9 27.1 12.9s6.6 3 7.6 4.6c.9 1.9.9 9.9-2.4 19.1zM400 32H48C21.5 32 0 53.5 0 80v352c0 26.5 21.5 48 48 48h352c26.5 0 48-21.5 48-48V80c0-26.5-21.5-48-48-48zM223.9 413.2c-26.6 0-52.7-6.7-75.8-19.3L64 416l22.5-82.2c-13.9-24-21.2-51.3-21.2-79.3C65.4 167.1 136.5 96 223.9 96c42.4 0 82.2 16.5 112.2 46.5 29.9 30 47.9 69.8 47.9 112.2 0 87.4-72.7 158.5-160.1 158.5z\"><\/path><\/svg>\t\t\t<\/div>\n\t\t<\/div>\n\t\t\t\t<\/div>\n\t\t\t\t<\/div>\n\t\t\t\t<div class=\"elementor-element elementor-element-6fe9a40 elementor-widget elementor-widget-text-editor\" data-id=\"6fe9a40\" data-element_type=\"widget\" data-widget_type=\"text-editor.default\">\n\t\t\t\t<div class=\"elementor-widget-container\">\n\t\t\t\t\t\t\t<p>+39 350 822 1780<\/p>\t\t\t\t\t\t<\/div>\n\t\t\t\t<\/div>\n\t\t\t\t<\/div>\n\t\t<div class=\"elementor-element elementor-element-98f4fe1 e-con-full e-flex wpr-particle-no wpr-jarallax-no wpr-parallax-no wpr-sticky-section-no e-con e-child\" data-id=\"98f4fe1\" data-element_type=\"container\" data-settings=\"{&quot;background_background&quot;:&quot;classic&quot;}\">\n\t\t\t\t<div class=\"elementor-element elementor-element-4ba52ff elementor-view-default elementor-widget elementor-widget-icon\" data-id=\"4ba52ff\" data-element_type=\"widget\" data-widget_type=\"icon.default\">\n\t\t\t\t<div class=\"elementor-widget-container\">\n\t\t\t\t\t<div class=\"elementor-icon-wrapper\">\n\t\t\t<div class=\"elementor-icon\">\n\t\t\t<svg aria-hidden=\"true\" class=\"e-font-icon-svg e-fas-map-marker-alt\" viewBox=\"0 0 384 512\" xmlns=\"http:\/\/www.w3.org\/2000\/svg\"><path d=\"M172.268 501.67C26.97 291.031 0 269.413 0 192 0 85.961 85.961 0 192 0s192 85.961 192 192c0 77.413-26.97 99.031-172.268 309.67-9.535 13.774-29.93 13.773-39.464 0zM192 272c44.183 0 80-35.817 80-80s-35.817-80-80-80-80 35.817-80 80 35.817 80 80 80z\"><\/path><\/svg>\t\t\t<\/div>\n\t\t<\/div>\n\t\t\t\t<\/div>\n\t\t\t\t<\/div>\n\t\t\t\t<div class=\"elementor-element elementor-element-f54d20b elementor-widget elementor-widget-text-editor\" data-id=\"f54d20b\" data-element_type=\"widget\" data-widget_type=\"text-editor.default\">\n\t\t\t\t<div class=\"elementor-widget-container\">\n\t\t\t\t\t\t\t<p>5 Rte de Sospel<br \/>06500 <br \/>Menton<br \/>France<\/p>\t\t\t\t\t\t<\/div>\n\t\t\t\t<\/div>\n\t\t\t\t<\/div>\n\t\t<div class=\"elementor-element elementor-element-8fbd6a4 e-con-full e-flex wpr-particle-no wpr-jarallax-no wpr-parallax-no wpr-sticky-section-no e-con e-child\" data-id=\"8fbd6a4\" data-element_type=\"container\" data-settings=\"{&quot;background_background&quot;:&quot;classic&quot;}\">\n\t\t\t\t<div class=\"elementor-element elementor-element-a93ca09 elementor-view-default elementor-widget elementor-widget-icon\" data-id=\"a93ca09\" data-element_type=\"widget\" data-widget_type=\"icon.default\">\n\t\t\t\t<div class=\"elementor-widget-container\">\n\t\t\t\t\t<div class=\"elementor-icon-wrapper\">\n\t\t\t<div class=\"elementor-icon\">\n\t\t\t<svg aria-hidden=\"true\" class=\"e-font-icon-svg e-far-envelope\" viewBox=\"0 0 512 512\" xmlns=\"http:\/\/www.w3.org\/2000\/svg\"><path d=\"M464 64H48C21.49 64 0 85.49 0 112v288c0 26.51 21.49 48 48 48h416c26.51 0 48-21.49 48-48V112c0-26.51-21.49-48-48-48zm0 48v40.805c-22.422 18.259-58.168 46.651-134.587 106.49-16.841 13.247-50.201 45.072-73.413 44.701-23.208.375-56.579-31.459-73.413-44.701C106.18 199.465 70.425 171.067 48 152.805V112h416zM48 400V214.398c22.914 18.251 55.409 43.862 104.938 82.646 21.857 17.205 60.134 55.186 103.062 54.955 42.717.231 80.509-37.199 103.053-54.947 49.528-38.783 82.032-64.401 104.947-82.653V400H48z\"><\/path><\/svg>\t\t\t<\/div>\n\t\t<\/div>\n\t\t\t\t<\/div>\n\t\t\t\t<\/div>\n\t\t\t\t<div class=\"elementor-element elementor-element-2aae527 elementor-widget elementor-widget-text-editor\" data-id=\"2aae527\" data-element_type=\"widget\" data-widget_type=\"text-editor.default\">\n\t\t\t\t<div class=\"elementor-widget-container\">\n\t\t\t\t\t\t\t<p>info@hydrodipzone.com<\/p>\t\t\t\t\t\t<\/div>\n\t\t\t\t<\/div>\n\t\t\t\t<\/div>\n\t\t\t\t<\/div>\n\t\t\t\t<\/div>\n\t\t\t\t\t<\/div>\n\t\t\t\t<\/div>\n\t\t\t\t<\/div>\n\t\t","protected":false},"excerpt":{"rendered":"<p>Des questions sur le proc\u00e9d\u00e9 d&#8217;Hydro Dipping ? Nous sommes l\u00e0 pour vous aider ! Nos heures d&#8217;ouverture sont: Lundi: 09:00 &#8211; 18:00Mardi: 09:00 &#8211; 18:00Mercredi: 09:00 &#8211; 18:00Jeudi: 09:00 &#8211; 18:00Vendredi: 09:00 &#8211; 18:00Samedi: Ferm\u00e9Dimanche: Ferm\u00e9 Le moyen le plus rapide de nous contacter pendant les heures d&#8217;ouverture est par WhatsApp au num\u00e9ro suivant : +39 350 822 1780, nous essayons \u00e9galement de r\u00e9pondre en dehors des heures d&#8217;ouverture, si vous avez besoin d&#8217;aide avec le processus, vous pouvez toujours nous envoyer des photos afin que nous puissions voir ce qui aurait pu \u00eatre mieux fait. Vous pouvez \u00e9galement nous contacter par e-mail \u00e0 l&#8217;adresse suivante : info@hydrodipzone.com 24h\/24 et 7j\/7 +39 350 822 1780 5 Rte de Sospel06500 MentonFrance info@hydrodipzone.com<\/p>\n","protected":false},"author":1,"featured_media":0,"parent":0,"menu_order":0,"comment_status":"closed","ping_status":"closed","template":"elementor_header_footer","meta":{"footnotes":""},"class_list":["post-5332","page","type-page","status-publish","hentry"],"yoast_head":"<!-- This site is optimized with the Yoast SEO plugin v24.3 - https:\/\/yoast.com\/wordpress\/plugins\/seo\/ -->\n<title>Contact - HydroDipZone<\/title>\n<meta name=\"robots\" content=\"index, follow, max-snippet:-1, max-image-preview:large, max-video-preview:-1\" \/>\n<link rel=\"canonical\" href=\"https:\/\/hydrodipzone.com\/film-hydrographique\/contact\/\" \/>\n<meta property=\"og:locale\" content=\"fr_FR\" \/>\n<meta property=\"og:type\" content=\"article\" \/>\n<meta property=\"og:title\" content=\"Contact - HydroDipZone\" \/>\n<meta property=\"og:description\" content=\"Des questions sur le proc\u00e9d\u00e9 d&#8217;Hydro Dipping ? Nous sommes l\u00e0 pour vous aider ! Nos heures d&#8217;ouverture sont: Lundi: 09:00 &#8211; 18:00Mardi: 09:00 &#8211; 18:00Mercredi: 09:00 &#8211; 18:00Jeudi: 09:00 &#8211; 18:00Vendredi: 09:00 &#8211; 18:00Samedi: Ferm\u00e9Dimanche: Ferm\u00e9 Le moyen le plus rapide de nous contacter pendant les heures d&#8217;ouverture est par WhatsApp au num\u00e9ro suivant : +39 350 822 1780, nous essayons \u00e9galement de r\u00e9pondre en dehors des heures d&#8217;ouverture, si vous avez besoin d&#8217;aide avec le processus, vous pouvez toujours nous envoyer des photos afin que nous puissions voir ce qui aurait pu \u00eatre mieux fait. Vous pouvez \u00e9galement nous contacter par e-mail \u00e0 l&#8217;adresse suivante : info@hydrodipzone.com 24h\/24 et 7j\/7 +39 350 822 1780 5 Rte de Sospel06500 MentonFrance info@hydrodipzone.com\" \/>\n<meta property=\"og:url\" content=\"https:\/\/hydrodipzone.com\/film-hydrographique\/contact\/\" \/>\n<meta property=\"og:site_name\" content=\"Boutique de films hydrographiques\" \/>\n<meta property=\"article:modified_time\" content=\"2024-12-27T19:13:17+00:00\" \/>\n<meta name=\"twitter:card\" content=\"summary_large_image\" \/>\n<meta name=\"twitter:label1\" content=\"Dur\u00e9e de lecture estim\u00e9e\" \/>\n\t<meta name=\"twitter:data1\" content=\"1 minute\" \/>\n<script type=\"application\/ld+json\" class=\"yoast-schema-graph\">{\"@context\":\"https:\/\/schema.org\",\"@graph\":[{\"@type\":\"WebPage\",\"@id\":\"https:\/\/hydrodipzone.com\/film-hydrographique\/contact\/\",\"url\":\"https:\/\/hydrodipzone.com\/film-hydrographique\/contact\/\",\"name\":\"Contact - HydroDipZone\",\"isPartOf\":{\"@id\":\"https:\/\/hydrodipzone.com\/film-hydrographique\/#website\"},\"datePublished\":\"2024-11-14T22:53:54+00:00\",\"dateModified\":\"2024-12-27T19:13:17+00:00\",\"breadcrumb\":{\"@id\":\"https:\/\/hydrodipzone.com\/film-hydrographique\/contact\/#breadcrumb\"},\"inLanguage\":\"fr-FR\",\"potentialAction\":[{\"@type\":\"ReadAction\",\"target\":[\"https:\/\/hydrodipzone.com\/film-hydrographique\/contact\/\"]}]},{\"@type\":\"BreadcrumbList\",\"@id\":\"https:\/\/hydrodipzone.com\/film-hydrographique\/contact\/#breadcrumb\",\"itemListElement\":[{\"@type\":\"ListItem\",\"position\":1,\"name\":\"Home\",\"item\":\"https:\/\/hydrodipzone.com\/film-hydrographique\/\"},{\"@type\":\"ListItem\",\"position\":2,\"name\":\"Contact\"}]},{\"@type\":\"WebSite\",\"@id\":\"https:\/\/hydrodipzone.com\/film-hydrographique\/#website\",\"url\":\"https:\/\/hydrodipzone.com\/film-hydrographique\/\",\"name\":\"HydroDipZone\",\"description\":\"Tout ce dont vous avez besoin pour Hydro Dipping \u00e0 la maison\",\"publisher\":{\"@id\":\"https:\/\/hydrodipzone.com\/film-hydrographique\/#organization\"},\"potentialAction\":[{\"@type\":\"SearchAction\",\"target\":{\"@type\":\"EntryPoint\",\"urlTemplate\":\"https:\/\/hydrodipzone.com\/film-hydrographique\/?s={search_term_string}\"},\"query-input\":{\"@type\":\"PropertyValueSpecification\",\"valueRequired\":true,\"valueName\":\"search_term_string\"}}],\"inLanguage\":\"fr-FR\"},{\"@type\":\"Organization\",\"@id\":\"https:\/\/hydrodipzone.com\/film-hydrographique\/#organization\",\"name\":\"hydrodipzone.com\",\"url\":\"https:\/\/hydrodipzone.com\/film-hydrographique\/\",\"logo\":{\"@type\":\"ImageObject\",\"inLanguage\":\"fr-FR\",\"@id\":\"https:\/\/hydrodipzone.com\/film-hydrographique\/#\/schema\/logo\/image\/\",\"url\":\"https:\/\/hydrodipzone.com\/film-hydrographique\/wp-content\/uploads\/sites\/4\/2024\/11\/HydroDipZone-landscape-logo-2000px-x-700px-NO-BG.png\",\"contentUrl\":\"https:\/\/hydrodipzone.com\/film-hydrographique\/wp-content\/uploads\/sites\/4\/2024\/11\/HydroDipZone-landscape-logo-2000px-x-700px-NO-BG.png\",\"width\":2000,\"height\":700,\"caption\":\"hydrodipzone.com\"},\"image\":{\"@id\":\"https:\/\/hydrodipzone.com\/film-hydrographique\/#\/schema\/logo\/image\/\"}}]}<\/script>\n<!-- \/ Yoast SEO plugin. -->","yoast_head_json":{"title":"Contact - HydroDipZone","robots":{"index":"index","follow":"follow","max-snippet":"max-snippet:-1","max-image-preview":"max-image-preview:large","max-video-preview":"max-video-preview:-1"},"canonical":"https:\/\/hydrodipzone.com\/film-hydrographique\/contact\/","og_locale":"fr_FR","og_type":"article","og_title":"Contact - HydroDipZone","og_description":"Des questions sur le proc\u00e9d\u00e9 d&#8217;Hydro Dipping ? Nous sommes l\u00e0 pour vous aider ! Nos heures d&#8217;ouverture sont: Lundi: 09:00 &#8211; 18:00Mardi: 09:00 &#8211; 18:00Mercredi: 09:00 &#8211; 18:00Jeudi: 09:00 &#8211; 18:00Vendredi: 09:00 &#8211; 18:00Samedi: Ferm\u00e9Dimanche: Ferm\u00e9 Le moyen le plus rapide de nous contacter pendant les heures d&#8217;ouverture est par WhatsApp au num\u00e9ro suivant : +39 350 822 1780, nous essayons \u00e9galement de r\u00e9pondre en dehors des heures d&#8217;ouverture, si vous avez besoin d&#8217;aide avec le processus, vous pouvez toujours nous envoyer des photos afin que nous puissions voir ce qui aurait pu \u00eatre mieux fait. Vous pouvez \u00e9galement nous contacter par e-mail \u00e0 l&#8217;adresse suivante : info@hydrodipzone.com 24h\/24 et 7j\/7 +39 350 822 1780 5 Rte de Sospel06500 MentonFrance info@hydrodipzone.com","og_url":"https:\/\/hydrodipzone.com\/film-hydrographique\/contact\/","og_site_name":"Boutique de films hydrographiques","article_modified_time":"2024-12-27T19:13:17+00:00","twitter_card":"summary_large_image","twitter_misc":{"Dur\u00e9e de lecture estim\u00e9e":"1 minute"},"schema":{"@context":"https:\/\/schema.org","@graph":[{"@type":"WebPage","@id":"https:\/\/hydrodipzone.com\/film-hydrographique\/contact\/","url":"https:\/\/hydrodipzone.com\/film-hydrographique\/contact\/","name":"Contact - HydroDipZone","isPartOf":{"@id":"https:\/\/hydrodipzone.com\/film-hydrographique\/#website"},"datePublished":"2024-11-14T22:53:54+00:00","dateModified":"2024-12-27T19:13:17+00:00","breadcrumb":{"@id":"https:\/\/hydrodipzone.com\/film-hydrographique\/contact\/#breadcrumb"},"inLanguage":"fr-FR","potentialAction":[{"@type":"ReadAction","target":["https:\/\/hydrodipzone.com\/film-hydrographique\/contact\/"]}]},{"@type":"BreadcrumbList","@id":"https:\/\/hydrodipzone.com\/film-hydrographique\/contact\/#breadcrumb","itemListElement":[{"@type":"ListItem","position":1,"name":"Home","item":"https:\/\/hydrodipzone.com\/film-hydrographique\/"},{"@type":"ListItem","position":2,"name":"Contact"}]},{"@type":"WebSite","@id":"https:\/\/hydrodipzone.com\/film-hydrographique\/#website","url":"https:\/\/hydrodipzone.com\/film-hydrographique\/","name":"HydroDipZone","description":"Tout ce dont vous avez besoin pour Hydro Dipping \u00e0 la maison","publisher":{"@id":"https:\/\/hydrodipzone.com\/film-hydrographique\/#organization"},"potentialAction":[{"@type":"SearchAction","target":{"@type":"EntryPoint","urlTemplate":"https:\/\/hydrodipzone.com\/film-hydrographique\/?s={search_term_string}"},"query-input":{"@type":"PropertyValueSpecification","valueRequired":true,"valueName":"search_term_string"}}],"inLanguage":"fr-FR"},{"@type":"Organization","@id":"https:\/\/hydrodipzone.com\/film-hydrographique\/#organization","name":"hydrodipzone.com","url":"https:\/\/hydrodipzone.com\/film-hydrographique\/","logo":{"@type":"ImageObject","inLanguage":"fr-FR","@id":"https:\/\/hydrodipzone.com\/film-hydrographique\/#\/schema\/logo\/image\/","url":"https:\/\/hydrodipzone.com\/film-hydrographique\/wp-content\/uploads\/sites\/4\/2024\/11\/HydroDipZone-landscape-logo-2000px-x-700px-NO-BG.png","contentUrl":"https:\/\/hydrodipzone.com\/film-hydrographique\/wp-content\/uploads\/sites\/4\/2024\/11\/HydroDipZone-landscape-logo-2000px-x-700px-NO-BG.png","width":2000,"height":700,"caption":"hydrodipzone.com"},"image":{"@id":"https:\/\/hydrodipzone.com\/film-hydrographique\/#\/schema\/logo\/image\/"}}]}},"_links":{"self":[{"href":"https:\/\/hydrodipzone.com\/film-hydrographique\/wp-json\/wp\/v2\/pages\/5332","targetHints":{"allow":["GET"]}}],"collection":[{"href":"https:\/\/hydrodipzone.com\/film-hydrographique\/wp-json\/wp\/v2\/pages"}],"about":[{"href":"https:\/\/hydrodipzone.com\/film-hydrographique\/wp-json\/wp\/v2\/types\/page"}],"author":[{"embeddable":true,"href":"https:\/\/hydrodipzone.com\/film-hydrographique\/wp-json\/wp\/v2\/users\/1"}],"replies":[{"embeddable":true,"href":"https:\/\/hydrodipzone.com\/film-hydrographique\/wp-json\/wp\/v2\/comments?post=5332"}],"version-history":[{"count":27,"href":"https:\/\/hydrodipzone.com\/film-hydrographique\/wp-json\/wp\/v2\/pages\/5332\/revisions"}],"predecessor-version":[{"id":7585,"href":"https:\/\/hydrodipzone.com\/film-hydrographique\/wp-json\/wp\/v2\/pages\/5332\/revisions\/7585"}],"wp:attachment":[{"href":"https:\/\/hydrodipzone.com\/film-hydrographique\/wp-json\/wp\/v2\/media?parent=5332"}],"curies":[{"name":"wp","href":"https:\/\/api.w.org\/{rel}","templated":true}]}}