{"id":7203,"date":"2024-11-30T00:03:35","date_gmt":"2024-11-29T23:03:35","guid":{"rendered":"https:\/\/hydrodipzone.com\/film-hydrographique\/?post_type=product&#038;p=7203"},"modified":"2024-12-11T01:43:56","modified_gmt":"2024-12-11T00:43:56","slug":"ral-9005-black-primer-400ml-aerosol","status":"publish","type":"product","link":"https:\/\/hydrodipzone.com\/film-hydrographique\/product\/ral-9005-black-primer-400ml-aerosol\/","title":{"rendered":"Appr\u00eat noir RAL 9005 en A\u00e9rosol de 400 ml"},"content":{"rendered":"","protected":false},"excerpt":{"rendered":"<p>L&#8217;appr\u00eat noir RAL 9005 en a\u00e9rosol de 400 ml est un appr\u00eat de haute qualit\u00e9 con\u00e7u pour fournir une base lisse et durable pour l&#8217;hydrodipping et d&#8217;autres projets personnalis\u00e9s. Sa teinte noire profonde am\u00e9liore l&#8217;\u00e9clat et le contraste de vos cr\u00e9ations, tandis que sa formule \u00e0 s\u00e9chage rapide assure une application rapide et efficace. Adapt\u00e9 \u00e0 diverses surfaces telles que le plastique, le m\u00e9tal et le bois, cet appr\u00eat assure une excellente adh\u00e9rence et une finition impeccable. Parfait pour les professionnels et les bricoleurs, c&#8217;est le point de d\u00e9part id\u00e9al pour obtenir des r\u00e9sultats durables et de qualit\u00e9 professionnelle.<\/p>\n","protected":false},"featured_media":7230,"comment_status":"open","ping_status":"closed","template":"","meta":[],"product_brand":[],"product_cat":[51],"product_tag":[],"class_list":{"0":"post-7203","1":"product","2":"type-product","3":"status-publish","4":"has-post-thumbnail","6":"product_cat-hydro-dipping-accessories","8":"first","9":"instock","10":"taxable","11":"shipping-taxable","12":"purchasable","13":"product-type-simple"},"yoast_head":"<!-- This site is optimized with the Yoast SEO plugin v24.3 - https:\/\/yoast.com\/wordpress\/plugins\/seo\/ -->\n<title>Appr\u00eat noir RAL 9005 en A\u00e9rosol de 400 ml - HydroDipZone<\/title>\n<meta name=\"description\" content=\"Appr\u00eat noir RAL 9005 en A\u00e9rosol de 400 ml, durable et professionnel, id\u00e9al pour des applications vari\u00e9es. Parfait pour vos projets cr\u00e9atifs !\" \/>\n<meta name=\"robots\" content=\"index, follow, max-snippet:-1, max-image-preview:large, max-video-preview:-1\" \/>\n<link rel=\"canonical\" href=\"https:\/\/hydrodipzone.com\/film-hydrographique\/product\/ral-9005-black-primer-400ml-aerosol\/\" \/>\n<meta property=\"og:locale\" content=\"fr_FR\" \/>\n<meta property=\"og:type\" content=\"article\" \/>\n<meta property=\"og:title\" content=\"Appr\u00eat noir RAL 9005 en A\u00e9rosol de 400 ml - HydroDipZone\" \/>\n<meta property=\"og:description\" content=\"Appr\u00eat noir RAL 9005 en A\u00e9rosol de 400 ml, durable et professionnel, id\u00e9al pour des applications vari\u00e9es. Parfait pour vos projets cr\u00e9atifs !\" \/>\n<meta property=\"og:url\" content=\"https:\/\/hydrodipzone.com\/film-hydrographique\/product\/ral-9005-black-primer-400ml-aerosol\/\" \/>\n<meta property=\"og:site_name\" content=\"Boutique de films hydrographiques\" \/>\n<meta property=\"article:modified_time\" content=\"2024-12-11T00:43:56+00:00\" \/>\n<meta property=\"og:image\" content=\"https:\/\/hydrodipzone.com\/film-hydrographique\/wp-content\/uploads\/sites\/4\/2024\/11\/RAL-9005-Black-HydroDipZone-400ml-Aerosol-1.jpg\" \/>\n\t<meta property=\"og:image:width\" content=\"1000\" \/>\n\t<meta property=\"og:image:height\" content=\"1000\" \/>\n\t<meta property=\"og:image:type\" content=\"image\/jpeg\" \/>\n<meta name=\"twitter:card\" content=\"summary_large_image\" \/>\n<meta name=\"twitter:label1\" content=\"Dur\u00e9e de lecture estim\u00e9e\" \/>\n\t<meta name=\"twitter:data1\" content=\"1 minute\" \/>\n<script type=\"application\/ld+json\" class=\"yoast-schema-graph\">{\"@context\":\"https:\/\/schema.org\",\"@graph\":[{\"@type\":\"WebPage\",\"@id\":\"https:\/\/hydrodipzone.com\/film-hydrographique\/product\/ral-9005-black-primer-400ml-aerosol\/\",\"url\":\"https:\/\/hydrodipzone.com\/film-hydrographique\/product\/ral-9005-black-primer-400ml-aerosol\/\",\"name\":\"Appr\u00eat noir RAL 9005 en A\u00e9rosol de 400 ml - HydroDipZone\",\"isPartOf\":{\"@id\":\"https:\/\/hydrodipzone.com\/film-hydrographique\/#website\"},\"primaryImageOfPage\":{\"@id\":\"https:\/\/hydrodipzone.com\/film-hydrographique\/product\/ral-9005-black-primer-400ml-aerosol\/#primaryimage\"},\"image\":{\"@id\":\"https:\/\/hydrodipzone.com\/film-hydrographique\/product\/ral-9005-black-primer-400ml-aerosol\/#primaryimage\"},\"thumbnailUrl\":\"https:\/\/hydrodipzone.com\/film-hydrographique\/wp-content\/uploads\/sites\/4\/2024\/11\/RAL-9005-Black-HydroDipZone-400ml-Aerosol-1.jpg\",\"datePublished\":\"2024-11-29T23:03:35+00:00\",\"dateModified\":\"2024-12-11T00:43:56+00:00\",\"description\":\"Appr\u00eat noir RAL 9005 en A\u00e9rosol de 400 ml, durable et professionnel, id\u00e9al pour des applications vari\u00e9es. Parfait pour vos projets cr\u00e9atifs !\",\"breadcrumb\":{\"@id\":\"https:\/\/hydrodipzone.com\/film-hydrographique\/product\/ral-9005-black-primer-400ml-aerosol\/#breadcrumb\"},\"inLanguage\":\"fr-FR\",\"potentialAction\":[{\"@type\":\"ReadAction\",\"target\":[\"https:\/\/hydrodipzone.com\/film-hydrographique\/product\/ral-9005-black-primer-400ml-aerosol\/\"]}]},{\"@type\":\"ImageObject\",\"inLanguage\":\"fr-FR\",\"@id\":\"https:\/\/hydrodipzone.com\/film-hydrographique\/product\/ral-9005-black-primer-400ml-aerosol\/#primaryimage\",\"url\":\"https:\/\/hydrodipzone.com\/film-hydrographique\/wp-content\/uploads\/sites\/4\/2024\/11\/RAL-9005-Black-HydroDipZone-400ml-Aerosol-1.jpg\",\"contentUrl\":\"https:\/\/hydrodipzone.com\/film-hydrographique\/wp-content\/uploads\/sites\/4\/2024\/11\/RAL-9005-Black-HydroDipZone-400ml-Aerosol-1.jpg\",\"width\":1000,\"height\":1000},{\"@type\":\"BreadcrumbList\",\"@id\":\"https:\/\/hydrodipzone.com\/film-hydrographique\/product\/ral-9005-black-primer-400ml-aerosol\/#breadcrumb\",\"itemListElement\":[{\"@type\":\"ListItem\",\"position\":1,\"name\":\"Home\",\"item\":\"https:\/\/hydrodipzone.com\/film-hydrographique\/\"},{\"@type\":\"ListItem\",\"position\":2,\"name\":\"Products\",\"item\":\"https:\/\/hydrodipzone.com\/film-hydrographique\/shop\/\"},{\"@type\":\"ListItem\",\"position\":3,\"name\":\"Appr\u00eat noir RAL 9005 en A\u00e9rosol de 400 ml\"}]},{\"@type\":\"WebSite\",\"@id\":\"https:\/\/hydrodipzone.com\/film-hydrographique\/#website\",\"url\":\"https:\/\/hydrodipzone.com\/film-hydrographique\/\",\"name\":\"HydroDipZone\",\"description\":\"Tout ce dont vous avez besoin pour Hydro Dipping \u00e0 la maison\",\"publisher\":{\"@id\":\"https:\/\/hydrodipzone.com\/film-hydrographique\/#organization\"},\"potentialAction\":[{\"@type\":\"SearchAction\",\"target\":{\"@type\":\"EntryPoint\",\"urlTemplate\":\"https:\/\/hydrodipzone.com\/film-hydrographique\/?s={search_term_string}\"},\"query-input\":{\"@type\":\"PropertyValueSpecification\",\"valueRequired\":true,\"valueName\":\"search_term_string\"}}],\"inLanguage\":\"fr-FR\"},{\"@type\":\"Organization\",\"@id\":\"https:\/\/hydrodipzone.com\/film-hydrographique\/#organization\",\"name\":\"hydrodipzone.com\",\"url\":\"https:\/\/hydrodipzone.com\/film-hydrographique\/\",\"logo\":{\"@type\":\"ImageObject\",\"inLanguage\":\"fr-FR\",\"@id\":\"https:\/\/hydrodipzone.com\/film-hydrographique\/#\/schema\/logo\/image\/\",\"url\":\"https:\/\/hydrodipzone.com\/film-hydrographique\/wp-content\/uploads\/sites\/4\/2024\/11\/HydroDipZone-landscape-logo-2000px-x-700px-NO-BG.png\",\"contentUrl\":\"https:\/\/hydrodipzone.com\/film-hydrographique\/wp-content\/uploads\/sites\/4\/2024\/11\/HydroDipZone-landscape-logo-2000px-x-700px-NO-BG.png\",\"width\":2000,\"height\":700,\"caption\":\"hydrodipzone.com\"},\"image\":{\"@id\":\"https:\/\/hydrodipzone.com\/film-hydrographique\/#\/schema\/logo\/image\/\"}}]}<\/script>\n<!-- \/ Yoast SEO plugin. -->","yoast_head_json":{"title":"Appr\u00eat noir RAL 9005 en A\u00e9rosol de 400 ml - HydroDipZone","description":"Appr\u00eat noir RAL 9005 en A\u00e9rosol de 400 ml, durable et professionnel, id\u00e9al pour des applications vari\u00e9es. Parfait pour vos projets cr\u00e9atifs !","robots":{"index":"index","follow":"follow","max-snippet":"max-snippet:-1","max-image-preview":"max-image-preview:large","max-video-preview":"max-video-preview:-1"},"canonical":"https:\/\/hydrodipzone.com\/film-hydrographique\/product\/ral-9005-black-primer-400ml-aerosol\/","og_locale":"fr_FR","og_type":"article","og_title":"Appr\u00eat noir RAL 9005 en A\u00e9rosol de 400 ml - HydroDipZone","og_description":"Appr\u00eat noir RAL 9005 en A\u00e9rosol de 400 ml, durable et professionnel, id\u00e9al pour des applications vari\u00e9es. Parfait pour vos projets cr\u00e9atifs !","og_url":"https:\/\/hydrodipzone.com\/film-hydrographique\/product\/ral-9005-black-primer-400ml-aerosol\/","og_site_name":"Boutique de films hydrographiques","article_modified_time":"2024-12-11T00:43:56+00:00","og_image":[{"width":1000,"height":1000,"url":"https:\/\/hydrodipzone.com\/film-hydrographique\/wp-content\/uploads\/sites\/4\/2024\/11\/RAL-9005-Black-HydroDipZone-400ml-Aerosol-1.jpg","type":"image\/jpeg"}],"twitter_card":"summary_large_image","twitter_misc":{"Dur\u00e9e de lecture estim\u00e9e":"1 minute"},"schema":{"@context":"https:\/\/schema.org","@graph":[{"@type":"WebPage","@id":"https:\/\/hydrodipzone.com\/film-hydrographique\/product\/ral-9005-black-primer-400ml-aerosol\/","url":"https:\/\/hydrodipzone.com\/film-hydrographique\/product\/ral-9005-black-primer-400ml-aerosol\/","name":"Appr\u00eat noir RAL 9005 en A\u00e9rosol de 400 ml - HydroDipZone","isPartOf":{"@id":"https:\/\/hydrodipzone.com\/film-hydrographique\/#website"},"primaryImageOfPage":{"@id":"https:\/\/hydrodipzone.com\/film-hydrographique\/product\/ral-9005-black-primer-400ml-aerosol\/#primaryimage"},"image":{"@id":"https:\/\/hydrodipzone.com\/film-hydrographique\/product\/ral-9005-black-primer-400ml-aerosol\/#primaryimage"},"thumbnailUrl":"https:\/\/hydrodipzone.com\/film-hydrographique\/wp-content\/uploads\/sites\/4\/2024\/11\/RAL-9005-Black-HydroDipZone-400ml-Aerosol-1.jpg","datePublished":"2024-11-29T23:03:35+00:00","dateModified":"2024-12-11T00:43:56+00:00","description":"Appr\u00eat noir RAL 9005 en A\u00e9rosol de 400 ml, durable et professionnel, id\u00e9al pour des applications vari\u00e9es. Parfait pour vos projets cr\u00e9atifs !","breadcrumb":{"@id":"https:\/\/hydrodipzone.com\/film-hydrographique\/product\/ral-9005-black-primer-400ml-aerosol\/#breadcrumb"},"inLanguage":"fr-FR","potentialAction":[{"@type":"ReadAction","target":["https:\/\/hydrodipzone.com\/film-hydrographique\/product\/ral-9005-black-primer-400ml-aerosol\/"]}]},{"@type":"ImageObject","inLanguage":"fr-FR","@id":"https:\/\/hydrodipzone.com\/film-hydrographique\/product\/ral-9005-black-primer-400ml-aerosol\/#primaryimage","url":"https:\/\/hydrodipzone.com\/film-hydrographique\/wp-content\/uploads\/sites\/4\/2024\/11\/RAL-9005-Black-HydroDipZone-400ml-Aerosol-1.jpg","contentUrl":"https:\/\/hydrodipzone.com\/film-hydrographique\/wp-content\/uploads\/sites\/4\/2024\/11\/RAL-9005-Black-HydroDipZone-400ml-Aerosol-1.jpg","width":1000,"height":1000},{"@type":"BreadcrumbList","@id":"https:\/\/hydrodipzone.com\/film-hydrographique\/product\/ral-9005-black-primer-400ml-aerosol\/#breadcrumb","itemListElement":[{"@type":"ListItem","position":1,"name":"Home","item":"https:\/\/hydrodipzone.com\/film-hydrographique\/"},{"@type":"ListItem","position":2,"name":"Products","item":"https:\/\/hydrodipzone.com\/film-hydrographique\/shop\/"},{"@type":"ListItem","position":3,"name":"Appr\u00eat noir RAL 9005 en A\u00e9rosol de 400 ml"}]},{"@type":"WebSite","@id":"https:\/\/hydrodipzone.com\/film-hydrographique\/#website","url":"https:\/\/hydrodipzone.com\/film-hydrographique\/","name":"HydroDipZone","description":"Tout ce dont vous avez besoin pour Hydro Dipping \u00e0 la maison","publisher":{"@id":"https:\/\/hydrodipzone.com\/film-hydrographique\/#organization"},"potentialAction":[{"@type":"SearchAction","target":{"@type":"EntryPoint","urlTemplate":"https:\/\/hydrodipzone.com\/film-hydrographique\/?s={search_term_string}"},"query-input":{"@type":"PropertyValueSpecification","valueRequired":true,"valueName":"search_term_string"}}],"inLanguage":"fr-FR"},{"@type":"Organization","@id":"https:\/\/hydrodipzone.com\/film-hydrographique\/#organization","name":"hydrodipzone.com","url":"https:\/\/hydrodipzone.com\/film-hydrographique\/","logo":{"@type":"ImageObject","inLanguage":"fr-FR","@id":"https:\/\/hydrodipzone.com\/film-hydrographique\/#\/schema\/logo\/image\/","url":"https:\/\/hydrodipzone.com\/film-hydrographique\/wp-content\/uploads\/sites\/4\/2024\/11\/HydroDipZone-landscape-logo-2000px-x-700px-NO-BG.png","contentUrl":"https:\/\/hydrodipzone.com\/film-hydrographique\/wp-content\/uploads\/sites\/4\/2024\/11\/HydroDipZone-landscape-logo-2000px-x-700px-NO-BG.png","width":2000,"height":700,"caption":"hydrodipzone.com"},"image":{"@id":"https:\/\/hydrodipzone.com\/film-hydrographique\/#\/schema\/logo\/image\/"}}]}},"_links":{"self":[{"href":"https:\/\/hydrodipzone.com\/film-hydrographique\/wp-json\/wp\/v2\/product\/7203","targetHints":{"allow":["GET"]}}],"collection":[{"href":"https:\/\/hydrodipzone.com\/film-hydrographique\/wp-json\/wp\/v2\/product"}],"about":[{"href":"https:\/\/hydrodipzone.com\/film-hydrographique\/wp-json\/wp\/v2\/types\/product"}],"replies":[{"embeddable":true,"href":"https:\/\/hydrodipzone.com\/film-hydrographique\/wp-json\/wp\/v2\/comments?post=7203"}],"wp:featuredmedia":[{"embeddable":true,"href":"https:\/\/hydrodipzone.com\/film-hydrographique\/wp-json\/wp\/v2\/media\/7230"}],"wp:attachment":[{"href":"https:\/\/hydrodipzone.com\/film-hydrographique\/wp-json\/wp\/v2\/media?parent=7203"}],"wp:term":[{"taxonomy":"product_brand","embeddable":true,"href":"https:\/\/hydrodipzone.com\/film-hydrographique\/wp-json\/wp\/v2\/product_brand?post=7203"},{"taxonomy":"product_cat","embeddable":true,"href":"https:\/\/hydrodipzone.com\/film-hydrographique\/wp-json\/wp\/v2\/product_cat?post=7203"},{"taxonomy":"product_tag","embeddable":true,"href":"https:\/\/hydrodipzone.com\/film-hydrographique\/wp-json\/wp\/v2\/product_tag?post=7203"}],"curies":[{"name":"wp","href":"https:\/\/api.w.org\/{rel}","templated":true}]}}