{"id":7207,"date":"2024-11-30T00:20:57","date_gmt":"2024-11-29T23:20:57","guid":{"rendered":"https:\/\/hydrodipzone.com\/film-hydrographique\/?post_type=product&#038;p=7207"},"modified":"2024-12-11T01:43:56","modified_gmt":"2024-12-11T00:43:56","slug":"ral-7016-antracite-primer-400ml-aerosol","status":"publish","type":"product","link":"https:\/\/hydrodipzone.com\/film-hydrographique\/product\/ral-7016-antracite-primer-400ml-aerosol\/","title":{"rendered":"Appr\u00eat Antracite RAL 7016 A\u00e9rosol 400ml"},"content":{"rendered":"","protected":false},"excerpt":{"rendered":"<p>L&#8217;appr\u00eat anthracite RAL 7016 en a\u00e9rosol pratique de 400 ml est un appr\u00eat polyvalent con\u00e7u pour l&#8217;hydrodip et d&#8217;autres applications cr\u00e9atives. Son riche ton gris anthracite offre une base neutre et \u00e9l\u00e9gante qui am\u00e9liore la profondeur du design et assure une excellente adh\u00e9rence pour une vari\u00e9t\u00e9 de surfaces, y compris le plastique, le m\u00e9tal et le bois. Avec une formule \u00e0 s\u00e9chage rapide, cet appr\u00eat permet une application efficace, vous faisant gagner du temps sans compromettre la qualit\u00e9. Que vous soyez un professionnel ou un amateur, l&#8217;appr\u00eat HydroDipZone RAL 7016 est le choix parfait pour obtenir facilement une finition durable et professionnelle.<\/p>\n","protected":false},"featured_media":7222,"comment_status":"open","ping_status":"closed","template":"","meta":[],"product_brand":[],"product_cat":[51],"product_tag":[],"class_list":{"0":"post-7207","1":"product","2":"type-product","3":"status-publish","4":"has-post-thumbnail","6":"product_cat-hydro-dipping-accessories","8":"first","9":"instock","10":"taxable","11":"shipping-taxable","12":"purchasable","13":"product-type-simple"},"yoast_head":"<!-- This site is optimized with the Yoast SEO plugin v24.3 - https:\/\/yoast.com\/wordpress\/plugins\/seo\/ -->\n<title>Appr\u00eat Antracite RAL 7016 A\u00e9rosol 400ml - HydroDipZone<\/title>\n<meta name=\"description\" content=\"Appr\u00eat Antracite RAL 7016 A\u00e9rosol 400ml, durable et professionnel, id\u00e9al pour des applications vari\u00e9es. Transformez vos projets d\u00e8s aujourd&#039;hui !\" \/>\n<meta name=\"robots\" content=\"index, follow, max-snippet:-1, max-image-preview:large, max-video-preview:-1\" \/>\n<link rel=\"canonical\" href=\"https:\/\/hydrodipzone.com\/film-hydrographique\/product\/ral-7016-antracite-primer-400ml-aerosol\/\" \/>\n<meta property=\"og:locale\" content=\"fr_FR\" \/>\n<meta property=\"og:type\" content=\"article\" \/>\n<meta property=\"og:title\" content=\"Appr\u00eat Antracite RAL 7016 A\u00e9rosol 400ml - HydroDipZone\" \/>\n<meta property=\"og:description\" content=\"Appr\u00eat Antracite RAL 7016 A\u00e9rosol 400ml, durable et professionnel, id\u00e9al pour des applications vari\u00e9es. Transformez vos projets d\u00e8s aujourd&#039;hui !\" \/>\n<meta property=\"og:url\" content=\"https:\/\/hydrodipzone.com\/film-hydrographique\/product\/ral-7016-antracite-primer-400ml-aerosol\/\" \/>\n<meta property=\"og:site_name\" content=\"Boutique de films hydrographiques\" \/>\n<meta property=\"article:modified_time\" content=\"2024-12-11T00:43:56+00:00\" \/>\n<meta property=\"og:image\" content=\"https:\/\/hydrodipzone.com\/film-hydrographique\/wp-content\/uploads\/sites\/4\/2024\/11\/RAL-7016-Antracite-Primer-HydroDipZone-400ml-Aerosol.jpg\" \/>\n\t<meta property=\"og:image:width\" content=\"1000\" \/>\n\t<meta property=\"og:image:height\" content=\"1000\" \/>\n\t<meta property=\"og:image:type\" content=\"image\/jpeg\" \/>\n<meta name=\"twitter:card\" content=\"summary_large_image\" \/>\n<meta name=\"twitter:label1\" content=\"Dur\u00e9e de lecture estim\u00e9e\" \/>\n\t<meta name=\"twitter:data1\" content=\"1 minute\" \/>\n<script type=\"application\/ld+json\" class=\"yoast-schema-graph\">{\"@context\":\"https:\/\/schema.org\",\"@graph\":[{\"@type\":\"WebPage\",\"@id\":\"https:\/\/hydrodipzone.com\/film-hydrographique\/product\/ral-7016-antracite-primer-400ml-aerosol\/\",\"url\":\"https:\/\/hydrodipzone.com\/film-hydrographique\/product\/ral-7016-antracite-primer-400ml-aerosol\/\",\"name\":\"Appr\u00eat Antracite RAL 7016 A\u00e9rosol 400ml - HydroDipZone\",\"isPartOf\":{\"@id\":\"https:\/\/hydrodipzone.com\/film-hydrographique\/#website\"},\"primaryImageOfPage\":{\"@id\":\"https:\/\/hydrodipzone.com\/film-hydrographique\/product\/ral-7016-antracite-primer-400ml-aerosol\/#primaryimage\"},\"image\":{\"@id\":\"https:\/\/hydrodipzone.com\/film-hydrographique\/product\/ral-7016-antracite-primer-400ml-aerosol\/#primaryimage\"},\"thumbnailUrl\":\"https:\/\/hydrodipzone.com\/film-hydrographique\/wp-content\/uploads\/sites\/4\/2024\/11\/RAL-7016-Antracite-Primer-HydroDipZone-400ml-Aerosol.jpg\",\"datePublished\":\"2024-11-29T23:20:57+00:00\",\"dateModified\":\"2024-12-11T00:43:56+00:00\",\"description\":\"Appr\u00eat Antracite RAL 7016 A\u00e9rosol 400ml, durable et professionnel, id\u00e9al pour des applications vari\u00e9es. Transformez vos projets d\u00e8s aujourd'hui !\",\"breadcrumb\":{\"@id\":\"https:\/\/hydrodipzone.com\/film-hydrographique\/product\/ral-7016-antracite-primer-400ml-aerosol\/#breadcrumb\"},\"inLanguage\":\"fr-FR\",\"potentialAction\":[{\"@type\":\"ReadAction\",\"target\":[\"https:\/\/hydrodipzone.com\/film-hydrographique\/product\/ral-7016-antracite-primer-400ml-aerosol\/\"]}]},{\"@type\":\"ImageObject\",\"inLanguage\":\"fr-FR\",\"@id\":\"https:\/\/hydrodipzone.com\/film-hydrographique\/product\/ral-7016-antracite-primer-400ml-aerosol\/#primaryimage\",\"url\":\"https:\/\/hydrodipzone.com\/film-hydrographique\/wp-content\/uploads\/sites\/4\/2024\/11\/RAL-7016-Antracite-Primer-HydroDipZone-400ml-Aerosol.jpg\",\"contentUrl\":\"https:\/\/hydrodipzone.com\/film-hydrographique\/wp-content\/uploads\/sites\/4\/2024\/11\/RAL-7016-Antracite-Primer-HydroDipZone-400ml-Aerosol.jpg\",\"width\":1000,\"height\":1000},{\"@type\":\"BreadcrumbList\",\"@id\":\"https:\/\/hydrodipzone.com\/film-hydrographique\/product\/ral-7016-antracite-primer-400ml-aerosol\/#breadcrumb\",\"itemListElement\":[{\"@type\":\"ListItem\",\"position\":1,\"name\":\"Home\",\"item\":\"https:\/\/hydrodipzone.com\/film-hydrographique\/\"},{\"@type\":\"ListItem\",\"position\":2,\"name\":\"Products\",\"item\":\"https:\/\/hydrodipzone.com\/film-hydrographique\/shop\/\"},{\"@type\":\"ListItem\",\"position\":3,\"name\":\"Appr\u00eat Antracite RAL 7016 A\u00e9rosol 400ml\"}]},{\"@type\":\"WebSite\",\"@id\":\"https:\/\/hydrodipzone.com\/film-hydrographique\/#website\",\"url\":\"https:\/\/hydrodipzone.com\/film-hydrographique\/\",\"name\":\"HydroDipZone\",\"description\":\"Tout ce dont vous avez besoin pour Hydro Dipping \u00e0 la maison\",\"publisher\":{\"@id\":\"https:\/\/hydrodipzone.com\/film-hydrographique\/#organization\"},\"potentialAction\":[{\"@type\":\"SearchAction\",\"target\":{\"@type\":\"EntryPoint\",\"urlTemplate\":\"https:\/\/hydrodipzone.com\/film-hydrographique\/?s={search_term_string}\"},\"query-input\":{\"@type\":\"PropertyValueSpecification\",\"valueRequired\":true,\"valueName\":\"search_term_string\"}}],\"inLanguage\":\"fr-FR\"},{\"@type\":\"Organization\",\"@id\":\"https:\/\/hydrodipzone.com\/film-hydrographique\/#organization\",\"name\":\"hydrodipzone.com\",\"url\":\"https:\/\/hydrodipzone.com\/film-hydrographique\/\",\"logo\":{\"@type\":\"ImageObject\",\"inLanguage\":\"fr-FR\",\"@id\":\"https:\/\/hydrodipzone.com\/film-hydrographique\/#\/schema\/logo\/image\/\",\"url\":\"https:\/\/hydrodipzone.com\/film-hydrographique\/wp-content\/uploads\/sites\/4\/2024\/11\/HydroDipZone-landscape-logo-2000px-x-700px-NO-BG.png\",\"contentUrl\":\"https:\/\/hydrodipzone.com\/film-hydrographique\/wp-content\/uploads\/sites\/4\/2024\/11\/HydroDipZone-landscape-logo-2000px-x-700px-NO-BG.png\",\"width\":2000,\"height\":700,\"caption\":\"hydrodipzone.com\"},\"image\":{\"@id\":\"https:\/\/hydrodipzone.com\/film-hydrographique\/#\/schema\/logo\/image\/\"}}]}<\/script>\n<!-- \/ Yoast SEO plugin. -->","yoast_head_json":{"title":"Appr\u00eat Antracite RAL 7016 A\u00e9rosol 400ml - HydroDipZone","description":"Appr\u00eat Antracite RAL 7016 A\u00e9rosol 400ml, durable et professionnel, id\u00e9al pour des applications vari\u00e9es. Transformez vos projets d\u00e8s aujourd'hui !","robots":{"index":"index","follow":"follow","max-snippet":"max-snippet:-1","max-image-preview":"max-image-preview:large","max-video-preview":"max-video-preview:-1"},"canonical":"https:\/\/hydrodipzone.com\/film-hydrographique\/product\/ral-7016-antracite-primer-400ml-aerosol\/","og_locale":"fr_FR","og_type":"article","og_title":"Appr\u00eat Antracite RAL 7016 A\u00e9rosol 400ml - HydroDipZone","og_description":"Appr\u00eat Antracite RAL 7016 A\u00e9rosol 400ml, durable et professionnel, id\u00e9al pour des applications vari\u00e9es. Transformez vos projets d\u00e8s aujourd'hui !","og_url":"https:\/\/hydrodipzone.com\/film-hydrographique\/product\/ral-7016-antracite-primer-400ml-aerosol\/","og_site_name":"Boutique de films hydrographiques","article_modified_time":"2024-12-11T00:43:56+00:00","og_image":[{"width":1000,"height":1000,"url":"https:\/\/hydrodipzone.com\/film-hydrographique\/wp-content\/uploads\/sites\/4\/2024\/11\/RAL-7016-Antracite-Primer-HydroDipZone-400ml-Aerosol.jpg","type":"image\/jpeg"}],"twitter_card":"summary_large_image","twitter_misc":{"Dur\u00e9e de lecture estim\u00e9e":"1 minute"},"schema":{"@context":"https:\/\/schema.org","@graph":[{"@type":"WebPage","@id":"https:\/\/hydrodipzone.com\/film-hydrographique\/product\/ral-7016-antracite-primer-400ml-aerosol\/","url":"https:\/\/hydrodipzone.com\/film-hydrographique\/product\/ral-7016-antracite-primer-400ml-aerosol\/","name":"Appr\u00eat Antracite RAL 7016 A\u00e9rosol 400ml - HydroDipZone","isPartOf":{"@id":"https:\/\/hydrodipzone.com\/film-hydrographique\/#website"},"primaryImageOfPage":{"@id":"https:\/\/hydrodipzone.com\/film-hydrographique\/product\/ral-7016-antracite-primer-400ml-aerosol\/#primaryimage"},"image":{"@id":"https:\/\/hydrodipzone.com\/film-hydrographique\/product\/ral-7016-antracite-primer-400ml-aerosol\/#primaryimage"},"thumbnailUrl":"https:\/\/hydrodipzone.com\/film-hydrographique\/wp-content\/uploads\/sites\/4\/2024\/11\/RAL-7016-Antracite-Primer-HydroDipZone-400ml-Aerosol.jpg","datePublished":"2024-11-29T23:20:57+00:00","dateModified":"2024-12-11T00:43:56+00:00","description":"Appr\u00eat Antracite RAL 7016 A\u00e9rosol 400ml, durable et professionnel, id\u00e9al pour des applications vari\u00e9es. Transformez vos projets d\u00e8s aujourd'hui !","breadcrumb":{"@id":"https:\/\/hydrodipzone.com\/film-hydrographique\/product\/ral-7016-antracite-primer-400ml-aerosol\/#breadcrumb"},"inLanguage":"fr-FR","potentialAction":[{"@type":"ReadAction","target":["https:\/\/hydrodipzone.com\/film-hydrographique\/product\/ral-7016-antracite-primer-400ml-aerosol\/"]}]},{"@type":"ImageObject","inLanguage":"fr-FR","@id":"https:\/\/hydrodipzone.com\/film-hydrographique\/product\/ral-7016-antracite-primer-400ml-aerosol\/#primaryimage","url":"https:\/\/hydrodipzone.com\/film-hydrographique\/wp-content\/uploads\/sites\/4\/2024\/11\/RAL-7016-Antracite-Primer-HydroDipZone-400ml-Aerosol.jpg","contentUrl":"https:\/\/hydrodipzone.com\/film-hydrographique\/wp-content\/uploads\/sites\/4\/2024\/11\/RAL-7016-Antracite-Primer-HydroDipZone-400ml-Aerosol.jpg","width":1000,"height":1000},{"@type":"BreadcrumbList","@id":"https:\/\/hydrodipzone.com\/film-hydrographique\/product\/ral-7016-antracite-primer-400ml-aerosol\/#breadcrumb","itemListElement":[{"@type":"ListItem","position":1,"name":"Home","item":"https:\/\/hydrodipzone.com\/film-hydrographique\/"},{"@type":"ListItem","position":2,"name":"Products","item":"https:\/\/hydrodipzone.com\/film-hydrographique\/shop\/"},{"@type":"ListItem","position":3,"name":"Appr\u00eat Antracite RAL 7016 A\u00e9rosol 400ml"}]},{"@type":"WebSite","@id":"https:\/\/hydrodipzone.com\/film-hydrographique\/#website","url":"https:\/\/hydrodipzone.com\/film-hydrographique\/","name":"HydroDipZone","description":"Tout ce dont vous avez besoin pour Hydro Dipping \u00e0 la maison","publisher":{"@id":"https:\/\/hydrodipzone.com\/film-hydrographique\/#organization"},"potentialAction":[{"@type":"SearchAction","target":{"@type":"EntryPoint","urlTemplate":"https:\/\/hydrodipzone.com\/film-hydrographique\/?s={search_term_string}"},"query-input":{"@type":"PropertyValueSpecification","valueRequired":true,"valueName":"search_term_string"}}],"inLanguage":"fr-FR"},{"@type":"Organization","@id":"https:\/\/hydrodipzone.com\/film-hydrographique\/#organization","name":"hydrodipzone.com","url":"https:\/\/hydrodipzone.com\/film-hydrographique\/","logo":{"@type":"ImageObject","inLanguage":"fr-FR","@id":"https:\/\/hydrodipzone.com\/film-hydrographique\/#\/schema\/logo\/image\/","url":"https:\/\/hydrodipzone.com\/film-hydrographique\/wp-content\/uploads\/sites\/4\/2024\/11\/HydroDipZone-landscape-logo-2000px-x-700px-NO-BG.png","contentUrl":"https:\/\/hydrodipzone.com\/film-hydrographique\/wp-content\/uploads\/sites\/4\/2024\/11\/HydroDipZone-landscape-logo-2000px-x-700px-NO-BG.png","width":2000,"height":700,"caption":"hydrodipzone.com"},"image":{"@id":"https:\/\/hydrodipzone.com\/film-hydrographique\/#\/schema\/logo\/image\/"}}]}},"_links":{"self":[{"href":"https:\/\/hydrodipzone.com\/film-hydrographique\/wp-json\/wp\/v2\/product\/7207","targetHints":{"allow":["GET"]}}],"collection":[{"href":"https:\/\/hydrodipzone.com\/film-hydrographique\/wp-json\/wp\/v2\/product"}],"about":[{"href":"https:\/\/hydrodipzone.com\/film-hydrographique\/wp-json\/wp\/v2\/types\/product"}],"replies":[{"embeddable":true,"href":"https:\/\/hydrodipzone.com\/film-hydrographique\/wp-json\/wp\/v2\/comments?post=7207"}],"wp:featuredmedia":[{"embeddable":true,"href":"https:\/\/hydrodipzone.com\/film-hydrographique\/wp-json\/wp\/v2\/media\/7222"}],"wp:attachment":[{"href":"https:\/\/hydrodipzone.com\/film-hydrographique\/wp-json\/wp\/v2\/media?parent=7207"}],"wp:term":[{"taxonomy":"product_brand","embeddable":true,"href":"https:\/\/hydrodipzone.com\/film-hydrographique\/wp-json\/wp\/v2\/product_brand?post=7207"},{"taxonomy":"product_cat","embeddable":true,"href":"https:\/\/hydrodipzone.com\/film-hydrographique\/wp-json\/wp\/v2\/product_cat?post=7207"},{"taxonomy":"product_tag","embeddable":true,"href":"https:\/\/hydrodipzone.com\/film-hydrographique\/wp-json\/wp\/v2\/product_tag?post=7207"}],"curies":[{"name":"wp","href":"https:\/\/api.w.org\/{rel}","templated":true}]}}