{"id":7215,"date":"2024-11-30T00:30:57","date_gmt":"2024-11-29T23:30:57","guid":{"rendered":"https:\/\/hydrodipzone.com\/film-hydrographique\/?post_type=product&#038;p=7215"},"modified":"2024-12-11T01:43:57","modified_gmt":"2024-12-11T00:43:57","slug":"ral-3003-dark-red-400ml-aerosol","status":"publish","type":"product","link":"https:\/\/hydrodipzone.com\/film-hydrographique\/product\/ral-3003-dark-red-400ml-aerosol\/","title":{"rendered":"Appr\u00eat RAL 3003 Rouge fonc\u00e9 A\u00e9rosol 400 ml"},"content":{"rendered":"","protected":false},"excerpt":{"rendered":"<p>L&#8217;appr\u00eat rouge fonc\u00e9 RAL 3003 en a\u00e9rosol de 400 ml offre une base rouge riche et profonde, parfaite pour l&#8217;hydrodipping et d&#8217;autres projets personnalis\u00e9s. Le ton rouge fonc\u00e9 de cet appr\u00eat offre une base spectaculaire qui am\u00e9liore la profondeur et l&#8217;intensit\u00e9 de vos cr\u00e9ations, garantissant des r\u00e9sultats \u00e9clatants et clairs. Il offre une adh\u00e9rence sup\u00e9rieure \u00e0 une large gamme de surfaces, notamment le m\u00e9tal, le plastique et le bois, pour une finition durable et lisse. Avec sa formule \u00e0 s\u00e9chage rapide et son application par pulv\u00e9risation facile \u00e0 utiliser, l&#8217;appr\u00eat rouge fonc\u00e9 RAL 3003 est un outil essentiel pour obtenir des r\u00e9sultats de qualit\u00e9 professionnelle dans vos projets d&#8217;hydrodipping.<\/p>\n","protected":false},"featured_media":7236,"comment_status":"open","ping_status":"closed","template":"","meta":[],"product_brand":[],"product_cat":[51],"product_tag":[],"class_list":{"0":"post-7215","1":"product","2":"type-product","3":"status-publish","4":"has-post-thumbnail","6":"product_cat-hydro-dipping-accessories","8":"first","9":"instock","10":"taxable","11":"shipping-taxable","12":"purchasable","13":"product-type-simple"},"yoast_head":"<!-- This site is optimized with the Yoast SEO plugin v24.3 - https:\/\/yoast.com\/wordpress\/plugins\/seo\/ -->\n<title>Appr\u00eat RAL 3003 Rouge fonc\u00e9 A\u00e9rosol 400 ml - HydroDipZone<\/title>\n<meta name=\"description\" content=\"Appr\u00eat RAL 3003 Rouge fonc\u00e9 A\u00e9rosol 400 ml, id\u00e9al pour des applications cr\u00e9atives et des designs distinctifs. Parfait pour vos projets personnalis\u00e9s !\" \/>\n<meta name=\"robots\" content=\"index, follow, max-snippet:-1, max-image-preview:large, max-video-preview:-1\" \/>\n<link rel=\"canonical\" href=\"https:\/\/hydrodipzone.com\/film-hydrographique\/product\/ral-3003-dark-red-400ml-aerosol\/\" \/>\n<meta property=\"og:locale\" content=\"fr_FR\" \/>\n<meta property=\"og:type\" content=\"article\" \/>\n<meta property=\"og:title\" content=\"Appr\u00eat RAL 3003 Rouge fonc\u00e9 A\u00e9rosol 400 ml - HydroDipZone\" \/>\n<meta property=\"og:description\" content=\"Appr\u00eat RAL 3003 Rouge fonc\u00e9 A\u00e9rosol 400 ml, id\u00e9al pour des applications cr\u00e9atives et des designs distinctifs. Parfait pour vos projets personnalis\u00e9s !\" \/>\n<meta property=\"og:url\" content=\"https:\/\/hydrodipzone.com\/film-hydrographique\/product\/ral-3003-dark-red-400ml-aerosol\/\" \/>\n<meta property=\"og:site_name\" content=\"Boutique de films hydrographiques\" \/>\n<meta property=\"article:modified_time\" content=\"2024-12-11T00:43:57+00:00\" \/>\n<meta property=\"og:image\" content=\"https:\/\/hydrodipzone.com\/film-hydrographique\/wp-content\/uploads\/sites\/4\/2024\/11\/RAL-3003-Dark-Red-HydroDipZone-400ml-Aerosol-1.jpg\" \/>\n\t<meta property=\"og:image:width\" content=\"1000\" \/>\n\t<meta property=\"og:image:height\" content=\"1000\" \/>\n\t<meta property=\"og:image:type\" content=\"image\/jpeg\" \/>\n<meta name=\"twitter:card\" content=\"summary_large_image\" \/>\n<meta name=\"twitter:label1\" content=\"Dur\u00e9e de lecture estim\u00e9e\" \/>\n\t<meta name=\"twitter:data1\" content=\"1 minute\" \/>\n<script type=\"application\/ld+json\" class=\"yoast-schema-graph\">{\"@context\":\"https:\/\/schema.org\",\"@graph\":[{\"@type\":\"WebPage\",\"@id\":\"https:\/\/hydrodipzone.com\/film-hydrographique\/product\/ral-3003-dark-red-400ml-aerosol\/\",\"url\":\"https:\/\/hydrodipzone.com\/film-hydrographique\/product\/ral-3003-dark-red-400ml-aerosol\/\",\"name\":\"Appr\u00eat RAL 3003 Rouge fonc\u00e9 A\u00e9rosol 400 ml - HydroDipZone\",\"isPartOf\":{\"@id\":\"https:\/\/hydrodipzone.com\/film-hydrographique\/#website\"},\"primaryImageOfPage\":{\"@id\":\"https:\/\/hydrodipzone.com\/film-hydrographique\/product\/ral-3003-dark-red-400ml-aerosol\/#primaryimage\"},\"image\":{\"@id\":\"https:\/\/hydrodipzone.com\/film-hydrographique\/product\/ral-3003-dark-red-400ml-aerosol\/#primaryimage\"},\"thumbnailUrl\":\"https:\/\/hydrodipzone.com\/film-hydrographique\/wp-content\/uploads\/sites\/4\/2024\/11\/RAL-3003-Dark-Red-HydroDipZone-400ml-Aerosol-1.jpg\",\"datePublished\":\"2024-11-29T23:30:57+00:00\",\"dateModified\":\"2024-12-11T00:43:57+00:00\",\"description\":\"Appr\u00eat RAL 3003 Rouge fonc\u00e9 A\u00e9rosol 400 ml, id\u00e9al pour des applications cr\u00e9atives et des designs distinctifs. Parfait pour vos projets personnalis\u00e9s !\",\"breadcrumb\":{\"@id\":\"https:\/\/hydrodipzone.com\/film-hydrographique\/product\/ral-3003-dark-red-400ml-aerosol\/#breadcrumb\"},\"inLanguage\":\"fr-FR\",\"potentialAction\":[{\"@type\":\"ReadAction\",\"target\":[\"https:\/\/hydrodipzone.com\/film-hydrographique\/product\/ral-3003-dark-red-400ml-aerosol\/\"]}]},{\"@type\":\"ImageObject\",\"inLanguage\":\"fr-FR\",\"@id\":\"https:\/\/hydrodipzone.com\/film-hydrographique\/product\/ral-3003-dark-red-400ml-aerosol\/#primaryimage\",\"url\":\"https:\/\/hydrodipzone.com\/film-hydrographique\/wp-content\/uploads\/sites\/4\/2024\/11\/RAL-3003-Dark-Red-HydroDipZone-400ml-Aerosol-1.jpg\",\"contentUrl\":\"https:\/\/hydrodipzone.com\/film-hydrographique\/wp-content\/uploads\/sites\/4\/2024\/11\/RAL-3003-Dark-Red-HydroDipZone-400ml-Aerosol-1.jpg\",\"width\":1000,\"height\":1000},{\"@type\":\"BreadcrumbList\",\"@id\":\"https:\/\/hydrodipzone.com\/film-hydrographique\/product\/ral-3003-dark-red-400ml-aerosol\/#breadcrumb\",\"itemListElement\":[{\"@type\":\"ListItem\",\"position\":1,\"name\":\"Home\",\"item\":\"https:\/\/hydrodipzone.com\/film-hydrographique\/\"},{\"@type\":\"ListItem\",\"position\":2,\"name\":\"Products\",\"item\":\"https:\/\/hydrodipzone.com\/film-hydrographique\/shop\/\"},{\"@type\":\"ListItem\",\"position\":3,\"name\":\"Appr\u00eat RAL 3003 Rouge fonc\u00e9 A\u00e9rosol 400 ml\"}]},{\"@type\":\"WebSite\",\"@id\":\"https:\/\/hydrodipzone.com\/film-hydrographique\/#website\",\"url\":\"https:\/\/hydrodipzone.com\/film-hydrographique\/\",\"name\":\"HydroDipZone\",\"description\":\"Tout ce dont vous avez besoin pour Hydro Dipping \u00e0 la maison\",\"publisher\":{\"@id\":\"https:\/\/hydrodipzone.com\/film-hydrographique\/#organization\"},\"potentialAction\":[{\"@type\":\"SearchAction\",\"target\":{\"@type\":\"EntryPoint\",\"urlTemplate\":\"https:\/\/hydrodipzone.com\/film-hydrographique\/?s={search_term_string}\"},\"query-input\":{\"@type\":\"PropertyValueSpecification\",\"valueRequired\":true,\"valueName\":\"search_term_string\"}}],\"inLanguage\":\"fr-FR\"},{\"@type\":\"Organization\",\"@id\":\"https:\/\/hydrodipzone.com\/film-hydrographique\/#organization\",\"name\":\"hydrodipzone.com\",\"url\":\"https:\/\/hydrodipzone.com\/film-hydrographique\/\",\"logo\":{\"@type\":\"ImageObject\",\"inLanguage\":\"fr-FR\",\"@id\":\"https:\/\/hydrodipzone.com\/film-hydrographique\/#\/schema\/logo\/image\/\",\"url\":\"https:\/\/hydrodipzone.com\/film-hydrographique\/wp-content\/uploads\/sites\/4\/2024\/11\/HydroDipZone-landscape-logo-2000px-x-700px-NO-BG.png\",\"contentUrl\":\"https:\/\/hydrodipzone.com\/film-hydrographique\/wp-content\/uploads\/sites\/4\/2024\/11\/HydroDipZone-landscape-logo-2000px-x-700px-NO-BG.png\",\"width\":2000,\"height\":700,\"caption\":\"hydrodipzone.com\"},\"image\":{\"@id\":\"https:\/\/hydrodipzone.com\/film-hydrographique\/#\/schema\/logo\/image\/\"}}]}<\/script>\n<!-- \/ Yoast SEO plugin. -->","yoast_head_json":{"title":"Appr\u00eat RAL 3003 Rouge fonc\u00e9 A\u00e9rosol 400 ml - HydroDipZone","description":"Appr\u00eat RAL 3003 Rouge fonc\u00e9 A\u00e9rosol 400 ml, id\u00e9al pour des applications cr\u00e9atives et des designs distinctifs. Parfait pour vos projets personnalis\u00e9s !","robots":{"index":"index","follow":"follow","max-snippet":"max-snippet:-1","max-image-preview":"max-image-preview:large","max-video-preview":"max-video-preview:-1"},"canonical":"https:\/\/hydrodipzone.com\/film-hydrographique\/product\/ral-3003-dark-red-400ml-aerosol\/","og_locale":"fr_FR","og_type":"article","og_title":"Appr\u00eat RAL 3003 Rouge fonc\u00e9 A\u00e9rosol 400 ml - HydroDipZone","og_description":"Appr\u00eat RAL 3003 Rouge fonc\u00e9 A\u00e9rosol 400 ml, id\u00e9al pour des applications cr\u00e9atives et des designs distinctifs. Parfait pour vos projets personnalis\u00e9s !","og_url":"https:\/\/hydrodipzone.com\/film-hydrographique\/product\/ral-3003-dark-red-400ml-aerosol\/","og_site_name":"Boutique de films hydrographiques","article_modified_time":"2024-12-11T00:43:57+00:00","og_image":[{"width":1000,"height":1000,"url":"https:\/\/hydrodipzone.com\/film-hydrographique\/wp-content\/uploads\/sites\/4\/2024\/11\/RAL-3003-Dark-Red-HydroDipZone-400ml-Aerosol-1.jpg","type":"image\/jpeg"}],"twitter_card":"summary_large_image","twitter_misc":{"Dur\u00e9e de lecture estim\u00e9e":"1 minute"},"schema":{"@context":"https:\/\/schema.org","@graph":[{"@type":"WebPage","@id":"https:\/\/hydrodipzone.com\/film-hydrographique\/product\/ral-3003-dark-red-400ml-aerosol\/","url":"https:\/\/hydrodipzone.com\/film-hydrographique\/product\/ral-3003-dark-red-400ml-aerosol\/","name":"Appr\u00eat RAL 3003 Rouge fonc\u00e9 A\u00e9rosol 400 ml - HydroDipZone","isPartOf":{"@id":"https:\/\/hydrodipzone.com\/film-hydrographique\/#website"},"primaryImageOfPage":{"@id":"https:\/\/hydrodipzone.com\/film-hydrographique\/product\/ral-3003-dark-red-400ml-aerosol\/#primaryimage"},"image":{"@id":"https:\/\/hydrodipzone.com\/film-hydrographique\/product\/ral-3003-dark-red-400ml-aerosol\/#primaryimage"},"thumbnailUrl":"https:\/\/hydrodipzone.com\/film-hydrographique\/wp-content\/uploads\/sites\/4\/2024\/11\/RAL-3003-Dark-Red-HydroDipZone-400ml-Aerosol-1.jpg","datePublished":"2024-11-29T23:30:57+00:00","dateModified":"2024-12-11T00:43:57+00:00","description":"Appr\u00eat RAL 3003 Rouge fonc\u00e9 A\u00e9rosol 400 ml, id\u00e9al pour des applications cr\u00e9atives et des designs distinctifs. Parfait pour vos projets personnalis\u00e9s !","breadcrumb":{"@id":"https:\/\/hydrodipzone.com\/film-hydrographique\/product\/ral-3003-dark-red-400ml-aerosol\/#breadcrumb"},"inLanguage":"fr-FR","potentialAction":[{"@type":"ReadAction","target":["https:\/\/hydrodipzone.com\/film-hydrographique\/product\/ral-3003-dark-red-400ml-aerosol\/"]}]},{"@type":"ImageObject","inLanguage":"fr-FR","@id":"https:\/\/hydrodipzone.com\/film-hydrographique\/product\/ral-3003-dark-red-400ml-aerosol\/#primaryimage","url":"https:\/\/hydrodipzone.com\/film-hydrographique\/wp-content\/uploads\/sites\/4\/2024\/11\/RAL-3003-Dark-Red-HydroDipZone-400ml-Aerosol-1.jpg","contentUrl":"https:\/\/hydrodipzone.com\/film-hydrographique\/wp-content\/uploads\/sites\/4\/2024\/11\/RAL-3003-Dark-Red-HydroDipZone-400ml-Aerosol-1.jpg","width":1000,"height":1000},{"@type":"BreadcrumbList","@id":"https:\/\/hydrodipzone.com\/film-hydrographique\/product\/ral-3003-dark-red-400ml-aerosol\/#breadcrumb","itemListElement":[{"@type":"ListItem","position":1,"name":"Home","item":"https:\/\/hydrodipzone.com\/film-hydrographique\/"},{"@type":"ListItem","position":2,"name":"Products","item":"https:\/\/hydrodipzone.com\/film-hydrographique\/shop\/"},{"@type":"ListItem","position":3,"name":"Appr\u00eat RAL 3003 Rouge fonc\u00e9 A\u00e9rosol 400 ml"}]},{"@type":"WebSite","@id":"https:\/\/hydrodipzone.com\/film-hydrographique\/#website","url":"https:\/\/hydrodipzone.com\/film-hydrographique\/","name":"HydroDipZone","description":"Tout ce dont vous avez besoin pour Hydro Dipping \u00e0 la maison","publisher":{"@id":"https:\/\/hydrodipzone.com\/film-hydrographique\/#organization"},"potentialAction":[{"@type":"SearchAction","target":{"@type":"EntryPoint","urlTemplate":"https:\/\/hydrodipzone.com\/film-hydrographique\/?s={search_term_string}"},"query-input":{"@type":"PropertyValueSpecification","valueRequired":true,"valueName":"search_term_string"}}],"inLanguage":"fr-FR"},{"@type":"Organization","@id":"https:\/\/hydrodipzone.com\/film-hydrographique\/#organization","name":"hydrodipzone.com","url":"https:\/\/hydrodipzone.com\/film-hydrographique\/","logo":{"@type":"ImageObject","inLanguage":"fr-FR","@id":"https:\/\/hydrodipzone.com\/film-hydrographique\/#\/schema\/logo\/image\/","url":"https:\/\/hydrodipzone.com\/film-hydrographique\/wp-content\/uploads\/sites\/4\/2024\/11\/HydroDipZone-landscape-logo-2000px-x-700px-NO-BG.png","contentUrl":"https:\/\/hydrodipzone.com\/film-hydrographique\/wp-content\/uploads\/sites\/4\/2024\/11\/HydroDipZone-landscape-logo-2000px-x-700px-NO-BG.png","width":2000,"height":700,"caption":"hydrodipzone.com"},"image":{"@id":"https:\/\/hydrodipzone.com\/film-hydrographique\/#\/schema\/logo\/image\/"}}]}},"_links":{"self":[{"href":"https:\/\/hydrodipzone.com\/film-hydrographique\/wp-json\/wp\/v2\/product\/7215","targetHints":{"allow":["GET"]}}],"collection":[{"href":"https:\/\/hydrodipzone.com\/film-hydrographique\/wp-json\/wp\/v2\/product"}],"about":[{"href":"https:\/\/hydrodipzone.com\/film-hydrographique\/wp-json\/wp\/v2\/types\/product"}],"replies":[{"embeddable":true,"href":"https:\/\/hydrodipzone.com\/film-hydrographique\/wp-json\/wp\/v2\/comments?post=7215"}],"wp:featuredmedia":[{"embeddable":true,"href":"https:\/\/hydrodipzone.com\/film-hydrographique\/wp-json\/wp\/v2\/media\/7236"}],"wp:attachment":[{"href":"https:\/\/hydrodipzone.com\/film-hydrographique\/wp-json\/wp\/v2\/media?parent=7215"}],"wp:term":[{"taxonomy":"product_brand","embeddable":true,"href":"https:\/\/hydrodipzone.com\/film-hydrographique\/wp-json\/wp\/v2\/product_brand?post=7215"},{"taxonomy":"product_cat","embeddable":true,"href":"https:\/\/hydrodipzone.com\/film-hydrographique\/wp-json\/wp\/v2\/product_cat?post=7215"},{"taxonomy":"product_tag","embeddable":true,"href":"https:\/\/hydrodipzone.com\/film-hydrographique\/wp-json\/wp\/v2\/product_tag?post=7215"}],"curies":[{"name":"wp","href":"https:\/\/api.w.org\/{rel}","templated":true}]}}