{"id":7273,"date":"2024-11-30T01:26:16","date_gmt":"2024-11-30T00:26:16","guid":{"rendered":"https:\/\/hydrodipzone.com\/film-hydrographique\/?post_type=product&#038;p=7273"},"modified":"2024-12-11T01:43:58","modified_gmt":"2024-12-11T00:43:58","slug":"all-you-need-3-pack-activator-primer-varnish","status":"publish","type":"product","link":"https:\/\/hydrodipzone.com\/film-hydrographique\/product\/all-you-need-3-pack-activator-primer-varnish\/","title":{"rendered":"Il-me-faut-paquet-3 &#8211; Activateur &#8211; Appr\u00eat &#8211; Vernis &#8211; A\u00e9rosols 400ml (chacun)"},"content":{"rendered":"","protected":false},"excerpt":{"rendered":"<p>Le pack Il-Me-Faut 3-Pack de HydroDipZone comprend tout ce dont vous avez besoin pour un d\u00e9but compl\u00e8te d&#8217;hydrodipping : activateur, appr\u00eat et vernis, chacun dans une bombe a\u00e9rosol de 400 ml. Ce kit tout-en-un garantit une finition impeccable et durable pour vos projets d&#8217;hydrodipping. L&#8217;activateur favorise l&#8217;adh\u00e9rence parfaite de votre film, tandis que l&#8217;appr\u00eat fournit une base id\u00e9ale pour une application lisse et uniforme. Le vernis ajoute une touche professionnelle avec une couche protectrice transparente qui am\u00e9liore et scelle votre conception pour des r\u00e9sultats durables. Que vous soyez d\u00e9butant ou professionnel, ce pack de 3 simplifie le processus, offrant des r\u00e9sultats de haute qualit\u00e9 \u00e0 chaque fois.<\/p>\n","protected":false},"featured_media":7204,"comment_status":"open","ping_status":"closed","template":"","meta":[],"product_brand":[],"product_cat":[51],"product_tag":[],"class_list":{"0":"post-7273","1":"product","2":"type-product","3":"status-publish","4":"has-post-thumbnail","6":"product_cat-hydro-dipping-accessories","8":"first","9":"instock","10":"taxable","11":"shipping-taxable","12":"purchasable","13":"product-type-simple"},"yoast_head":"<!-- This site is optimized with the Yoast SEO plugin v24.3 - https:\/\/yoast.com\/wordpress\/plugins\/seo\/ -->\n<title>Il-me-faut-paquet-3 - Activateur - Appr\u00eat - Vernis - A\u00e9rosols 400ml (chacun) - HydroDipZone<\/title>\n<meta name=\"description\" content=\"Activateur Il-me-faut-paquet-3 : Appr\u00eat et vernis a\u00e9rosols 400ml, durabilit\u00e9 et qualit\u00e9 professionnelle pour vos projets cr\u00e9atifs. Essayez-le maintenant !\" \/>\n<meta name=\"robots\" content=\"index, follow, max-snippet:-1, max-image-preview:large, max-video-preview:-1\" \/>\n<link rel=\"canonical\" href=\"https:\/\/hydrodipzone.com\/film-hydrographique\/product\/all-you-need-3-pack-activator-primer-varnish\/\" \/>\n<meta property=\"og:locale\" content=\"fr_FR\" \/>\n<meta property=\"og:type\" content=\"article\" \/>\n<meta property=\"og:title\" content=\"Il-me-faut-paquet-3 - Activateur - Appr\u00eat - Vernis - A\u00e9rosols 400ml (chacun) - HydroDipZone\" \/>\n<meta property=\"og:description\" content=\"Activateur Il-me-faut-paquet-3 : Appr\u00eat et vernis a\u00e9rosols 400ml, durabilit\u00e9 et qualit\u00e9 professionnelle pour vos projets cr\u00e9atifs. Essayez-le maintenant !\" \/>\n<meta property=\"og:url\" content=\"https:\/\/hydrodipzone.com\/film-hydrographique\/product\/all-you-need-3-pack-activator-primer-varnish\/\" \/>\n<meta property=\"og:site_name\" content=\"Boutique de films hydrographiques\" \/>\n<meta property=\"article:modified_time\" content=\"2024-12-11T00:43:58+00:00\" \/>\n<meta property=\"og:image\" content=\"https:\/\/hydrodipzone.com\/film-hydrographique\/wp-content\/uploads\/sites\/4\/2024\/11\/All-You-Need-3-Pack-Aerosol-HydroDipZone-.jpg\" \/>\n\t<meta property=\"og:image:width\" content=\"1000\" \/>\n\t<meta property=\"og:image:height\" content=\"1000\" \/>\n\t<meta property=\"og:image:type\" content=\"image\/jpeg\" \/>\n<meta name=\"twitter:card\" content=\"summary_large_image\" \/>\n<meta name=\"twitter:label1\" content=\"Dur\u00e9e de lecture estim\u00e9e\" \/>\n\t<meta name=\"twitter:data1\" content=\"1 minute\" \/>\n<script type=\"application\/ld+json\" class=\"yoast-schema-graph\">{\"@context\":\"https:\/\/schema.org\",\"@graph\":[{\"@type\":\"WebPage\",\"@id\":\"https:\/\/hydrodipzone.com\/film-hydrographique\/product\/all-you-need-3-pack-activator-primer-varnish\/\",\"url\":\"https:\/\/hydrodipzone.com\/film-hydrographique\/product\/all-you-need-3-pack-activator-primer-varnish\/\",\"name\":\"Il-me-faut-paquet-3 - Activateur - Appr\u00eat - Vernis - A\u00e9rosols 400ml (chacun) - HydroDipZone\",\"isPartOf\":{\"@id\":\"https:\/\/hydrodipzone.com\/film-hydrographique\/#website\"},\"primaryImageOfPage\":{\"@id\":\"https:\/\/hydrodipzone.com\/film-hydrographique\/product\/all-you-need-3-pack-activator-primer-varnish\/#primaryimage\"},\"image\":{\"@id\":\"https:\/\/hydrodipzone.com\/film-hydrographique\/product\/all-you-need-3-pack-activator-primer-varnish\/#primaryimage\"},\"thumbnailUrl\":\"https:\/\/hydrodipzone.com\/film-hydrographique\/wp-content\/uploads\/sites\/4\/2024\/11\/All-You-Need-3-Pack-Aerosol-HydroDipZone-.jpg\",\"datePublished\":\"2024-11-30T00:26:16+00:00\",\"dateModified\":\"2024-12-11T00:43:58+00:00\",\"description\":\"Activateur Il-me-faut-paquet-3 : Appr\u00eat et vernis a\u00e9rosols 400ml, durabilit\u00e9 et qualit\u00e9 professionnelle pour vos projets cr\u00e9atifs. Essayez-le maintenant !\",\"breadcrumb\":{\"@id\":\"https:\/\/hydrodipzone.com\/film-hydrographique\/product\/all-you-need-3-pack-activator-primer-varnish\/#breadcrumb\"},\"inLanguage\":\"fr-FR\",\"potentialAction\":[{\"@type\":\"ReadAction\",\"target\":[\"https:\/\/hydrodipzone.com\/film-hydrographique\/product\/all-you-need-3-pack-activator-primer-varnish\/\"]}]},{\"@type\":\"ImageObject\",\"inLanguage\":\"fr-FR\",\"@id\":\"https:\/\/hydrodipzone.com\/film-hydrographique\/product\/all-you-need-3-pack-activator-primer-varnish\/#primaryimage\",\"url\":\"https:\/\/hydrodipzone.com\/film-hydrographique\/wp-content\/uploads\/sites\/4\/2024\/11\/All-You-Need-3-Pack-Aerosol-HydroDipZone-.jpg\",\"contentUrl\":\"https:\/\/hydrodipzone.com\/film-hydrographique\/wp-content\/uploads\/sites\/4\/2024\/11\/All-You-Need-3-Pack-Aerosol-HydroDipZone-.jpg\",\"width\":1000,\"height\":1000},{\"@type\":\"BreadcrumbList\",\"@id\":\"https:\/\/hydrodipzone.com\/film-hydrographique\/product\/all-you-need-3-pack-activator-primer-varnish\/#breadcrumb\",\"itemListElement\":[{\"@type\":\"ListItem\",\"position\":1,\"name\":\"Home\",\"item\":\"https:\/\/hydrodipzone.com\/film-hydrographique\/\"},{\"@type\":\"ListItem\",\"position\":2,\"name\":\"Products\",\"item\":\"https:\/\/hydrodipzone.com\/film-hydrographique\/shop\/\"},{\"@type\":\"ListItem\",\"position\":3,\"name\":\"Il-me-faut-paquet-3 &#8211; Activateur &#8211; Appr\u00eat &#8211; Vernis &#8211; A\u00e9rosols 400ml (chacun)\"}]},{\"@type\":\"WebSite\",\"@id\":\"https:\/\/hydrodipzone.com\/film-hydrographique\/#website\",\"url\":\"https:\/\/hydrodipzone.com\/film-hydrographique\/\",\"name\":\"HydroDipZone\",\"description\":\"Tout ce dont vous avez besoin pour Hydro Dipping \u00e0 la maison\",\"publisher\":{\"@id\":\"https:\/\/hydrodipzone.com\/film-hydrographique\/#organization\"},\"potentialAction\":[{\"@type\":\"SearchAction\",\"target\":{\"@type\":\"EntryPoint\",\"urlTemplate\":\"https:\/\/hydrodipzone.com\/film-hydrographique\/?s={search_term_string}\"},\"query-input\":{\"@type\":\"PropertyValueSpecification\",\"valueRequired\":true,\"valueName\":\"search_term_string\"}}],\"inLanguage\":\"fr-FR\"},{\"@type\":\"Organization\",\"@id\":\"https:\/\/hydrodipzone.com\/film-hydrographique\/#organization\",\"name\":\"hydrodipzone.com\",\"url\":\"https:\/\/hydrodipzone.com\/film-hydrographique\/\",\"logo\":{\"@type\":\"ImageObject\",\"inLanguage\":\"fr-FR\",\"@id\":\"https:\/\/hydrodipzone.com\/film-hydrographique\/#\/schema\/logo\/image\/\",\"url\":\"https:\/\/hydrodipzone.com\/film-hydrographique\/wp-content\/uploads\/sites\/4\/2024\/11\/HydroDipZone-landscape-logo-2000px-x-700px-NO-BG.png\",\"contentUrl\":\"https:\/\/hydrodipzone.com\/film-hydrographique\/wp-content\/uploads\/sites\/4\/2024\/11\/HydroDipZone-landscape-logo-2000px-x-700px-NO-BG.png\",\"width\":2000,\"height\":700,\"caption\":\"hydrodipzone.com\"},\"image\":{\"@id\":\"https:\/\/hydrodipzone.com\/film-hydrographique\/#\/schema\/logo\/image\/\"}}]}<\/script>\n<!-- \/ Yoast SEO plugin. -->","yoast_head_json":{"title":"Il-me-faut-paquet-3 - Activateur - Appr\u00eat - Vernis - A\u00e9rosols 400ml (chacun) - HydroDipZone","description":"Activateur Il-me-faut-paquet-3 : Appr\u00eat et vernis a\u00e9rosols 400ml, durabilit\u00e9 et qualit\u00e9 professionnelle pour vos projets cr\u00e9atifs. Essayez-le maintenant !","robots":{"index":"index","follow":"follow","max-snippet":"max-snippet:-1","max-image-preview":"max-image-preview:large","max-video-preview":"max-video-preview:-1"},"canonical":"https:\/\/hydrodipzone.com\/film-hydrographique\/product\/all-you-need-3-pack-activator-primer-varnish\/","og_locale":"fr_FR","og_type":"article","og_title":"Il-me-faut-paquet-3 - Activateur - Appr\u00eat - Vernis - A\u00e9rosols 400ml (chacun) - HydroDipZone","og_description":"Activateur Il-me-faut-paquet-3 : Appr\u00eat et vernis a\u00e9rosols 400ml, durabilit\u00e9 et qualit\u00e9 professionnelle pour vos projets cr\u00e9atifs. Essayez-le maintenant !","og_url":"https:\/\/hydrodipzone.com\/film-hydrographique\/product\/all-you-need-3-pack-activator-primer-varnish\/","og_site_name":"Boutique de films hydrographiques","article_modified_time":"2024-12-11T00:43:58+00:00","og_image":[{"width":1000,"height":1000,"url":"https:\/\/hydrodipzone.com\/film-hydrographique\/wp-content\/uploads\/sites\/4\/2024\/11\/All-You-Need-3-Pack-Aerosol-HydroDipZone-.jpg","type":"image\/jpeg"}],"twitter_card":"summary_large_image","twitter_misc":{"Dur\u00e9e de lecture estim\u00e9e":"1 minute"},"schema":{"@context":"https:\/\/schema.org","@graph":[{"@type":"WebPage","@id":"https:\/\/hydrodipzone.com\/film-hydrographique\/product\/all-you-need-3-pack-activator-primer-varnish\/","url":"https:\/\/hydrodipzone.com\/film-hydrographique\/product\/all-you-need-3-pack-activator-primer-varnish\/","name":"Il-me-faut-paquet-3 - Activateur - Appr\u00eat - Vernis - A\u00e9rosols 400ml (chacun) - HydroDipZone","isPartOf":{"@id":"https:\/\/hydrodipzone.com\/film-hydrographique\/#website"},"primaryImageOfPage":{"@id":"https:\/\/hydrodipzone.com\/film-hydrographique\/product\/all-you-need-3-pack-activator-primer-varnish\/#primaryimage"},"image":{"@id":"https:\/\/hydrodipzone.com\/film-hydrographique\/product\/all-you-need-3-pack-activator-primer-varnish\/#primaryimage"},"thumbnailUrl":"https:\/\/hydrodipzone.com\/film-hydrographique\/wp-content\/uploads\/sites\/4\/2024\/11\/All-You-Need-3-Pack-Aerosol-HydroDipZone-.jpg","datePublished":"2024-11-30T00:26:16+00:00","dateModified":"2024-12-11T00:43:58+00:00","description":"Activateur Il-me-faut-paquet-3 : Appr\u00eat et vernis a\u00e9rosols 400ml, durabilit\u00e9 et qualit\u00e9 professionnelle pour vos projets cr\u00e9atifs. Essayez-le maintenant !","breadcrumb":{"@id":"https:\/\/hydrodipzone.com\/film-hydrographique\/product\/all-you-need-3-pack-activator-primer-varnish\/#breadcrumb"},"inLanguage":"fr-FR","potentialAction":[{"@type":"ReadAction","target":["https:\/\/hydrodipzone.com\/film-hydrographique\/product\/all-you-need-3-pack-activator-primer-varnish\/"]}]},{"@type":"ImageObject","inLanguage":"fr-FR","@id":"https:\/\/hydrodipzone.com\/film-hydrographique\/product\/all-you-need-3-pack-activator-primer-varnish\/#primaryimage","url":"https:\/\/hydrodipzone.com\/film-hydrographique\/wp-content\/uploads\/sites\/4\/2024\/11\/All-You-Need-3-Pack-Aerosol-HydroDipZone-.jpg","contentUrl":"https:\/\/hydrodipzone.com\/film-hydrographique\/wp-content\/uploads\/sites\/4\/2024\/11\/All-You-Need-3-Pack-Aerosol-HydroDipZone-.jpg","width":1000,"height":1000},{"@type":"BreadcrumbList","@id":"https:\/\/hydrodipzone.com\/film-hydrographique\/product\/all-you-need-3-pack-activator-primer-varnish\/#breadcrumb","itemListElement":[{"@type":"ListItem","position":1,"name":"Home","item":"https:\/\/hydrodipzone.com\/film-hydrographique\/"},{"@type":"ListItem","position":2,"name":"Products","item":"https:\/\/hydrodipzone.com\/film-hydrographique\/shop\/"},{"@type":"ListItem","position":3,"name":"Il-me-faut-paquet-3 &#8211; Activateur &#8211; Appr\u00eat &#8211; Vernis &#8211; A\u00e9rosols 400ml (chacun)"}]},{"@type":"WebSite","@id":"https:\/\/hydrodipzone.com\/film-hydrographique\/#website","url":"https:\/\/hydrodipzone.com\/film-hydrographique\/","name":"HydroDipZone","description":"Tout ce dont vous avez besoin pour Hydro Dipping \u00e0 la maison","publisher":{"@id":"https:\/\/hydrodipzone.com\/film-hydrographique\/#organization"},"potentialAction":[{"@type":"SearchAction","target":{"@type":"EntryPoint","urlTemplate":"https:\/\/hydrodipzone.com\/film-hydrographique\/?s={search_term_string}"},"query-input":{"@type":"PropertyValueSpecification","valueRequired":true,"valueName":"search_term_string"}}],"inLanguage":"fr-FR"},{"@type":"Organization","@id":"https:\/\/hydrodipzone.com\/film-hydrographique\/#organization","name":"hydrodipzone.com","url":"https:\/\/hydrodipzone.com\/film-hydrographique\/","logo":{"@type":"ImageObject","inLanguage":"fr-FR","@id":"https:\/\/hydrodipzone.com\/film-hydrographique\/#\/schema\/logo\/image\/","url":"https:\/\/hydrodipzone.com\/film-hydrographique\/wp-content\/uploads\/sites\/4\/2024\/11\/HydroDipZone-landscape-logo-2000px-x-700px-NO-BG.png","contentUrl":"https:\/\/hydrodipzone.com\/film-hydrographique\/wp-content\/uploads\/sites\/4\/2024\/11\/HydroDipZone-landscape-logo-2000px-x-700px-NO-BG.png","width":2000,"height":700,"caption":"hydrodipzone.com"},"image":{"@id":"https:\/\/hydrodipzone.com\/film-hydrographique\/#\/schema\/logo\/image\/"}}]}},"_links":{"self":[{"href":"https:\/\/hydrodipzone.com\/film-hydrographique\/wp-json\/wp\/v2\/product\/7273","targetHints":{"allow":["GET"]}}],"collection":[{"href":"https:\/\/hydrodipzone.com\/film-hydrographique\/wp-json\/wp\/v2\/product"}],"about":[{"href":"https:\/\/hydrodipzone.com\/film-hydrographique\/wp-json\/wp\/v2\/types\/product"}],"replies":[{"embeddable":true,"href":"https:\/\/hydrodipzone.com\/film-hydrographique\/wp-json\/wp\/v2\/comments?post=7273"}],"wp:featuredmedia":[{"embeddable":true,"href":"https:\/\/hydrodipzone.com\/film-hydrographique\/wp-json\/wp\/v2\/media\/7204"}],"wp:attachment":[{"href":"https:\/\/hydrodipzone.com\/film-hydrographique\/wp-json\/wp\/v2\/media?parent=7273"}],"wp:term":[{"taxonomy":"product_brand","embeddable":true,"href":"https:\/\/hydrodipzone.com\/film-hydrographique\/wp-json\/wp\/v2\/product_brand?post=7273"},{"taxonomy":"product_cat","embeddable":true,"href":"https:\/\/hydrodipzone.com\/film-hydrographique\/wp-json\/wp\/v2\/product_cat?post=7273"},{"taxonomy":"product_tag","embeddable":true,"href":"https:\/\/hydrodipzone.com\/film-hydrographique\/wp-json\/wp\/v2\/product_tag?post=7273"}],"curies":[{"name":"wp","href":"https:\/\/api.w.org\/{rel}","templated":true}]}}