{"id":6809,"date":"2024-11-24T22:04:09","date_gmt":"2024-11-24T21:04:09","guid":{"rendered":"https:\/\/hydrodipzone.com\/wassertransferdruck\/?post_type=product&#038;p=6809"},"modified":"2025-03-26T15:20:22","modified_gmt":"2025-03-26T14:20:22","slug":"lightning-hydro-dipping-film-2","status":"publish","type":"product","link":"https:\/\/hydrodipzone.com\/wassertransferdruck\/product\/lightning-hydro-dipping-film-2\/","title":{"rendered":"Blitz 2 Wassertransferdruck Folie"},"content":{"rendered":"","protected":false},"excerpt":{"rendered":"<p><strong>Blitz 2 Wassertransferdruck Folie<\/strong> ist die perfekte Wahl f\u00fcr kreative Projekte, die einen einzigartigen Look erfordern. Diese Folie bietet ein beeindruckendes Design, das sich ideal f\u00fcr verschiedene Oberfl\u00e4chen eignet und Ihre Objekte in ein wahres Kunstwerk verwandelt.<\/p>\n<ul>\n<li>Hochwertige Druckqualit\u00e4t f\u00fcr lebendige Farben und detailreiche Muster.<\/li>\n<li>Einfach anzuwenden mit der Wassertransferdruck-Technik.<\/li>\n<li>Vielseitig einsetzbar auf verschiedenen Materialien wie Kunststoff, Metall und Holz.<\/li>\n<li>Ideal f\u00fcr individuelle Projekte, von Fahrzeugen bis hin zu Haushaltsgegenst\u00e4nden.<\/li>\n<\/ul>\n<p>&nbsp;<\/p>\n<p><strong>Alle Folienpreise sind immer pro m2.<\/strong><\/p>\n<p>Diese Hydro Dip Film Design hat eine Breite von 50cm (also ist jedes m2 200cm x 50cm).<\/p>\n<p>Mehrere m2 werden als ein St\u00fcck geschnitten, zum Beispiel wird 4m2 ein einzelnes St\u00fcck von 800cm x 50cm sein (kein Stress, Sie k\u00f6nnen die Folie sehr einfach in kleinere St\u00fccke schneiden).<\/p>\n<p><strong>Sie k\u00f6nnen uns jederzeit kontaktieren, um die Verf\u00fcgbarkeit von 100cm Breite f\u00fcr dieses Design zu \u00fcberpr\u00fcfen!<\/strong><\/p>\n","protected":false},"featured_media":6803,"comment_status":"open","ping_status":"closed","template":"","meta":[],"product_brand":[],"product_cat":[44],"product_tag":[],"class_list":{"0":"post-6809","1":"product","2":"type-product","3":"status-publish","4":"has-post-thumbnail","6":"product_cat-blitze-wassertransferdruck-folie","8":"first","9":"instock","10":"taxable","11":"shipping-taxable","12":"purchasable","13":"product-type-simple"},"yoast_head":"<!-- This site is optimized with the Yoast SEO plugin v24.3 - https:\/\/yoast.com\/wordpress\/plugins\/seo\/ -->\n<title>Blitz 2 Wassertransferdruck Folie - HydroDipZone Wassertransferdruck<\/title>\n<meta name=\"description\" content=\"Blitz 2 Wassertransferdruck Folie bietet langlebige und vielseitige Designs f\u00fcr kreative Projekte. Ideal f\u00fcr Fahrzeuge und pers\u00f6nliche Gegenst\u00e4nde!\" \/>\n<meta name=\"robots\" content=\"index, follow, max-snippet:-1, max-image-preview:large, max-video-preview:-1\" \/>\n<link rel=\"canonical\" href=\"https:\/\/hydrodipzone.com\/wassertransferdruck\/product\/lightning-hydro-dipping-film-2\/\" \/>\n<meta property=\"og:locale\" content=\"de_DE\" \/>\n<meta property=\"og:type\" content=\"article\" \/>\n<meta property=\"og:title\" content=\"Blitz 2 Wassertransferdruck Folie - HydroDipZone Wassertransferdruck\" \/>\n<meta property=\"og:description\" content=\"Blitz 2 Wassertransferdruck Folie bietet langlebige und vielseitige Designs f\u00fcr kreative Projekte. Ideal f\u00fcr Fahrzeuge und pers\u00f6nliche Gegenst\u00e4nde!\" \/>\n<meta property=\"og:url\" content=\"https:\/\/hydrodipzone.com\/wassertransferdruck\/product\/lightning-hydro-dipping-film-2\/\" \/>\n<meta property=\"og:site_name\" content=\"HydroDipZone Wassertransferdruck\" \/>\n<meta property=\"article:modified_time\" content=\"2025-03-26T14:20:22+00:00\" \/>\n<meta property=\"og:image\" content=\"https:\/\/hydrodipzone.com\/wassertransferdruck\/wp-content\/uploads\/sites\/3\/2024\/11\/Hydro-Dip-Foil-Design-Lightning-2.jpg\" \/>\n\t<meta property=\"og:image:width\" content=\"1000\" \/>\n\t<meta property=\"og:image:height\" content=\"1000\" \/>\n\t<meta property=\"og:image:type\" content=\"image\/jpeg\" \/>\n<meta name=\"twitter:card\" content=\"summary_large_image\" \/>\n<script type=\"application\/ld+json\" class=\"yoast-schema-graph\">{\"@context\":\"https:\/\/schema.org\",\"@graph\":[{\"@type\":\"WebPage\",\"@id\":\"https:\/\/hydrodipzone.com\/wassertransferdruck\/product\/lightning-hydro-dipping-film-2\/\",\"url\":\"https:\/\/hydrodipzone.com\/wassertransferdruck\/product\/lightning-hydro-dipping-film-2\/\",\"name\":\"Blitz 2 Wassertransferdruck Folie - HydroDipZone Wassertransferdruck\",\"isPartOf\":{\"@id\":\"https:\/\/hydrodipzone.com\/wassertransferdruck\/#website\"},\"primaryImageOfPage\":{\"@id\":\"https:\/\/hydrodipzone.com\/wassertransferdruck\/product\/lightning-hydro-dipping-film-2\/#primaryimage\"},\"image\":{\"@id\":\"https:\/\/hydrodipzone.com\/wassertransferdruck\/product\/lightning-hydro-dipping-film-2\/#primaryimage\"},\"thumbnailUrl\":\"https:\/\/hydrodipzone.com\/wassertransferdruck\/wp-content\/uploads\/sites\/3\/2024\/11\/Hydro-Dip-Foil-Design-Lightning-2.jpg\",\"datePublished\":\"2024-11-24T21:04:09+00:00\",\"dateModified\":\"2025-03-26T14:20:22+00:00\",\"description\":\"Blitz 2 Wassertransferdruck Folie bietet langlebige und vielseitige Designs f\u00fcr kreative Projekte. Ideal f\u00fcr Fahrzeuge und pers\u00f6nliche Gegenst\u00e4nde!\",\"breadcrumb\":{\"@id\":\"https:\/\/hydrodipzone.com\/wassertransferdruck\/product\/lightning-hydro-dipping-film-2\/#breadcrumb\"},\"inLanguage\":\"de\",\"potentialAction\":[{\"@type\":\"ReadAction\",\"target\":[\"https:\/\/hydrodipzone.com\/wassertransferdruck\/product\/lightning-hydro-dipping-film-2\/\"]}]},{\"@type\":\"ImageObject\",\"inLanguage\":\"de\",\"@id\":\"https:\/\/hydrodipzone.com\/wassertransferdruck\/product\/lightning-hydro-dipping-film-2\/#primaryimage\",\"url\":\"https:\/\/hydrodipzone.com\/wassertransferdruck\/wp-content\/uploads\/sites\/3\/2024\/11\/Hydro-Dip-Foil-Design-Lightning-2.jpg\",\"contentUrl\":\"https:\/\/hydrodipzone.com\/wassertransferdruck\/wp-content\/uploads\/sites\/3\/2024\/11\/Hydro-Dip-Foil-Design-Lightning-2.jpg\",\"width\":1000,\"height\":1000},{\"@type\":\"BreadcrumbList\",\"@id\":\"https:\/\/hydrodipzone.com\/wassertransferdruck\/product\/lightning-hydro-dipping-film-2\/#breadcrumb\",\"itemListElement\":[{\"@type\":\"ListItem\",\"position\":1,\"name\":\"Home\",\"item\":\"https:\/\/hydrodipzone.com\/wassertransferdruck\/\"},{\"@type\":\"ListItem\",\"position\":2,\"name\":\"Products\",\"item\":\"https:\/\/hydrodipzone.com\/wassertransferdruck\/shop\/\"},{\"@type\":\"ListItem\",\"position\":3,\"name\":\"Blitz 2 Wassertransferdruck Folie\"}]},{\"@type\":\"WebSite\",\"@id\":\"https:\/\/hydrodipzone.com\/wassertransferdruck\/#website\",\"url\":\"https:\/\/hydrodipzone.com\/wassertransferdruck\/\",\"name\":\"HydroDipZone Wassertransferdruck\",\"description\":\"Alles, was Sie zum Wassertransferdruck zu Hause brauchen.\",\"publisher\":{\"@id\":\"https:\/\/hydrodipzone.com\/wassertransferdruck\/#organization\"},\"potentialAction\":[{\"@type\":\"SearchAction\",\"target\":{\"@type\":\"EntryPoint\",\"urlTemplate\":\"https:\/\/hydrodipzone.com\/wassertransferdruck\/?s={search_term_string}\"},\"query-input\":{\"@type\":\"PropertyValueSpecification\",\"valueRequired\":true,\"valueName\":\"search_term_string\"}}],\"inLanguage\":\"de\"},{\"@type\":\"Organization\",\"@id\":\"https:\/\/hydrodipzone.com\/wassertransferdruck\/#organization\",\"name\":\"HydroDipZone Wassertransferdruck\",\"url\":\"https:\/\/hydrodipzone.com\/wassertransferdruck\/\",\"logo\":{\"@type\":\"ImageObject\",\"inLanguage\":\"de\",\"@id\":\"https:\/\/hydrodipzone.com\/wassertransferdruck\/#\/schema\/logo\/image\/\",\"url\":\"https:\/\/hydrodipzone.com\/wassertransferdruck\/wp-content\/uploads\/sites\/3\/2024\/11\/HydroDipZone-landscape-logo-2000px-x-700px-NO-BG.png\",\"contentUrl\":\"https:\/\/hydrodipzone.com\/wassertransferdruck\/wp-content\/uploads\/sites\/3\/2024\/11\/HydroDipZone-landscape-logo-2000px-x-700px-NO-BG.png\",\"width\":2000,\"height\":700,\"caption\":\"HydroDipZone Wassertransferdruck\"},\"image\":{\"@id\":\"https:\/\/hydrodipzone.com\/wassertransferdruck\/#\/schema\/logo\/image\/\"}}]}<\/script>\n<!-- \/ Yoast SEO plugin. -->","yoast_head_json":{"title":"Blitz 2 Wassertransferdruck Folie - HydroDipZone Wassertransferdruck","description":"Blitz 2 Wassertransferdruck Folie bietet langlebige und vielseitige Designs f\u00fcr kreative Projekte. Ideal f\u00fcr Fahrzeuge und pers\u00f6nliche Gegenst\u00e4nde!","robots":{"index":"index","follow":"follow","max-snippet":"max-snippet:-1","max-image-preview":"max-image-preview:large","max-video-preview":"max-video-preview:-1"},"canonical":"https:\/\/hydrodipzone.com\/wassertransferdruck\/product\/lightning-hydro-dipping-film-2\/","og_locale":"de_DE","og_type":"article","og_title":"Blitz 2 Wassertransferdruck Folie - HydroDipZone Wassertransferdruck","og_description":"Blitz 2 Wassertransferdruck Folie bietet langlebige und vielseitige Designs f\u00fcr kreative Projekte. Ideal f\u00fcr Fahrzeuge und pers\u00f6nliche Gegenst\u00e4nde!","og_url":"https:\/\/hydrodipzone.com\/wassertransferdruck\/product\/lightning-hydro-dipping-film-2\/","og_site_name":"HydroDipZone Wassertransferdruck","article_modified_time":"2025-03-26T14:20:22+00:00","og_image":[{"width":1000,"height":1000,"url":"https:\/\/hydrodipzone.com\/wassertransferdruck\/wp-content\/uploads\/sites\/3\/2024\/11\/Hydro-Dip-Foil-Design-Lightning-2.jpg","type":"image\/jpeg"}],"twitter_card":"summary_large_image","schema":{"@context":"https:\/\/schema.org","@graph":[{"@type":"WebPage","@id":"https:\/\/hydrodipzone.com\/wassertransferdruck\/product\/lightning-hydro-dipping-film-2\/","url":"https:\/\/hydrodipzone.com\/wassertransferdruck\/product\/lightning-hydro-dipping-film-2\/","name":"Blitz 2 Wassertransferdruck Folie - HydroDipZone Wassertransferdruck","isPartOf":{"@id":"https:\/\/hydrodipzone.com\/wassertransferdruck\/#website"},"primaryImageOfPage":{"@id":"https:\/\/hydrodipzone.com\/wassertransferdruck\/product\/lightning-hydro-dipping-film-2\/#primaryimage"},"image":{"@id":"https:\/\/hydrodipzone.com\/wassertransferdruck\/product\/lightning-hydro-dipping-film-2\/#primaryimage"},"thumbnailUrl":"https:\/\/hydrodipzone.com\/wassertransferdruck\/wp-content\/uploads\/sites\/3\/2024\/11\/Hydro-Dip-Foil-Design-Lightning-2.jpg","datePublished":"2024-11-24T21:04:09+00:00","dateModified":"2025-03-26T14:20:22+00:00","description":"Blitz 2 Wassertransferdruck Folie bietet langlebige und vielseitige Designs f\u00fcr kreative Projekte. Ideal f\u00fcr Fahrzeuge und pers\u00f6nliche Gegenst\u00e4nde!","breadcrumb":{"@id":"https:\/\/hydrodipzone.com\/wassertransferdruck\/product\/lightning-hydro-dipping-film-2\/#breadcrumb"},"inLanguage":"de","potentialAction":[{"@type":"ReadAction","target":["https:\/\/hydrodipzone.com\/wassertransferdruck\/product\/lightning-hydro-dipping-film-2\/"]}]},{"@type":"ImageObject","inLanguage":"de","@id":"https:\/\/hydrodipzone.com\/wassertransferdruck\/product\/lightning-hydro-dipping-film-2\/#primaryimage","url":"https:\/\/hydrodipzone.com\/wassertransferdruck\/wp-content\/uploads\/sites\/3\/2024\/11\/Hydro-Dip-Foil-Design-Lightning-2.jpg","contentUrl":"https:\/\/hydrodipzone.com\/wassertransferdruck\/wp-content\/uploads\/sites\/3\/2024\/11\/Hydro-Dip-Foil-Design-Lightning-2.jpg","width":1000,"height":1000},{"@type":"BreadcrumbList","@id":"https:\/\/hydrodipzone.com\/wassertransferdruck\/product\/lightning-hydro-dipping-film-2\/#breadcrumb","itemListElement":[{"@type":"ListItem","position":1,"name":"Home","item":"https:\/\/hydrodipzone.com\/wassertransferdruck\/"},{"@type":"ListItem","position":2,"name":"Products","item":"https:\/\/hydrodipzone.com\/wassertransferdruck\/shop\/"},{"@type":"ListItem","position":3,"name":"Blitz 2 Wassertransferdruck Folie"}]},{"@type":"WebSite","@id":"https:\/\/hydrodipzone.com\/wassertransferdruck\/#website","url":"https:\/\/hydrodipzone.com\/wassertransferdruck\/","name":"HydroDipZone Wassertransferdruck","description":"Alles, was Sie zum Wassertransferdruck zu Hause brauchen.","publisher":{"@id":"https:\/\/hydrodipzone.com\/wassertransferdruck\/#organization"},"potentialAction":[{"@type":"SearchAction","target":{"@type":"EntryPoint","urlTemplate":"https:\/\/hydrodipzone.com\/wassertransferdruck\/?s={search_term_string}"},"query-input":{"@type":"PropertyValueSpecification","valueRequired":true,"valueName":"search_term_string"}}],"inLanguage":"de"},{"@type":"Organization","@id":"https:\/\/hydrodipzone.com\/wassertransferdruck\/#organization","name":"HydroDipZone Wassertransferdruck","url":"https:\/\/hydrodipzone.com\/wassertransferdruck\/","logo":{"@type":"ImageObject","inLanguage":"de","@id":"https:\/\/hydrodipzone.com\/wassertransferdruck\/#\/schema\/logo\/image\/","url":"https:\/\/hydrodipzone.com\/wassertransferdruck\/wp-content\/uploads\/sites\/3\/2024\/11\/HydroDipZone-landscape-logo-2000px-x-700px-NO-BG.png","contentUrl":"https:\/\/hydrodipzone.com\/wassertransferdruck\/wp-content\/uploads\/sites\/3\/2024\/11\/HydroDipZone-landscape-logo-2000px-x-700px-NO-BG.png","width":2000,"height":700,"caption":"HydroDipZone Wassertransferdruck"},"image":{"@id":"https:\/\/hydrodipzone.com\/wassertransferdruck\/#\/schema\/logo\/image\/"}}]}},"_links":{"self":[{"href":"https:\/\/hydrodipzone.com\/wassertransferdruck\/wp-json\/wp\/v2\/product\/6809","targetHints":{"allow":["GET"]}}],"collection":[{"href":"https:\/\/hydrodipzone.com\/wassertransferdruck\/wp-json\/wp\/v2\/product"}],"about":[{"href":"https:\/\/hydrodipzone.com\/wassertransferdruck\/wp-json\/wp\/v2\/types\/product"}],"replies":[{"embeddable":true,"href":"https:\/\/hydrodipzone.com\/wassertransferdruck\/wp-json\/wp\/v2\/comments?post=6809"}],"wp:featuredmedia":[{"embeddable":true,"href":"https:\/\/hydrodipzone.com\/wassertransferdruck\/wp-json\/wp\/v2\/media\/6803"}],"wp:attachment":[{"href":"https:\/\/hydrodipzone.com\/wassertransferdruck\/wp-json\/wp\/v2\/media?parent=6809"}],"wp:term":[{"taxonomy":"product_brand","embeddable":true,"href":"https:\/\/hydrodipzone.com\/wassertransferdruck\/wp-json\/wp\/v2\/product_brand?post=6809"},{"taxonomy":"product_cat","embeddable":true,"href":"https:\/\/hydrodipzone.com\/wassertransferdruck\/wp-json\/wp\/v2\/product_cat?post=6809"},{"taxonomy":"product_tag","embeddable":true,"href":"https:\/\/hydrodipzone.com\/wassertransferdruck\/wp-json\/wp\/v2\/product_tag?post=6809"}],"curies":[{"name":"wp","href":"https:\/\/api.w.org\/{rel}","templated":true}]}}