{"id":7207,"date":"2024-11-30T00:20:57","date_gmt":"2024-11-29T23:20:57","guid":{"rendered":"https:\/\/hydrodipzone.com\/wassertransferdruck\/?post_type=product&#038;p=7207"},"modified":"2025-03-26T15:20:23","modified_gmt":"2025-03-26T14:20:23","slug":"ral-7016-antracite-primer-400ml-aerosol","status":"publish","type":"product","link":"https:\/\/hydrodipzone.com\/wassertransferdruck\/product\/ral-7016-antracite-primer-400ml-aerosol\/","title":{"rendered":"RAL 7016 Anthrazit &#8211; Grundierung 400ml Spr\u00fchdose"},"content":{"rendered":"","protected":false},"excerpt":{"rendered":"<p>Die Anthrazitgrundierung RAL 7016 in einer praktischen 400-ml-Aerosoldose ist eine vielseitige Grundierung f\u00fcr Hydrodipping und andere kreative Anwendungen. Ihr satter Anthrazitgrauton bietet eine glatte, neutrale Basis, die die Designtiefe verbessert und eine hervorragende Haftung auf einer Vielzahl von Oberfl\u00e4chen gew\u00e4hrleistet, darunter Kunststoff, Metall und Holz. Dank der schnell trocknenden Formel erm\u00f6glicht diese Grundierung eine effiziente Anwendung und spart Ihnen Zeit, ohne Kompromisse bei der Qualit\u00e4t einzugehen. Egal, ob Sie Profi oder Hobbybastler sind, die HydroDipZone RAL 7016-Grundierung ist die perfekte Wahl, um m\u00fchelos ein langlebiges, professionelles Finish zu erzielen.<\/p>\n","protected":false},"featured_media":7222,"comment_status":"open","ping_status":"closed","template":"","meta":[],"product_brand":[],"product_cat":[51],"product_tag":[],"class_list":{"0":"post-7207","1":"product","2":"type-product","3":"status-publish","4":"has-post-thumbnail","6":"product_cat-wassertransferdruck-zubehor","8":"first","9":"instock","10":"taxable","11":"shipping-taxable","12":"purchasable","13":"product-type-simple"},"yoast_head":"<!-- This site is optimized with the Yoast SEO plugin v24.3 - https:\/\/yoast.com\/wordpress\/plugins\/seo\/ -->\n<title>RAL 7016 Anthrazit - Grundierung 400ml Spr\u00fchdose - HydroDipZone Wassertransferdruck<\/title>\n<meta name=\"description\" content=\"RAL 7016 Anthrazit \u2013 Grundierung 400ml Spr\u00fchdose bietet professionelle Qualit\u00e4t und einfache Anwendung. Ideal f\u00fcr kreative Projekte und langlebige Ergebnisse!\" \/>\n<meta name=\"robots\" content=\"index, follow, max-snippet:-1, max-image-preview:large, max-video-preview:-1\" \/>\n<link rel=\"canonical\" href=\"https:\/\/hydrodipzone.com\/wassertransferdruck\/product\/ral-7016-antracite-primer-400ml-aerosol\/\" \/>\n<meta property=\"og:locale\" content=\"de_DE\" \/>\n<meta property=\"og:type\" content=\"article\" \/>\n<meta property=\"og:title\" content=\"RAL 7016 Anthrazit - Grundierung 400ml Spr\u00fchdose - HydroDipZone Wassertransferdruck\" \/>\n<meta property=\"og:description\" content=\"RAL 7016 Anthrazit \u2013 Grundierung 400ml Spr\u00fchdose bietet professionelle Qualit\u00e4t und einfache Anwendung. Ideal f\u00fcr kreative Projekte und langlebige Ergebnisse!\" \/>\n<meta property=\"og:url\" content=\"https:\/\/hydrodipzone.com\/wassertransferdruck\/product\/ral-7016-antracite-primer-400ml-aerosol\/\" \/>\n<meta property=\"og:site_name\" content=\"HydroDipZone Wassertransferdruck\" \/>\n<meta property=\"article:modified_time\" content=\"2025-03-26T14:20:23+00:00\" \/>\n<meta property=\"og:image\" content=\"https:\/\/hydrodipzone.com\/wassertransferdruck\/wp-content\/uploads\/sites\/3\/2024\/11\/RAL-7016-Antracite-Primer-HydroDipZone-400ml-Aerosol.jpg\" \/>\n\t<meta property=\"og:image:width\" content=\"1000\" \/>\n\t<meta property=\"og:image:height\" content=\"1000\" \/>\n\t<meta property=\"og:image:type\" content=\"image\/jpeg\" \/>\n<meta name=\"twitter:card\" content=\"summary_large_image\" \/>\n<meta name=\"twitter:label1\" content=\"Gesch\u00e4tzte Lesezeit\" \/>\n\t<meta name=\"twitter:data1\" content=\"1\u00a0Minute\" \/>\n<script type=\"application\/ld+json\" class=\"yoast-schema-graph\">{\"@context\":\"https:\/\/schema.org\",\"@graph\":[{\"@type\":\"WebPage\",\"@id\":\"https:\/\/hydrodipzone.com\/wassertransferdruck\/product\/ral-7016-antracite-primer-400ml-aerosol\/\",\"url\":\"https:\/\/hydrodipzone.com\/wassertransferdruck\/product\/ral-7016-antracite-primer-400ml-aerosol\/\",\"name\":\"RAL 7016 Anthrazit - Grundierung 400ml Spr\u00fchdose - HydroDipZone Wassertransferdruck\",\"isPartOf\":{\"@id\":\"https:\/\/hydrodipzone.com\/wassertransferdruck\/#website\"},\"primaryImageOfPage\":{\"@id\":\"https:\/\/hydrodipzone.com\/wassertransferdruck\/product\/ral-7016-antracite-primer-400ml-aerosol\/#primaryimage\"},\"image\":{\"@id\":\"https:\/\/hydrodipzone.com\/wassertransferdruck\/product\/ral-7016-antracite-primer-400ml-aerosol\/#primaryimage\"},\"thumbnailUrl\":\"https:\/\/hydrodipzone.com\/wassertransferdruck\/wp-content\/uploads\/sites\/3\/2024\/11\/RAL-7016-Antracite-Primer-HydroDipZone-400ml-Aerosol.jpg\",\"datePublished\":\"2024-11-29T23:20:57+00:00\",\"dateModified\":\"2025-03-26T14:20:23+00:00\",\"description\":\"RAL 7016 Anthrazit \u2013 Grundierung 400ml Spr\u00fchdose bietet professionelle Qualit\u00e4t und einfache Anwendung. Ideal f\u00fcr kreative Projekte und langlebige Ergebnisse!\",\"breadcrumb\":{\"@id\":\"https:\/\/hydrodipzone.com\/wassertransferdruck\/product\/ral-7016-antracite-primer-400ml-aerosol\/#breadcrumb\"},\"inLanguage\":\"de\",\"potentialAction\":[{\"@type\":\"ReadAction\",\"target\":[\"https:\/\/hydrodipzone.com\/wassertransferdruck\/product\/ral-7016-antracite-primer-400ml-aerosol\/\"]}]},{\"@type\":\"ImageObject\",\"inLanguage\":\"de\",\"@id\":\"https:\/\/hydrodipzone.com\/wassertransferdruck\/product\/ral-7016-antracite-primer-400ml-aerosol\/#primaryimage\",\"url\":\"https:\/\/hydrodipzone.com\/wassertransferdruck\/wp-content\/uploads\/sites\/3\/2024\/11\/RAL-7016-Antracite-Primer-HydroDipZone-400ml-Aerosol.jpg\",\"contentUrl\":\"https:\/\/hydrodipzone.com\/wassertransferdruck\/wp-content\/uploads\/sites\/3\/2024\/11\/RAL-7016-Antracite-Primer-HydroDipZone-400ml-Aerosol.jpg\",\"width\":1000,\"height\":1000},{\"@type\":\"BreadcrumbList\",\"@id\":\"https:\/\/hydrodipzone.com\/wassertransferdruck\/product\/ral-7016-antracite-primer-400ml-aerosol\/#breadcrumb\",\"itemListElement\":[{\"@type\":\"ListItem\",\"position\":1,\"name\":\"Home\",\"item\":\"https:\/\/hydrodipzone.com\/wassertransferdruck\/\"},{\"@type\":\"ListItem\",\"position\":2,\"name\":\"Products\",\"item\":\"https:\/\/hydrodipzone.com\/wassertransferdruck\/shop\/\"},{\"@type\":\"ListItem\",\"position\":3,\"name\":\"RAL 7016 Anthrazit &#8211; Grundierung 400ml Spr\u00fchdose\"}]},{\"@type\":\"WebSite\",\"@id\":\"https:\/\/hydrodipzone.com\/wassertransferdruck\/#website\",\"url\":\"https:\/\/hydrodipzone.com\/wassertransferdruck\/\",\"name\":\"HydroDipZone Wassertransferdruck\",\"description\":\"Alles, was Sie zum Wassertransferdruck zu Hause brauchen.\",\"publisher\":{\"@id\":\"https:\/\/hydrodipzone.com\/wassertransferdruck\/#organization\"},\"potentialAction\":[{\"@type\":\"SearchAction\",\"target\":{\"@type\":\"EntryPoint\",\"urlTemplate\":\"https:\/\/hydrodipzone.com\/wassertransferdruck\/?s={search_term_string}\"},\"query-input\":{\"@type\":\"PropertyValueSpecification\",\"valueRequired\":true,\"valueName\":\"search_term_string\"}}],\"inLanguage\":\"de\"},{\"@type\":\"Organization\",\"@id\":\"https:\/\/hydrodipzone.com\/wassertransferdruck\/#organization\",\"name\":\"HydroDipZone Wassertransferdruck\",\"url\":\"https:\/\/hydrodipzone.com\/wassertransferdruck\/\",\"logo\":{\"@type\":\"ImageObject\",\"inLanguage\":\"de\",\"@id\":\"https:\/\/hydrodipzone.com\/wassertransferdruck\/#\/schema\/logo\/image\/\",\"url\":\"https:\/\/hydrodipzone.com\/wassertransferdruck\/wp-content\/uploads\/sites\/3\/2024\/11\/HydroDipZone-landscape-logo-2000px-x-700px-NO-BG.png\",\"contentUrl\":\"https:\/\/hydrodipzone.com\/wassertransferdruck\/wp-content\/uploads\/sites\/3\/2024\/11\/HydroDipZone-landscape-logo-2000px-x-700px-NO-BG.png\",\"width\":2000,\"height\":700,\"caption\":\"HydroDipZone Wassertransferdruck\"},\"image\":{\"@id\":\"https:\/\/hydrodipzone.com\/wassertransferdruck\/#\/schema\/logo\/image\/\"}}]}<\/script>\n<!-- \/ Yoast SEO plugin. -->","yoast_head_json":{"title":"RAL 7016 Anthrazit - Grundierung 400ml Spr\u00fchdose - HydroDipZone Wassertransferdruck","description":"RAL 7016 Anthrazit \u2013 Grundierung 400ml Spr\u00fchdose bietet professionelle Qualit\u00e4t und einfache Anwendung. Ideal f\u00fcr kreative Projekte und langlebige Ergebnisse!","robots":{"index":"index","follow":"follow","max-snippet":"max-snippet:-1","max-image-preview":"max-image-preview:large","max-video-preview":"max-video-preview:-1"},"canonical":"https:\/\/hydrodipzone.com\/wassertransferdruck\/product\/ral-7016-antracite-primer-400ml-aerosol\/","og_locale":"de_DE","og_type":"article","og_title":"RAL 7016 Anthrazit - Grundierung 400ml Spr\u00fchdose - HydroDipZone Wassertransferdruck","og_description":"RAL 7016 Anthrazit \u2013 Grundierung 400ml Spr\u00fchdose bietet professionelle Qualit\u00e4t und einfache Anwendung. Ideal f\u00fcr kreative Projekte und langlebige Ergebnisse!","og_url":"https:\/\/hydrodipzone.com\/wassertransferdruck\/product\/ral-7016-antracite-primer-400ml-aerosol\/","og_site_name":"HydroDipZone Wassertransferdruck","article_modified_time":"2025-03-26T14:20:23+00:00","og_image":[{"width":1000,"height":1000,"url":"https:\/\/hydrodipzone.com\/wassertransferdruck\/wp-content\/uploads\/sites\/3\/2024\/11\/RAL-7016-Antracite-Primer-HydroDipZone-400ml-Aerosol.jpg","type":"image\/jpeg"}],"twitter_card":"summary_large_image","twitter_misc":{"Gesch\u00e4tzte Lesezeit":"1\u00a0Minute"},"schema":{"@context":"https:\/\/schema.org","@graph":[{"@type":"WebPage","@id":"https:\/\/hydrodipzone.com\/wassertransferdruck\/product\/ral-7016-antracite-primer-400ml-aerosol\/","url":"https:\/\/hydrodipzone.com\/wassertransferdruck\/product\/ral-7016-antracite-primer-400ml-aerosol\/","name":"RAL 7016 Anthrazit - Grundierung 400ml Spr\u00fchdose - HydroDipZone Wassertransferdruck","isPartOf":{"@id":"https:\/\/hydrodipzone.com\/wassertransferdruck\/#website"},"primaryImageOfPage":{"@id":"https:\/\/hydrodipzone.com\/wassertransferdruck\/product\/ral-7016-antracite-primer-400ml-aerosol\/#primaryimage"},"image":{"@id":"https:\/\/hydrodipzone.com\/wassertransferdruck\/product\/ral-7016-antracite-primer-400ml-aerosol\/#primaryimage"},"thumbnailUrl":"https:\/\/hydrodipzone.com\/wassertransferdruck\/wp-content\/uploads\/sites\/3\/2024\/11\/RAL-7016-Antracite-Primer-HydroDipZone-400ml-Aerosol.jpg","datePublished":"2024-11-29T23:20:57+00:00","dateModified":"2025-03-26T14:20:23+00:00","description":"RAL 7016 Anthrazit \u2013 Grundierung 400ml Spr\u00fchdose bietet professionelle Qualit\u00e4t und einfache Anwendung. Ideal f\u00fcr kreative Projekte und langlebige Ergebnisse!","breadcrumb":{"@id":"https:\/\/hydrodipzone.com\/wassertransferdruck\/product\/ral-7016-antracite-primer-400ml-aerosol\/#breadcrumb"},"inLanguage":"de","potentialAction":[{"@type":"ReadAction","target":["https:\/\/hydrodipzone.com\/wassertransferdruck\/product\/ral-7016-antracite-primer-400ml-aerosol\/"]}]},{"@type":"ImageObject","inLanguage":"de","@id":"https:\/\/hydrodipzone.com\/wassertransferdruck\/product\/ral-7016-antracite-primer-400ml-aerosol\/#primaryimage","url":"https:\/\/hydrodipzone.com\/wassertransferdruck\/wp-content\/uploads\/sites\/3\/2024\/11\/RAL-7016-Antracite-Primer-HydroDipZone-400ml-Aerosol.jpg","contentUrl":"https:\/\/hydrodipzone.com\/wassertransferdruck\/wp-content\/uploads\/sites\/3\/2024\/11\/RAL-7016-Antracite-Primer-HydroDipZone-400ml-Aerosol.jpg","width":1000,"height":1000},{"@type":"BreadcrumbList","@id":"https:\/\/hydrodipzone.com\/wassertransferdruck\/product\/ral-7016-antracite-primer-400ml-aerosol\/#breadcrumb","itemListElement":[{"@type":"ListItem","position":1,"name":"Home","item":"https:\/\/hydrodipzone.com\/wassertransferdruck\/"},{"@type":"ListItem","position":2,"name":"Products","item":"https:\/\/hydrodipzone.com\/wassertransferdruck\/shop\/"},{"@type":"ListItem","position":3,"name":"RAL 7016 Anthrazit &#8211; Grundierung 400ml Spr\u00fchdose"}]},{"@type":"WebSite","@id":"https:\/\/hydrodipzone.com\/wassertransferdruck\/#website","url":"https:\/\/hydrodipzone.com\/wassertransferdruck\/","name":"HydroDipZone Wassertransferdruck","description":"Alles, was Sie zum Wassertransferdruck zu Hause brauchen.","publisher":{"@id":"https:\/\/hydrodipzone.com\/wassertransferdruck\/#organization"},"potentialAction":[{"@type":"SearchAction","target":{"@type":"EntryPoint","urlTemplate":"https:\/\/hydrodipzone.com\/wassertransferdruck\/?s={search_term_string}"},"query-input":{"@type":"PropertyValueSpecification","valueRequired":true,"valueName":"search_term_string"}}],"inLanguage":"de"},{"@type":"Organization","@id":"https:\/\/hydrodipzone.com\/wassertransferdruck\/#organization","name":"HydroDipZone Wassertransferdruck","url":"https:\/\/hydrodipzone.com\/wassertransferdruck\/","logo":{"@type":"ImageObject","inLanguage":"de","@id":"https:\/\/hydrodipzone.com\/wassertransferdruck\/#\/schema\/logo\/image\/","url":"https:\/\/hydrodipzone.com\/wassertransferdruck\/wp-content\/uploads\/sites\/3\/2024\/11\/HydroDipZone-landscape-logo-2000px-x-700px-NO-BG.png","contentUrl":"https:\/\/hydrodipzone.com\/wassertransferdruck\/wp-content\/uploads\/sites\/3\/2024\/11\/HydroDipZone-landscape-logo-2000px-x-700px-NO-BG.png","width":2000,"height":700,"caption":"HydroDipZone Wassertransferdruck"},"image":{"@id":"https:\/\/hydrodipzone.com\/wassertransferdruck\/#\/schema\/logo\/image\/"}}]}},"_links":{"self":[{"href":"https:\/\/hydrodipzone.com\/wassertransferdruck\/wp-json\/wp\/v2\/product\/7207","targetHints":{"allow":["GET"]}}],"collection":[{"href":"https:\/\/hydrodipzone.com\/wassertransferdruck\/wp-json\/wp\/v2\/product"}],"about":[{"href":"https:\/\/hydrodipzone.com\/wassertransferdruck\/wp-json\/wp\/v2\/types\/product"}],"replies":[{"embeddable":true,"href":"https:\/\/hydrodipzone.com\/wassertransferdruck\/wp-json\/wp\/v2\/comments?post=7207"}],"wp:featuredmedia":[{"embeddable":true,"href":"https:\/\/hydrodipzone.com\/wassertransferdruck\/wp-json\/wp\/v2\/media\/7222"}],"wp:attachment":[{"href":"https:\/\/hydrodipzone.com\/wassertransferdruck\/wp-json\/wp\/v2\/media?parent=7207"}],"wp:term":[{"taxonomy":"product_brand","embeddable":true,"href":"https:\/\/hydrodipzone.com\/wassertransferdruck\/wp-json\/wp\/v2\/product_brand?post=7207"},{"taxonomy":"product_cat","embeddable":true,"href":"https:\/\/hydrodipzone.com\/wassertransferdruck\/wp-json\/wp\/v2\/product_cat?post=7207"},{"taxonomy":"product_tag","embeddable":true,"href":"https:\/\/hydrodipzone.com\/wassertransferdruck\/wp-json\/wp\/v2\/product_tag?post=7207"}],"curies":[{"name":"wp","href":"https:\/\/api.w.org\/{rel}","templated":true}]}}