{"id":7212,"date":"2024-11-30T00:27:36","date_gmt":"2024-11-29T23:27:36","guid":{"rendered":"https:\/\/hydrodipzone.com\/wassertransferdruck\/?post_type=product&#038;p=7212"},"modified":"2025-03-26T15:20:23","modified_gmt":"2025-03-26T14:20:23","slug":"white-universal-primer-hydrodipzone-400ml-aerosol","status":"publish","type":"product","link":"https:\/\/hydrodipzone.com\/wassertransferdruck\/product\/white-universal-primer-hydrodipzone-400ml-aerosol\/","title":{"rendered":"Wei\u00df &#8211; Grundierung Universal 400ml Spr\u00fchdose"},"content":{"rendered":"","protected":false},"excerpt":{"rendered":"<p>Die RAL 9016 Verkehrswei\u00df-Grundierung in einer 400-ml-Aerosoldose ist eine Hochleistungsgrundierung, die sich perfekt f\u00fcr Hydrodipping und andere individuelle Anwendungen eignet. Ihr heller, sauberer Wei\u00dfton bietet eine hervorragende Grundierung und verbessert die Lebendigkeit und Klarheit Ihrer Designs. Diese Grundierung wurde f\u00fcr hervorragende Haftung entwickelt und eignet sich ideal f\u00fcr die Verwendung auf verschiedenen Oberfl\u00e4chen, einschlie\u00dflich Metall, Kunststoff und Holz, und gew\u00e4hrleistet lang anhaltende und professionelle Ergebnisse. Mit ihrer schnell trocknenden Formel und der einfachen Spr\u00fchapplikation ist die RAL 9016-Grundierung ein Muss f\u00fcr ein makelloses Finish, egal ob Sie Heimwerker oder Profi sind.<\/p>\n","protected":false},"featured_media":7232,"comment_status":"open","ping_status":"closed","template":"","meta":[],"product_brand":[],"product_cat":[51],"product_tag":[],"class_list":{"0":"post-7212","1":"product","2":"type-product","3":"status-publish","4":"has-post-thumbnail","6":"product_cat-wassertransferdruck-zubehor","8":"first","9":"instock","10":"taxable","11":"shipping-taxable","12":"purchasable","13":"product-type-simple"},"yoast_head":"<!-- This site is optimized with the Yoast SEO plugin v24.3 - https:\/\/yoast.com\/wordpress\/plugins\/seo\/ -->\n<title>Wei\u00df - Grundierung Universal 400ml Spr\u00fchdose - HydroDipZone Wassertransferdruck<\/title>\n<meta name=\"description\" content=\"Wei\u00df \u2013 Grundierung Universal 400ml Spr\u00fchdose bietet professionelle Qualit\u00e4t und einfache Anwendung f\u00fcr kreative Projekte. Ideal f\u00fcr M\u00f6bel und Fahrzeuge!\" \/>\n<meta name=\"robots\" content=\"index, follow, max-snippet:-1, max-image-preview:large, max-video-preview:-1\" \/>\n<link rel=\"canonical\" href=\"https:\/\/hydrodipzone.com\/wassertransferdruck\/product\/white-universal-primer-hydrodipzone-400ml-aerosol\/\" \/>\n<meta property=\"og:locale\" content=\"de_DE\" \/>\n<meta property=\"og:type\" content=\"article\" \/>\n<meta property=\"og:title\" content=\"Wei\u00df - Grundierung Universal 400ml Spr\u00fchdose - HydroDipZone Wassertransferdruck\" \/>\n<meta property=\"og:description\" content=\"Wei\u00df \u2013 Grundierung Universal 400ml Spr\u00fchdose bietet professionelle Qualit\u00e4t und einfache Anwendung f\u00fcr kreative Projekte. Ideal f\u00fcr M\u00f6bel und Fahrzeuge!\" \/>\n<meta property=\"og:url\" content=\"https:\/\/hydrodipzone.com\/wassertransferdruck\/product\/white-universal-primer-hydrodipzone-400ml-aerosol\/\" \/>\n<meta property=\"og:site_name\" content=\"HydroDipZone Wassertransferdruck\" \/>\n<meta property=\"article:modified_time\" content=\"2025-03-26T14:20:23+00:00\" \/>\n<meta property=\"og:image\" content=\"https:\/\/hydrodipzone.com\/wassertransferdruck\/wp-content\/uploads\/sites\/3\/2024\/11\/RAL-9016-Traffic-White-HydroDipZone-400ml-Aerosol-1.jpg\" \/>\n\t<meta property=\"og:image:width\" content=\"1000\" \/>\n\t<meta property=\"og:image:height\" content=\"1000\" \/>\n\t<meta property=\"og:image:type\" content=\"image\/jpeg\" \/>\n<meta name=\"twitter:card\" content=\"summary_large_image\" \/>\n<meta name=\"twitter:label1\" content=\"Gesch\u00e4tzte Lesezeit\" \/>\n\t<meta name=\"twitter:data1\" content=\"1\u00a0Minute\" \/>\n<script type=\"application\/ld+json\" class=\"yoast-schema-graph\">{\"@context\":\"https:\/\/schema.org\",\"@graph\":[{\"@type\":\"WebPage\",\"@id\":\"https:\/\/hydrodipzone.com\/wassertransferdruck\/product\/white-universal-primer-hydrodipzone-400ml-aerosol\/\",\"url\":\"https:\/\/hydrodipzone.com\/wassertransferdruck\/product\/white-universal-primer-hydrodipzone-400ml-aerosol\/\",\"name\":\"Wei\u00df - Grundierung Universal 400ml Spr\u00fchdose - HydroDipZone Wassertransferdruck\",\"isPartOf\":{\"@id\":\"https:\/\/hydrodipzone.com\/wassertransferdruck\/#website\"},\"primaryImageOfPage\":{\"@id\":\"https:\/\/hydrodipzone.com\/wassertransferdruck\/product\/white-universal-primer-hydrodipzone-400ml-aerosol\/#primaryimage\"},\"image\":{\"@id\":\"https:\/\/hydrodipzone.com\/wassertransferdruck\/product\/white-universal-primer-hydrodipzone-400ml-aerosol\/#primaryimage\"},\"thumbnailUrl\":\"https:\/\/hydrodipzone.com\/wassertransferdruck\/wp-content\/uploads\/sites\/3\/2024\/11\/RAL-9016-Traffic-White-HydroDipZone-400ml-Aerosol-1.jpg\",\"datePublished\":\"2024-11-29T23:27:36+00:00\",\"dateModified\":\"2025-03-26T14:20:23+00:00\",\"description\":\"Wei\u00df \u2013 Grundierung Universal 400ml Spr\u00fchdose bietet professionelle Qualit\u00e4t und einfache Anwendung f\u00fcr kreative Projekte. Ideal f\u00fcr M\u00f6bel und Fahrzeuge!\",\"breadcrumb\":{\"@id\":\"https:\/\/hydrodipzone.com\/wassertransferdruck\/product\/white-universal-primer-hydrodipzone-400ml-aerosol\/#breadcrumb\"},\"inLanguage\":\"de\",\"potentialAction\":[{\"@type\":\"ReadAction\",\"target\":[\"https:\/\/hydrodipzone.com\/wassertransferdruck\/product\/white-universal-primer-hydrodipzone-400ml-aerosol\/\"]}]},{\"@type\":\"ImageObject\",\"inLanguage\":\"de\",\"@id\":\"https:\/\/hydrodipzone.com\/wassertransferdruck\/product\/white-universal-primer-hydrodipzone-400ml-aerosol\/#primaryimage\",\"url\":\"https:\/\/hydrodipzone.com\/wassertransferdruck\/wp-content\/uploads\/sites\/3\/2024\/11\/RAL-9016-Traffic-White-HydroDipZone-400ml-Aerosol-1.jpg\",\"contentUrl\":\"https:\/\/hydrodipzone.com\/wassertransferdruck\/wp-content\/uploads\/sites\/3\/2024\/11\/RAL-9016-Traffic-White-HydroDipZone-400ml-Aerosol-1.jpg\",\"width\":1000,\"height\":1000},{\"@type\":\"BreadcrumbList\",\"@id\":\"https:\/\/hydrodipzone.com\/wassertransferdruck\/product\/white-universal-primer-hydrodipzone-400ml-aerosol\/#breadcrumb\",\"itemListElement\":[{\"@type\":\"ListItem\",\"position\":1,\"name\":\"Home\",\"item\":\"https:\/\/hydrodipzone.com\/wassertransferdruck\/\"},{\"@type\":\"ListItem\",\"position\":2,\"name\":\"Products\",\"item\":\"https:\/\/hydrodipzone.com\/wassertransferdruck\/shop\/\"},{\"@type\":\"ListItem\",\"position\":3,\"name\":\"Wei\u00df &#8211; Grundierung Universal 400ml Spr\u00fchdose\"}]},{\"@type\":\"WebSite\",\"@id\":\"https:\/\/hydrodipzone.com\/wassertransferdruck\/#website\",\"url\":\"https:\/\/hydrodipzone.com\/wassertransferdruck\/\",\"name\":\"HydroDipZone Wassertransferdruck\",\"description\":\"Alles, was Sie zum Wassertransferdruck zu Hause brauchen.\",\"publisher\":{\"@id\":\"https:\/\/hydrodipzone.com\/wassertransferdruck\/#organization\"},\"potentialAction\":[{\"@type\":\"SearchAction\",\"target\":{\"@type\":\"EntryPoint\",\"urlTemplate\":\"https:\/\/hydrodipzone.com\/wassertransferdruck\/?s={search_term_string}\"},\"query-input\":{\"@type\":\"PropertyValueSpecification\",\"valueRequired\":true,\"valueName\":\"search_term_string\"}}],\"inLanguage\":\"de\"},{\"@type\":\"Organization\",\"@id\":\"https:\/\/hydrodipzone.com\/wassertransferdruck\/#organization\",\"name\":\"HydroDipZone Wassertransferdruck\",\"url\":\"https:\/\/hydrodipzone.com\/wassertransferdruck\/\",\"logo\":{\"@type\":\"ImageObject\",\"inLanguage\":\"de\",\"@id\":\"https:\/\/hydrodipzone.com\/wassertransferdruck\/#\/schema\/logo\/image\/\",\"url\":\"https:\/\/hydrodipzone.com\/wassertransferdruck\/wp-content\/uploads\/sites\/3\/2024\/11\/HydroDipZone-landscape-logo-2000px-x-700px-NO-BG.png\",\"contentUrl\":\"https:\/\/hydrodipzone.com\/wassertransferdruck\/wp-content\/uploads\/sites\/3\/2024\/11\/HydroDipZone-landscape-logo-2000px-x-700px-NO-BG.png\",\"width\":2000,\"height\":700,\"caption\":\"HydroDipZone Wassertransferdruck\"},\"image\":{\"@id\":\"https:\/\/hydrodipzone.com\/wassertransferdruck\/#\/schema\/logo\/image\/\"}}]}<\/script>\n<!-- \/ Yoast SEO plugin. -->","yoast_head_json":{"title":"Wei\u00df - Grundierung Universal 400ml Spr\u00fchdose - HydroDipZone Wassertransferdruck","description":"Wei\u00df \u2013 Grundierung Universal 400ml Spr\u00fchdose bietet professionelle Qualit\u00e4t und einfache Anwendung f\u00fcr kreative Projekte. Ideal f\u00fcr M\u00f6bel und Fahrzeuge!","robots":{"index":"index","follow":"follow","max-snippet":"max-snippet:-1","max-image-preview":"max-image-preview:large","max-video-preview":"max-video-preview:-1"},"canonical":"https:\/\/hydrodipzone.com\/wassertransferdruck\/product\/white-universal-primer-hydrodipzone-400ml-aerosol\/","og_locale":"de_DE","og_type":"article","og_title":"Wei\u00df - Grundierung Universal 400ml Spr\u00fchdose - HydroDipZone Wassertransferdruck","og_description":"Wei\u00df \u2013 Grundierung Universal 400ml Spr\u00fchdose bietet professionelle Qualit\u00e4t und einfache Anwendung f\u00fcr kreative Projekte. Ideal f\u00fcr M\u00f6bel und Fahrzeuge!","og_url":"https:\/\/hydrodipzone.com\/wassertransferdruck\/product\/white-universal-primer-hydrodipzone-400ml-aerosol\/","og_site_name":"HydroDipZone Wassertransferdruck","article_modified_time":"2025-03-26T14:20:23+00:00","og_image":[{"width":1000,"height":1000,"url":"https:\/\/hydrodipzone.com\/wassertransferdruck\/wp-content\/uploads\/sites\/3\/2024\/11\/RAL-9016-Traffic-White-HydroDipZone-400ml-Aerosol-1.jpg","type":"image\/jpeg"}],"twitter_card":"summary_large_image","twitter_misc":{"Gesch\u00e4tzte Lesezeit":"1\u00a0Minute"},"schema":{"@context":"https:\/\/schema.org","@graph":[{"@type":"WebPage","@id":"https:\/\/hydrodipzone.com\/wassertransferdruck\/product\/white-universal-primer-hydrodipzone-400ml-aerosol\/","url":"https:\/\/hydrodipzone.com\/wassertransferdruck\/product\/white-universal-primer-hydrodipzone-400ml-aerosol\/","name":"Wei\u00df - Grundierung Universal 400ml Spr\u00fchdose - HydroDipZone Wassertransferdruck","isPartOf":{"@id":"https:\/\/hydrodipzone.com\/wassertransferdruck\/#website"},"primaryImageOfPage":{"@id":"https:\/\/hydrodipzone.com\/wassertransferdruck\/product\/white-universal-primer-hydrodipzone-400ml-aerosol\/#primaryimage"},"image":{"@id":"https:\/\/hydrodipzone.com\/wassertransferdruck\/product\/white-universal-primer-hydrodipzone-400ml-aerosol\/#primaryimage"},"thumbnailUrl":"https:\/\/hydrodipzone.com\/wassertransferdruck\/wp-content\/uploads\/sites\/3\/2024\/11\/RAL-9016-Traffic-White-HydroDipZone-400ml-Aerosol-1.jpg","datePublished":"2024-11-29T23:27:36+00:00","dateModified":"2025-03-26T14:20:23+00:00","description":"Wei\u00df \u2013 Grundierung Universal 400ml Spr\u00fchdose bietet professionelle Qualit\u00e4t und einfache Anwendung f\u00fcr kreative Projekte. Ideal f\u00fcr M\u00f6bel und Fahrzeuge!","breadcrumb":{"@id":"https:\/\/hydrodipzone.com\/wassertransferdruck\/product\/white-universal-primer-hydrodipzone-400ml-aerosol\/#breadcrumb"},"inLanguage":"de","potentialAction":[{"@type":"ReadAction","target":["https:\/\/hydrodipzone.com\/wassertransferdruck\/product\/white-universal-primer-hydrodipzone-400ml-aerosol\/"]}]},{"@type":"ImageObject","inLanguage":"de","@id":"https:\/\/hydrodipzone.com\/wassertransferdruck\/product\/white-universal-primer-hydrodipzone-400ml-aerosol\/#primaryimage","url":"https:\/\/hydrodipzone.com\/wassertransferdruck\/wp-content\/uploads\/sites\/3\/2024\/11\/RAL-9016-Traffic-White-HydroDipZone-400ml-Aerosol-1.jpg","contentUrl":"https:\/\/hydrodipzone.com\/wassertransferdruck\/wp-content\/uploads\/sites\/3\/2024\/11\/RAL-9016-Traffic-White-HydroDipZone-400ml-Aerosol-1.jpg","width":1000,"height":1000},{"@type":"BreadcrumbList","@id":"https:\/\/hydrodipzone.com\/wassertransferdruck\/product\/white-universal-primer-hydrodipzone-400ml-aerosol\/#breadcrumb","itemListElement":[{"@type":"ListItem","position":1,"name":"Home","item":"https:\/\/hydrodipzone.com\/wassertransferdruck\/"},{"@type":"ListItem","position":2,"name":"Products","item":"https:\/\/hydrodipzone.com\/wassertransferdruck\/shop\/"},{"@type":"ListItem","position":3,"name":"Wei\u00df &#8211; Grundierung Universal 400ml Spr\u00fchdose"}]},{"@type":"WebSite","@id":"https:\/\/hydrodipzone.com\/wassertransferdruck\/#website","url":"https:\/\/hydrodipzone.com\/wassertransferdruck\/","name":"HydroDipZone Wassertransferdruck","description":"Alles, was Sie zum Wassertransferdruck zu Hause brauchen.","publisher":{"@id":"https:\/\/hydrodipzone.com\/wassertransferdruck\/#organization"},"potentialAction":[{"@type":"SearchAction","target":{"@type":"EntryPoint","urlTemplate":"https:\/\/hydrodipzone.com\/wassertransferdruck\/?s={search_term_string}"},"query-input":{"@type":"PropertyValueSpecification","valueRequired":true,"valueName":"search_term_string"}}],"inLanguage":"de"},{"@type":"Organization","@id":"https:\/\/hydrodipzone.com\/wassertransferdruck\/#organization","name":"HydroDipZone Wassertransferdruck","url":"https:\/\/hydrodipzone.com\/wassertransferdruck\/","logo":{"@type":"ImageObject","inLanguage":"de","@id":"https:\/\/hydrodipzone.com\/wassertransferdruck\/#\/schema\/logo\/image\/","url":"https:\/\/hydrodipzone.com\/wassertransferdruck\/wp-content\/uploads\/sites\/3\/2024\/11\/HydroDipZone-landscape-logo-2000px-x-700px-NO-BG.png","contentUrl":"https:\/\/hydrodipzone.com\/wassertransferdruck\/wp-content\/uploads\/sites\/3\/2024\/11\/HydroDipZone-landscape-logo-2000px-x-700px-NO-BG.png","width":2000,"height":700,"caption":"HydroDipZone Wassertransferdruck"},"image":{"@id":"https:\/\/hydrodipzone.com\/wassertransferdruck\/#\/schema\/logo\/image\/"}}]}},"_links":{"self":[{"href":"https:\/\/hydrodipzone.com\/wassertransferdruck\/wp-json\/wp\/v2\/product\/7212","targetHints":{"allow":["GET"]}}],"collection":[{"href":"https:\/\/hydrodipzone.com\/wassertransferdruck\/wp-json\/wp\/v2\/product"}],"about":[{"href":"https:\/\/hydrodipzone.com\/wassertransferdruck\/wp-json\/wp\/v2\/types\/product"}],"replies":[{"embeddable":true,"href":"https:\/\/hydrodipzone.com\/wassertransferdruck\/wp-json\/wp\/v2\/comments?post=7212"}],"wp:featuredmedia":[{"embeddable":true,"href":"https:\/\/hydrodipzone.com\/wassertransferdruck\/wp-json\/wp\/v2\/media\/7232"}],"wp:attachment":[{"href":"https:\/\/hydrodipzone.com\/wassertransferdruck\/wp-json\/wp\/v2\/media?parent=7212"}],"wp:term":[{"taxonomy":"product_brand","embeddable":true,"href":"https:\/\/hydrodipzone.com\/wassertransferdruck\/wp-json\/wp\/v2\/product_brand?post=7212"},{"taxonomy":"product_cat","embeddable":true,"href":"https:\/\/hydrodipzone.com\/wassertransferdruck\/wp-json\/wp\/v2\/product_cat?post=7212"},{"taxonomy":"product_tag","embeddable":true,"href":"https:\/\/hydrodipzone.com\/wassertransferdruck\/wp-json\/wp\/v2\/product_tag?post=7212"}],"curies":[{"name":"wp","href":"https:\/\/api.w.org\/{rel}","templated":true}]}}