{"id":7273,"date":"2024-11-30T01:26:16","date_gmt":"2024-11-30T00:26:16","guid":{"rendered":"https:\/\/hydrodipzone.com\/wassertransferdruck\/?post_type=product&#038;p=7273"},"modified":"2025-03-26T15:20:25","modified_gmt":"2025-03-26T14:20:25","slug":"all-you-need-3-pack-activator-primer-varnish","status":"publish","type":"product","link":"https:\/\/hydrodipzone.com\/wassertransferdruck\/product\/all-you-need-3-pack-activator-primer-varnish\/","title":{"rendered":"Alles-Was-Sie-Brauchen &#8211; 3er-Pack &#8211; Aktivator, Grundierung, Lack, je 400 ml"},"content":{"rendered":"","protected":false},"excerpt":{"rendered":"<p>Das Alles-Was-Sie-Brauchen &#8211; 3er-Pack &#8211; von HydroDipZone enth\u00e4lt alles, was Sie f\u00fcr ein komplettes Hydro-Dipping-Setup ben\u00f6tigen: Aktivator, Grundierung und Klarlack, jeweils in einer 400-ml-Aerosoldose. Dieses All-in-One-Kit sorgt f\u00fcr ein makelloses, langlebiges Finish f\u00fcr Ihre Hydro-Dipping-Projekte. Der Aktivator f\u00f6rdert die perfekte Haftung Ihres Films, w\u00e4hrend die Grundierung eine ideale Basis f\u00fcr eine glatte, gleichm\u00e4\u00dfige Anwendung bietet. Der Lack verleiht mit einer klaren Schutzschicht, die Ihr Design verbessert und versiegelt, f\u00fcr dauerhafte Ergebnisse, einen professionellen Touch. Egal, ob Sie Anf\u00e4nger oder Profi sind, dieses 3er-Pack vereinfacht den Prozess und liefert jedes Mal hochwertige Ergebnisse.<\/p>\n","protected":false},"featured_media":7204,"comment_status":"open","ping_status":"closed","template":"","meta":[],"product_brand":[],"product_cat":[51],"product_tag":[],"class_list":{"0":"post-7273","1":"product","2":"type-product","3":"status-publish","4":"has-post-thumbnail","6":"product_cat-wassertransferdruck-zubehor","8":"first","9":"instock","10":"taxable","11":"shipping-taxable","12":"purchasable","13":"product-type-simple"},"yoast_head":"<!-- This site is optimized with the Yoast SEO plugin v24.3 - https:\/\/yoast.com\/wordpress\/plugins\/seo\/ -->\n<title>Alles-Was-Sie-Brauchen - 3er-Pack - Aktivator, Grundierung, Lack, je 400 ml - HydroDipZone Wassertransferdruck<\/title>\n<meta name=\"description\" content=\"Alles-Was-Sie-Brauchen \u2013 3er-Pack: Aktivator, Grundierung, Lack. Rugged und vielseitig f\u00fcr kreative Projekte. Perfekt f\u00fcr jeden Handwerker!\" \/>\n<meta name=\"robots\" content=\"index, follow, max-snippet:-1, max-image-preview:large, max-video-preview:-1\" \/>\n<link rel=\"canonical\" href=\"https:\/\/hydrodipzone.com\/wassertransferdruck\/product\/all-you-need-3-pack-activator-primer-varnish\/\" \/>\n<meta property=\"og:locale\" content=\"de_DE\" \/>\n<meta property=\"og:type\" content=\"article\" \/>\n<meta property=\"og:title\" content=\"Alles-Was-Sie-Brauchen - 3er-Pack - Aktivator, Grundierung, Lack, je 400 ml - HydroDipZone Wassertransferdruck\" \/>\n<meta property=\"og:description\" content=\"Alles-Was-Sie-Brauchen \u2013 3er-Pack: Aktivator, Grundierung, Lack. Rugged und vielseitig f\u00fcr kreative Projekte. Perfekt f\u00fcr jeden Handwerker!\" \/>\n<meta property=\"og:url\" content=\"https:\/\/hydrodipzone.com\/wassertransferdruck\/product\/all-you-need-3-pack-activator-primer-varnish\/\" \/>\n<meta property=\"og:site_name\" content=\"HydroDipZone Wassertransferdruck\" \/>\n<meta property=\"article:modified_time\" content=\"2025-03-26T14:20:25+00:00\" \/>\n<meta property=\"og:image\" content=\"https:\/\/hydrodipzone.com\/wassertransferdruck\/wp-content\/uploads\/sites\/3\/2024\/11\/All-You-Need-3-Pack-Aerosol-HydroDipZone-.jpg\" \/>\n\t<meta property=\"og:image:width\" content=\"1000\" \/>\n\t<meta property=\"og:image:height\" content=\"1000\" \/>\n\t<meta property=\"og:image:type\" content=\"image\/jpeg\" \/>\n<meta name=\"twitter:card\" content=\"summary_large_image\" \/>\n<meta name=\"twitter:label1\" content=\"Gesch\u00e4tzte Lesezeit\" \/>\n\t<meta name=\"twitter:data1\" content=\"1\u00a0Minute\" \/>\n<script type=\"application\/ld+json\" class=\"yoast-schema-graph\">{\"@context\":\"https:\/\/schema.org\",\"@graph\":[{\"@type\":\"WebPage\",\"@id\":\"https:\/\/hydrodipzone.com\/wassertransferdruck\/product\/all-you-need-3-pack-activator-primer-varnish\/\",\"url\":\"https:\/\/hydrodipzone.com\/wassertransferdruck\/product\/all-you-need-3-pack-activator-primer-varnish\/\",\"name\":\"Alles-Was-Sie-Brauchen - 3er-Pack - Aktivator, Grundierung, Lack, je 400 ml - HydroDipZone Wassertransferdruck\",\"isPartOf\":{\"@id\":\"https:\/\/hydrodipzone.com\/wassertransferdruck\/#website\"},\"primaryImageOfPage\":{\"@id\":\"https:\/\/hydrodipzone.com\/wassertransferdruck\/product\/all-you-need-3-pack-activator-primer-varnish\/#primaryimage\"},\"image\":{\"@id\":\"https:\/\/hydrodipzone.com\/wassertransferdruck\/product\/all-you-need-3-pack-activator-primer-varnish\/#primaryimage\"},\"thumbnailUrl\":\"https:\/\/hydrodipzone.com\/wassertransferdruck\/wp-content\/uploads\/sites\/3\/2024\/11\/All-You-Need-3-Pack-Aerosol-HydroDipZone-.jpg\",\"datePublished\":\"2024-11-30T00:26:16+00:00\",\"dateModified\":\"2025-03-26T14:20:25+00:00\",\"description\":\"Alles-Was-Sie-Brauchen \u2013 3er-Pack: Aktivator, Grundierung, Lack. Rugged und vielseitig f\u00fcr kreative Projekte. Perfekt f\u00fcr jeden Handwerker!\",\"breadcrumb\":{\"@id\":\"https:\/\/hydrodipzone.com\/wassertransferdruck\/product\/all-you-need-3-pack-activator-primer-varnish\/#breadcrumb\"},\"inLanguage\":\"de\",\"potentialAction\":[{\"@type\":\"ReadAction\",\"target\":[\"https:\/\/hydrodipzone.com\/wassertransferdruck\/product\/all-you-need-3-pack-activator-primer-varnish\/\"]}]},{\"@type\":\"ImageObject\",\"inLanguage\":\"de\",\"@id\":\"https:\/\/hydrodipzone.com\/wassertransferdruck\/product\/all-you-need-3-pack-activator-primer-varnish\/#primaryimage\",\"url\":\"https:\/\/hydrodipzone.com\/wassertransferdruck\/wp-content\/uploads\/sites\/3\/2024\/11\/All-You-Need-3-Pack-Aerosol-HydroDipZone-.jpg\",\"contentUrl\":\"https:\/\/hydrodipzone.com\/wassertransferdruck\/wp-content\/uploads\/sites\/3\/2024\/11\/All-You-Need-3-Pack-Aerosol-HydroDipZone-.jpg\",\"width\":1000,\"height\":1000},{\"@type\":\"BreadcrumbList\",\"@id\":\"https:\/\/hydrodipzone.com\/wassertransferdruck\/product\/all-you-need-3-pack-activator-primer-varnish\/#breadcrumb\",\"itemListElement\":[{\"@type\":\"ListItem\",\"position\":1,\"name\":\"Home\",\"item\":\"https:\/\/hydrodipzone.com\/wassertransferdruck\/\"},{\"@type\":\"ListItem\",\"position\":2,\"name\":\"Products\",\"item\":\"https:\/\/hydrodipzone.com\/wassertransferdruck\/shop\/\"},{\"@type\":\"ListItem\",\"position\":3,\"name\":\"Alles-Was-Sie-Brauchen &#8211; 3er-Pack &#8211; Aktivator, Grundierung, Lack, je 400 ml\"}]},{\"@type\":\"WebSite\",\"@id\":\"https:\/\/hydrodipzone.com\/wassertransferdruck\/#website\",\"url\":\"https:\/\/hydrodipzone.com\/wassertransferdruck\/\",\"name\":\"HydroDipZone Wassertransferdruck\",\"description\":\"Alles, was Sie zum Wassertransferdruck zu Hause brauchen.\",\"publisher\":{\"@id\":\"https:\/\/hydrodipzone.com\/wassertransferdruck\/#organization\"},\"potentialAction\":[{\"@type\":\"SearchAction\",\"target\":{\"@type\":\"EntryPoint\",\"urlTemplate\":\"https:\/\/hydrodipzone.com\/wassertransferdruck\/?s={search_term_string}\"},\"query-input\":{\"@type\":\"PropertyValueSpecification\",\"valueRequired\":true,\"valueName\":\"search_term_string\"}}],\"inLanguage\":\"de\"},{\"@type\":\"Organization\",\"@id\":\"https:\/\/hydrodipzone.com\/wassertransferdruck\/#organization\",\"name\":\"HydroDipZone Wassertransferdruck\",\"url\":\"https:\/\/hydrodipzone.com\/wassertransferdruck\/\",\"logo\":{\"@type\":\"ImageObject\",\"inLanguage\":\"de\",\"@id\":\"https:\/\/hydrodipzone.com\/wassertransferdruck\/#\/schema\/logo\/image\/\",\"url\":\"https:\/\/hydrodipzone.com\/wassertransferdruck\/wp-content\/uploads\/sites\/3\/2024\/11\/HydroDipZone-landscape-logo-2000px-x-700px-NO-BG.png\",\"contentUrl\":\"https:\/\/hydrodipzone.com\/wassertransferdruck\/wp-content\/uploads\/sites\/3\/2024\/11\/HydroDipZone-landscape-logo-2000px-x-700px-NO-BG.png\",\"width\":2000,\"height\":700,\"caption\":\"HydroDipZone Wassertransferdruck\"},\"image\":{\"@id\":\"https:\/\/hydrodipzone.com\/wassertransferdruck\/#\/schema\/logo\/image\/\"}}]}<\/script>\n<!-- \/ Yoast SEO plugin. -->","yoast_head_json":{"title":"Alles-Was-Sie-Brauchen - 3er-Pack - Aktivator, Grundierung, Lack, je 400 ml - HydroDipZone Wassertransferdruck","description":"Alles-Was-Sie-Brauchen \u2013 3er-Pack: Aktivator, Grundierung, Lack. Rugged und vielseitig f\u00fcr kreative Projekte. Perfekt f\u00fcr jeden Handwerker!","robots":{"index":"index","follow":"follow","max-snippet":"max-snippet:-1","max-image-preview":"max-image-preview:large","max-video-preview":"max-video-preview:-1"},"canonical":"https:\/\/hydrodipzone.com\/wassertransferdruck\/product\/all-you-need-3-pack-activator-primer-varnish\/","og_locale":"de_DE","og_type":"article","og_title":"Alles-Was-Sie-Brauchen - 3er-Pack - Aktivator, Grundierung, Lack, je 400 ml - HydroDipZone Wassertransferdruck","og_description":"Alles-Was-Sie-Brauchen \u2013 3er-Pack: Aktivator, Grundierung, Lack. Rugged und vielseitig f\u00fcr kreative Projekte. Perfekt f\u00fcr jeden Handwerker!","og_url":"https:\/\/hydrodipzone.com\/wassertransferdruck\/product\/all-you-need-3-pack-activator-primer-varnish\/","og_site_name":"HydroDipZone Wassertransferdruck","article_modified_time":"2025-03-26T14:20:25+00:00","og_image":[{"width":1000,"height":1000,"url":"https:\/\/hydrodipzone.com\/wassertransferdruck\/wp-content\/uploads\/sites\/3\/2024\/11\/All-You-Need-3-Pack-Aerosol-HydroDipZone-.jpg","type":"image\/jpeg"}],"twitter_card":"summary_large_image","twitter_misc":{"Gesch\u00e4tzte Lesezeit":"1\u00a0Minute"},"schema":{"@context":"https:\/\/schema.org","@graph":[{"@type":"WebPage","@id":"https:\/\/hydrodipzone.com\/wassertransferdruck\/product\/all-you-need-3-pack-activator-primer-varnish\/","url":"https:\/\/hydrodipzone.com\/wassertransferdruck\/product\/all-you-need-3-pack-activator-primer-varnish\/","name":"Alles-Was-Sie-Brauchen - 3er-Pack - Aktivator, Grundierung, Lack, je 400 ml - HydroDipZone Wassertransferdruck","isPartOf":{"@id":"https:\/\/hydrodipzone.com\/wassertransferdruck\/#website"},"primaryImageOfPage":{"@id":"https:\/\/hydrodipzone.com\/wassertransferdruck\/product\/all-you-need-3-pack-activator-primer-varnish\/#primaryimage"},"image":{"@id":"https:\/\/hydrodipzone.com\/wassertransferdruck\/product\/all-you-need-3-pack-activator-primer-varnish\/#primaryimage"},"thumbnailUrl":"https:\/\/hydrodipzone.com\/wassertransferdruck\/wp-content\/uploads\/sites\/3\/2024\/11\/All-You-Need-3-Pack-Aerosol-HydroDipZone-.jpg","datePublished":"2024-11-30T00:26:16+00:00","dateModified":"2025-03-26T14:20:25+00:00","description":"Alles-Was-Sie-Brauchen \u2013 3er-Pack: Aktivator, Grundierung, Lack. Rugged und vielseitig f\u00fcr kreative Projekte. Perfekt f\u00fcr jeden Handwerker!","breadcrumb":{"@id":"https:\/\/hydrodipzone.com\/wassertransferdruck\/product\/all-you-need-3-pack-activator-primer-varnish\/#breadcrumb"},"inLanguage":"de","potentialAction":[{"@type":"ReadAction","target":["https:\/\/hydrodipzone.com\/wassertransferdruck\/product\/all-you-need-3-pack-activator-primer-varnish\/"]}]},{"@type":"ImageObject","inLanguage":"de","@id":"https:\/\/hydrodipzone.com\/wassertransferdruck\/product\/all-you-need-3-pack-activator-primer-varnish\/#primaryimage","url":"https:\/\/hydrodipzone.com\/wassertransferdruck\/wp-content\/uploads\/sites\/3\/2024\/11\/All-You-Need-3-Pack-Aerosol-HydroDipZone-.jpg","contentUrl":"https:\/\/hydrodipzone.com\/wassertransferdruck\/wp-content\/uploads\/sites\/3\/2024\/11\/All-You-Need-3-Pack-Aerosol-HydroDipZone-.jpg","width":1000,"height":1000},{"@type":"BreadcrumbList","@id":"https:\/\/hydrodipzone.com\/wassertransferdruck\/product\/all-you-need-3-pack-activator-primer-varnish\/#breadcrumb","itemListElement":[{"@type":"ListItem","position":1,"name":"Home","item":"https:\/\/hydrodipzone.com\/wassertransferdruck\/"},{"@type":"ListItem","position":2,"name":"Products","item":"https:\/\/hydrodipzone.com\/wassertransferdruck\/shop\/"},{"@type":"ListItem","position":3,"name":"Alles-Was-Sie-Brauchen &#8211; 3er-Pack &#8211; Aktivator, Grundierung, Lack, je 400 ml"}]},{"@type":"WebSite","@id":"https:\/\/hydrodipzone.com\/wassertransferdruck\/#website","url":"https:\/\/hydrodipzone.com\/wassertransferdruck\/","name":"HydroDipZone Wassertransferdruck","description":"Alles, was Sie zum Wassertransferdruck zu Hause brauchen.","publisher":{"@id":"https:\/\/hydrodipzone.com\/wassertransferdruck\/#organization"},"potentialAction":[{"@type":"SearchAction","target":{"@type":"EntryPoint","urlTemplate":"https:\/\/hydrodipzone.com\/wassertransferdruck\/?s={search_term_string}"},"query-input":{"@type":"PropertyValueSpecification","valueRequired":true,"valueName":"search_term_string"}}],"inLanguage":"de"},{"@type":"Organization","@id":"https:\/\/hydrodipzone.com\/wassertransferdruck\/#organization","name":"HydroDipZone Wassertransferdruck","url":"https:\/\/hydrodipzone.com\/wassertransferdruck\/","logo":{"@type":"ImageObject","inLanguage":"de","@id":"https:\/\/hydrodipzone.com\/wassertransferdruck\/#\/schema\/logo\/image\/","url":"https:\/\/hydrodipzone.com\/wassertransferdruck\/wp-content\/uploads\/sites\/3\/2024\/11\/HydroDipZone-landscape-logo-2000px-x-700px-NO-BG.png","contentUrl":"https:\/\/hydrodipzone.com\/wassertransferdruck\/wp-content\/uploads\/sites\/3\/2024\/11\/HydroDipZone-landscape-logo-2000px-x-700px-NO-BG.png","width":2000,"height":700,"caption":"HydroDipZone Wassertransferdruck"},"image":{"@id":"https:\/\/hydrodipzone.com\/wassertransferdruck\/#\/schema\/logo\/image\/"}}]}},"_links":{"self":[{"href":"https:\/\/hydrodipzone.com\/wassertransferdruck\/wp-json\/wp\/v2\/product\/7273","targetHints":{"allow":["GET"]}}],"collection":[{"href":"https:\/\/hydrodipzone.com\/wassertransferdruck\/wp-json\/wp\/v2\/product"}],"about":[{"href":"https:\/\/hydrodipzone.com\/wassertransferdruck\/wp-json\/wp\/v2\/types\/product"}],"replies":[{"embeddable":true,"href":"https:\/\/hydrodipzone.com\/wassertransferdruck\/wp-json\/wp\/v2\/comments?post=7273"}],"wp:featuredmedia":[{"embeddable":true,"href":"https:\/\/hydrodipzone.com\/wassertransferdruck\/wp-json\/wp\/v2\/media\/7204"}],"wp:attachment":[{"href":"https:\/\/hydrodipzone.com\/wassertransferdruck\/wp-json\/wp\/v2\/media?parent=7273"}],"wp:term":[{"taxonomy":"product_brand","embeddable":true,"href":"https:\/\/hydrodipzone.com\/wassertransferdruck\/wp-json\/wp\/v2\/product_brand?post=7273"},{"taxonomy":"product_cat","embeddable":true,"href":"https:\/\/hydrodipzone.com\/wassertransferdruck\/wp-json\/wp\/v2\/product_cat?post=7273"},{"taxonomy":"product_tag","embeddable":true,"href":"https:\/\/hydrodipzone.com\/wassertransferdruck\/wp-json\/wp\/v2\/product_tag?post=7273"}],"curies":[{"name":"wp","href":"https:\/\/api.w.org\/{rel}","templated":true}]}}