{"id":7274,"date":"2024-11-30T01:31:56","date_gmt":"2024-11-30T00:31:56","guid":{"rendered":"https:\/\/hydrodipzone.com\/wassertransferdruck\/?post_type=product&#038;p=7274"},"modified":"2025-03-26T15:20:25","modified_gmt":"2025-03-26T14:20:25","slug":"white-speedshape","status":"publish","type":"product","link":"https:\/\/hydrodipzone.com\/wassertransferdruck\/product\/white-speedshape\/","title":{"rendered":"Speedshape &#8211; Wei\u00df"},"content":{"rendered":"","protected":false},"excerpt":{"rendered":"<p>Der wei\u00dfe Speedshape ist eine ideale Oberfl\u00e4che zum Testen von Hydro-Dipping-Designs und -Techniken. Er besteht aus strapazierf\u00e4higem, leichtem Material und bietet eine glatte, gleichm\u00e4\u00dfige Basis zum Auftragen von Filmen, sodass Sie Ihre Farbmuster und Tauchf\u00e4higkeiten bewerten k\u00f6nnen. Die strahlend wei\u00dfe Oberfl\u00e4che verbessert die Sichtbarkeit der Filmdetails und eignet sich perfekt zum Pr\u00e4sentieren lebendiger Designs. Egal, ob Sie Anf\u00e4nger sind und Ihre Technik \u00fcben oder Profi sind und neue Muster testen, der wei\u00dfe Speedshape sorgt f\u00fcr klare, zuverl\u00e4ssige Ergebnisse.<\/p>\n","protected":false},"featured_media":7275,"comment_status":"open","ping_status":"closed","template":"","meta":[],"product_brand":[],"product_cat":[51],"product_tag":[],"class_list":{"0":"post-7274","1":"product","2":"type-product","3":"status-publish","4":"has-post-thumbnail","6":"product_cat-wassertransferdruck-zubehor","8":"first","9":"instock","10":"taxable","11":"shipping-taxable","12":"purchasable","13":"product-type-simple"},"yoast_head":"<!-- This site is optimized with the Yoast SEO plugin v24.3 - https:\/\/yoast.com\/wordpress\/plugins\/seo\/ -->\n<title>Speedshape - Wei\u00df - HydroDipZone Wassertransferdruck<\/title>\n<meta name=\"description\" content=\"Speedshape \u2013 Wei\u00df bietet langlebige, professionelle Qualit\u00e4t f\u00fcr kreative Projekte. Ideal f\u00fcr individuelle Designs und Anwendungen!\" \/>\n<meta name=\"robots\" content=\"index, follow, max-snippet:-1, max-image-preview:large, max-video-preview:-1\" \/>\n<link rel=\"canonical\" href=\"https:\/\/hydrodipzone.com\/wassertransferdruck\/product\/white-speedshape\/\" \/>\n<meta property=\"og:locale\" content=\"de_DE\" \/>\n<meta property=\"og:type\" content=\"article\" \/>\n<meta property=\"og:title\" content=\"Speedshape - Wei\u00df - HydroDipZone Wassertransferdruck\" \/>\n<meta property=\"og:description\" content=\"Speedshape \u2013 Wei\u00df bietet langlebige, professionelle Qualit\u00e4t f\u00fcr kreative Projekte. Ideal f\u00fcr individuelle Designs und Anwendungen!\" \/>\n<meta property=\"og:url\" content=\"https:\/\/hydrodipzone.com\/wassertransferdruck\/product\/white-speedshape\/\" \/>\n<meta property=\"og:site_name\" content=\"HydroDipZone Wassertransferdruck\" \/>\n<meta property=\"article:modified_time\" content=\"2025-03-26T14:20:25+00:00\" \/>\n<meta property=\"og:image\" content=\"https:\/\/hydrodipzone.com\/wassertransferdruck\/wp-content\/uploads\/sites\/3\/2024\/11\/White-Speedshape-HydroDipZone-.jpg\" \/>\n\t<meta property=\"og:image:width\" content=\"1000\" \/>\n\t<meta property=\"og:image:height\" content=\"1000\" \/>\n\t<meta property=\"og:image:type\" content=\"image\/jpeg\" \/>\n<meta name=\"twitter:card\" content=\"summary_large_image\" \/>\n<meta name=\"twitter:label1\" content=\"Gesch\u00e4tzte Lesezeit\" \/>\n\t<meta name=\"twitter:data1\" content=\"1\u00a0Minute\" \/>\n<script type=\"application\/ld+json\" class=\"yoast-schema-graph\">{\"@context\":\"https:\/\/schema.org\",\"@graph\":[{\"@type\":\"WebPage\",\"@id\":\"https:\/\/hydrodipzone.com\/wassertransferdruck\/product\/white-speedshape\/\",\"url\":\"https:\/\/hydrodipzone.com\/wassertransferdruck\/product\/white-speedshape\/\",\"name\":\"Speedshape - Wei\u00df - HydroDipZone Wassertransferdruck\",\"isPartOf\":{\"@id\":\"https:\/\/hydrodipzone.com\/wassertransferdruck\/#website\"},\"primaryImageOfPage\":{\"@id\":\"https:\/\/hydrodipzone.com\/wassertransferdruck\/product\/white-speedshape\/#primaryimage\"},\"image\":{\"@id\":\"https:\/\/hydrodipzone.com\/wassertransferdruck\/product\/white-speedshape\/#primaryimage\"},\"thumbnailUrl\":\"https:\/\/hydrodipzone.com\/wassertransferdruck\/wp-content\/uploads\/sites\/3\/2024\/11\/White-Speedshape-HydroDipZone-.jpg\",\"datePublished\":\"2024-11-30T00:31:56+00:00\",\"dateModified\":\"2025-03-26T14:20:25+00:00\",\"description\":\"Speedshape \u2013 Wei\u00df bietet langlebige, professionelle Qualit\u00e4t f\u00fcr kreative Projekte. Ideal f\u00fcr individuelle Designs und Anwendungen!\",\"breadcrumb\":{\"@id\":\"https:\/\/hydrodipzone.com\/wassertransferdruck\/product\/white-speedshape\/#breadcrumb\"},\"inLanguage\":\"de\",\"potentialAction\":[{\"@type\":\"ReadAction\",\"target\":[\"https:\/\/hydrodipzone.com\/wassertransferdruck\/product\/white-speedshape\/\"]}]},{\"@type\":\"ImageObject\",\"inLanguage\":\"de\",\"@id\":\"https:\/\/hydrodipzone.com\/wassertransferdruck\/product\/white-speedshape\/#primaryimage\",\"url\":\"https:\/\/hydrodipzone.com\/wassertransferdruck\/wp-content\/uploads\/sites\/3\/2024\/11\/White-Speedshape-HydroDipZone-.jpg\",\"contentUrl\":\"https:\/\/hydrodipzone.com\/wassertransferdruck\/wp-content\/uploads\/sites\/3\/2024\/11\/White-Speedshape-HydroDipZone-.jpg\",\"width\":1000,\"height\":1000},{\"@type\":\"BreadcrumbList\",\"@id\":\"https:\/\/hydrodipzone.com\/wassertransferdruck\/product\/white-speedshape\/#breadcrumb\",\"itemListElement\":[{\"@type\":\"ListItem\",\"position\":1,\"name\":\"Home\",\"item\":\"https:\/\/hydrodipzone.com\/wassertransferdruck\/\"},{\"@type\":\"ListItem\",\"position\":2,\"name\":\"Products\",\"item\":\"https:\/\/hydrodipzone.com\/wassertransferdruck\/shop\/\"},{\"@type\":\"ListItem\",\"position\":3,\"name\":\"Speedshape &#8211; Wei\u00df\"}]},{\"@type\":\"WebSite\",\"@id\":\"https:\/\/hydrodipzone.com\/wassertransferdruck\/#website\",\"url\":\"https:\/\/hydrodipzone.com\/wassertransferdruck\/\",\"name\":\"HydroDipZone Wassertransferdruck\",\"description\":\"Alles, was Sie zum Wassertransferdruck zu Hause brauchen.\",\"publisher\":{\"@id\":\"https:\/\/hydrodipzone.com\/wassertransferdruck\/#organization\"},\"potentialAction\":[{\"@type\":\"SearchAction\",\"target\":{\"@type\":\"EntryPoint\",\"urlTemplate\":\"https:\/\/hydrodipzone.com\/wassertransferdruck\/?s={search_term_string}\"},\"query-input\":{\"@type\":\"PropertyValueSpecification\",\"valueRequired\":true,\"valueName\":\"search_term_string\"}}],\"inLanguage\":\"de\"},{\"@type\":\"Organization\",\"@id\":\"https:\/\/hydrodipzone.com\/wassertransferdruck\/#organization\",\"name\":\"HydroDipZone Wassertransferdruck\",\"url\":\"https:\/\/hydrodipzone.com\/wassertransferdruck\/\",\"logo\":{\"@type\":\"ImageObject\",\"inLanguage\":\"de\",\"@id\":\"https:\/\/hydrodipzone.com\/wassertransferdruck\/#\/schema\/logo\/image\/\",\"url\":\"https:\/\/hydrodipzone.com\/wassertransferdruck\/wp-content\/uploads\/sites\/3\/2024\/11\/HydroDipZone-landscape-logo-2000px-x-700px-NO-BG.png\",\"contentUrl\":\"https:\/\/hydrodipzone.com\/wassertransferdruck\/wp-content\/uploads\/sites\/3\/2024\/11\/HydroDipZone-landscape-logo-2000px-x-700px-NO-BG.png\",\"width\":2000,\"height\":700,\"caption\":\"HydroDipZone Wassertransferdruck\"},\"image\":{\"@id\":\"https:\/\/hydrodipzone.com\/wassertransferdruck\/#\/schema\/logo\/image\/\"}}]}<\/script>\n<!-- \/ Yoast SEO plugin. -->","yoast_head_json":{"title":"Speedshape - Wei\u00df - HydroDipZone Wassertransferdruck","description":"Speedshape \u2013 Wei\u00df bietet langlebige, professionelle Qualit\u00e4t f\u00fcr kreative Projekte. Ideal f\u00fcr individuelle Designs und Anwendungen!","robots":{"index":"index","follow":"follow","max-snippet":"max-snippet:-1","max-image-preview":"max-image-preview:large","max-video-preview":"max-video-preview:-1"},"canonical":"https:\/\/hydrodipzone.com\/wassertransferdruck\/product\/white-speedshape\/","og_locale":"de_DE","og_type":"article","og_title":"Speedshape - Wei\u00df - HydroDipZone Wassertransferdruck","og_description":"Speedshape \u2013 Wei\u00df bietet langlebige, professionelle Qualit\u00e4t f\u00fcr kreative Projekte. Ideal f\u00fcr individuelle Designs und Anwendungen!","og_url":"https:\/\/hydrodipzone.com\/wassertransferdruck\/product\/white-speedshape\/","og_site_name":"HydroDipZone Wassertransferdruck","article_modified_time":"2025-03-26T14:20:25+00:00","og_image":[{"width":1000,"height":1000,"url":"https:\/\/hydrodipzone.com\/wassertransferdruck\/wp-content\/uploads\/sites\/3\/2024\/11\/White-Speedshape-HydroDipZone-.jpg","type":"image\/jpeg"}],"twitter_card":"summary_large_image","twitter_misc":{"Gesch\u00e4tzte Lesezeit":"1\u00a0Minute"},"schema":{"@context":"https:\/\/schema.org","@graph":[{"@type":"WebPage","@id":"https:\/\/hydrodipzone.com\/wassertransferdruck\/product\/white-speedshape\/","url":"https:\/\/hydrodipzone.com\/wassertransferdruck\/product\/white-speedshape\/","name":"Speedshape - Wei\u00df - HydroDipZone Wassertransferdruck","isPartOf":{"@id":"https:\/\/hydrodipzone.com\/wassertransferdruck\/#website"},"primaryImageOfPage":{"@id":"https:\/\/hydrodipzone.com\/wassertransferdruck\/product\/white-speedshape\/#primaryimage"},"image":{"@id":"https:\/\/hydrodipzone.com\/wassertransferdruck\/product\/white-speedshape\/#primaryimage"},"thumbnailUrl":"https:\/\/hydrodipzone.com\/wassertransferdruck\/wp-content\/uploads\/sites\/3\/2024\/11\/White-Speedshape-HydroDipZone-.jpg","datePublished":"2024-11-30T00:31:56+00:00","dateModified":"2025-03-26T14:20:25+00:00","description":"Speedshape \u2013 Wei\u00df bietet langlebige, professionelle Qualit\u00e4t f\u00fcr kreative Projekte. Ideal f\u00fcr individuelle Designs und Anwendungen!","breadcrumb":{"@id":"https:\/\/hydrodipzone.com\/wassertransferdruck\/product\/white-speedshape\/#breadcrumb"},"inLanguage":"de","potentialAction":[{"@type":"ReadAction","target":["https:\/\/hydrodipzone.com\/wassertransferdruck\/product\/white-speedshape\/"]}]},{"@type":"ImageObject","inLanguage":"de","@id":"https:\/\/hydrodipzone.com\/wassertransferdruck\/product\/white-speedshape\/#primaryimage","url":"https:\/\/hydrodipzone.com\/wassertransferdruck\/wp-content\/uploads\/sites\/3\/2024\/11\/White-Speedshape-HydroDipZone-.jpg","contentUrl":"https:\/\/hydrodipzone.com\/wassertransferdruck\/wp-content\/uploads\/sites\/3\/2024\/11\/White-Speedshape-HydroDipZone-.jpg","width":1000,"height":1000},{"@type":"BreadcrumbList","@id":"https:\/\/hydrodipzone.com\/wassertransferdruck\/product\/white-speedshape\/#breadcrumb","itemListElement":[{"@type":"ListItem","position":1,"name":"Home","item":"https:\/\/hydrodipzone.com\/wassertransferdruck\/"},{"@type":"ListItem","position":2,"name":"Products","item":"https:\/\/hydrodipzone.com\/wassertransferdruck\/shop\/"},{"@type":"ListItem","position":3,"name":"Speedshape &#8211; Wei\u00df"}]},{"@type":"WebSite","@id":"https:\/\/hydrodipzone.com\/wassertransferdruck\/#website","url":"https:\/\/hydrodipzone.com\/wassertransferdruck\/","name":"HydroDipZone Wassertransferdruck","description":"Alles, was Sie zum Wassertransferdruck zu Hause brauchen.","publisher":{"@id":"https:\/\/hydrodipzone.com\/wassertransferdruck\/#organization"},"potentialAction":[{"@type":"SearchAction","target":{"@type":"EntryPoint","urlTemplate":"https:\/\/hydrodipzone.com\/wassertransferdruck\/?s={search_term_string}"},"query-input":{"@type":"PropertyValueSpecification","valueRequired":true,"valueName":"search_term_string"}}],"inLanguage":"de"},{"@type":"Organization","@id":"https:\/\/hydrodipzone.com\/wassertransferdruck\/#organization","name":"HydroDipZone Wassertransferdruck","url":"https:\/\/hydrodipzone.com\/wassertransferdruck\/","logo":{"@type":"ImageObject","inLanguage":"de","@id":"https:\/\/hydrodipzone.com\/wassertransferdruck\/#\/schema\/logo\/image\/","url":"https:\/\/hydrodipzone.com\/wassertransferdruck\/wp-content\/uploads\/sites\/3\/2024\/11\/HydroDipZone-landscape-logo-2000px-x-700px-NO-BG.png","contentUrl":"https:\/\/hydrodipzone.com\/wassertransferdruck\/wp-content\/uploads\/sites\/3\/2024\/11\/HydroDipZone-landscape-logo-2000px-x-700px-NO-BG.png","width":2000,"height":700,"caption":"HydroDipZone Wassertransferdruck"},"image":{"@id":"https:\/\/hydrodipzone.com\/wassertransferdruck\/#\/schema\/logo\/image\/"}}]}},"_links":{"self":[{"href":"https:\/\/hydrodipzone.com\/wassertransferdruck\/wp-json\/wp\/v2\/product\/7274","targetHints":{"allow":["GET"]}}],"collection":[{"href":"https:\/\/hydrodipzone.com\/wassertransferdruck\/wp-json\/wp\/v2\/product"}],"about":[{"href":"https:\/\/hydrodipzone.com\/wassertransferdruck\/wp-json\/wp\/v2\/types\/product"}],"replies":[{"embeddable":true,"href":"https:\/\/hydrodipzone.com\/wassertransferdruck\/wp-json\/wp\/v2\/comments?post=7274"}],"wp:featuredmedia":[{"embeddable":true,"href":"https:\/\/hydrodipzone.com\/wassertransferdruck\/wp-json\/wp\/v2\/media\/7275"}],"wp:attachment":[{"href":"https:\/\/hydrodipzone.com\/wassertransferdruck\/wp-json\/wp\/v2\/media?parent=7274"}],"wp:term":[{"taxonomy":"product_brand","embeddable":true,"href":"https:\/\/hydrodipzone.com\/wassertransferdruck\/wp-json\/wp\/v2\/product_brand?post=7274"},{"taxonomy":"product_cat","embeddable":true,"href":"https:\/\/hydrodipzone.com\/wassertransferdruck\/wp-json\/wp\/v2\/product_cat?post=7274"},{"taxonomy":"product_tag","embeddable":true,"href":"https:\/\/hydrodipzone.com\/wassertransferdruck\/wp-json\/wp\/v2\/product_tag?post=7274"}],"curies":[{"name":"wp","href":"https:\/\/api.w.org\/{rel}","templated":true}]}}