{"id":7281,"date":"2024-11-30T01:53:55","date_gmt":"2024-11-30T00:53:55","guid":{"rendered":"https:\/\/hydrodipzone.com\/wassertransferdruck\/?post_type=product&#038;p=7281"},"modified":"2025-03-26T15:20:25","modified_gmt":"2025-03-26T14:20:25","slug":"varnish-400ml-aerosol-silkgloss","status":"publish","type":"product","link":"https:\/\/hydrodipzone.com\/wassertransferdruck\/product\/varnish-400ml-aerosol-silkgloss\/","title":{"rendered":"Klarlack 400ml Spr\u00fchdose &#8211; Seidenglanz"},"content":{"rendered":"","protected":false},"excerpt":{"rendered":"<p>Der Silkgloss Varnish 400ml Aerosol von HydroDipZone bietet ein einzigartiges, halbgl\u00e4nzendes Finish, das die Gl\u00e4tte von Matt mit einem subtilen Glanz kombiniert. Dieser Lack verleiht Ihren Hydrodip-Projekten einen raffinierten, satinartigen Schimmer, verbessert die Farbtiefe und reduziert gleichzeitig harte Reflexionen. Er bietet eine dauerhafte Schutzschicht, die Abnutzung vorbeugt und daf\u00fcr sorgt, dass Ihre Designs im Laufe der Zeit wie neu aussehen. Der Silkgloss Varnish l\u00e4sst sich mit seinem Aerosolspray leicht auftragen und sorgt f\u00fcr ein gleichm\u00e4\u00dfiges Finish in Profiqualit\u00e4t auf jeder Oberfl\u00e4che. Perfekt f\u00fcr alle, die einen weichen, eleganten Glanz ohne die Intensit\u00e4t eines vollen Glanzes w\u00fcnschen.<\/p>\n","protected":false},"featured_media":7279,"comment_status":"open","ping_status":"closed","template":"","meta":[],"product_brand":[],"product_cat":[51],"product_tag":[],"class_list":{"0":"post-7281","1":"product","2":"type-product","3":"status-publish","4":"has-post-thumbnail","6":"product_cat-wassertransferdruck-zubehor","8":"first","9":"instock","10":"taxable","11":"shipping-taxable","12":"purchasable","13":"product-type-simple"},"yoast_head":"<!-- This site is optimized with the Yoast SEO plugin v24.3 - https:\/\/yoast.com\/wordpress\/plugins\/seo\/ -->\n<title>Klarlack 400ml Spr\u00fchdose - Seidenglanz - HydroDipZone Wassertransferdruck<\/title>\n<meta name=\"description\" content=\"Klarlack 400ml Spr\u00fchdose \u2013 Seidenglanz bietet professionelle Qualit\u00e4t und einfache Anwendung. Ideal f\u00fcr kreative Projekte und hochwertige Oberfl\u00e4chen!\" \/>\n<meta name=\"robots\" content=\"index, follow, max-snippet:-1, max-image-preview:large, max-video-preview:-1\" \/>\n<link rel=\"canonical\" href=\"https:\/\/hydrodipzone.com\/wassertransferdruck\/product\/varnish-400ml-aerosol-silkgloss\/\" \/>\n<meta property=\"og:locale\" content=\"de_DE\" \/>\n<meta property=\"og:type\" content=\"article\" \/>\n<meta property=\"og:title\" content=\"Klarlack 400ml Spr\u00fchdose - Seidenglanz - HydroDipZone Wassertransferdruck\" \/>\n<meta property=\"og:description\" content=\"Klarlack 400ml Spr\u00fchdose \u2013 Seidenglanz bietet professionelle Qualit\u00e4t und einfache Anwendung. Ideal f\u00fcr kreative Projekte und hochwertige Oberfl\u00e4chen!\" \/>\n<meta property=\"og:url\" content=\"https:\/\/hydrodipzone.com\/wassertransferdruck\/product\/varnish-400ml-aerosol-silkgloss\/\" \/>\n<meta property=\"og:site_name\" content=\"HydroDipZone Wassertransferdruck\" \/>\n<meta property=\"article:modified_time\" content=\"2025-03-26T14:20:25+00:00\" \/>\n<meta property=\"og:image\" content=\"https:\/\/hydrodipzone.com\/wassertransferdruck\/wp-content\/uploads\/sites\/3\/2024\/11\/HydroDipZone-Varnish-400ml-Aerosol.jpg\" \/>\n\t<meta property=\"og:image:width\" content=\"1000\" \/>\n\t<meta property=\"og:image:height\" content=\"1000\" \/>\n\t<meta property=\"og:image:type\" content=\"image\/jpeg\" \/>\n<meta name=\"twitter:card\" content=\"summary_large_image\" \/>\n<meta name=\"twitter:label1\" content=\"Gesch\u00e4tzte Lesezeit\" \/>\n\t<meta name=\"twitter:data1\" content=\"1\u00a0Minute\" \/>\n<script type=\"application\/ld+json\" class=\"yoast-schema-graph\">{\"@context\":\"https:\/\/schema.org\",\"@graph\":[{\"@type\":\"WebPage\",\"@id\":\"https:\/\/hydrodipzone.com\/wassertransferdruck\/product\/varnish-400ml-aerosol-silkgloss\/\",\"url\":\"https:\/\/hydrodipzone.com\/wassertransferdruck\/product\/varnish-400ml-aerosol-silkgloss\/\",\"name\":\"Klarlack 400ml Spr\u00fchdose - Seidenglanz - HydroDipZone Wassertransferdruck\",\"isPartOf\":{\"@id\":\"https:\/\/hydrodipzone.com\/wassertransferdruck\/#website\"},\"primaryImageOfPage\":{\"@id\":\"https:\/\/hydrodipzone.com\/wassertransferdruck\/product\/varnish-400ml-aerosol-silkgloss\/#primaryimage\"},\"image\":{\"@id\":\"https:\/\/hydrodipzone.com\/wassertransferdruck\/product\/varnish-400ml-aerosol-silkgloss\/#primaryimage\"},\"thumbnailUrl\":\"https:\/\/hydrodipzone.com\/wassertransferdruck\/wp-content\/uploads\/sites\/3\/2024\/11\/HydroDipZone-Varnish-400ml-Aerosol.jpg\",\"datePublished\":\"2024-11-30T00:53:55+00:00\",\"dateModified\":\"2025-03-26T14:20:25+00:00\",\"description\":\"Klarlack 400ml Spr\u00fchdose \u2013 Seidenglanz bietet professionelle Qualit\u00e4t und einfache Anwendung. Ideal f\u00fcr kreative Projekte und hochwertige Oberfl\u00e4chen!\",\"breadcrumb\":{\"@id\":\"https:\/\/hydrodipzone.com\/wassertransferdruck\/product\/varnish-400ml-aerosol-silkgloss\/#breadcrumb\"},\"inLanguage\":\"de\",\"potentialAction\":[{\"@type\":\"ReadAction\",\"target\":[\"https:\/\/hydrodipzone.com\/wassertransferdruck\/product\/varnish-400ml-aerosol-silkgloss\/\"]}]},{\"@type\":\"ImageObject\",\"inLanguage\":\"de\",\"@id\":\"https:\/\/hydrodipzone.com\/wassertransferdruck\/product\/varnish-400ml-aerosol-silkgloss\/#primaryimage\",\"url\":\"https:\/\/hydrodipzone.com\/wassertransferdruck\/wp-content\/uploads\/sites\/3\/2024\/11\/HydroDipZone-Varnish-400ml-Aerosol.jpg\",\"contentUrl\":\"https:\/\/hydrodipzone.com\/wassertransferdruck\/wp-content\/uploads\/sites\/3\/2024\/11\/HydroDipZone-Varnish-400ml-Aerosol.jpg\",\"width\":1000,\"height\":1000},{\"@type\":\"BreadcrumbList\",\"@id\":\"https:\/\/hydrodipzone.com\/wassertransferdruck\/product\/varnish-400ml-aerosol-silkgloss\/#breadcrumb\",\"itemListElement\":[{\"@type\":\"ListItem\",\"position\":1,\"name\":\"Home\",\"item\":\"https:\/\/hydrodipzone.com\/wassertransferdruck\/\"},{\"@type\":\"ListItem\",\"position\":2,\"name\":\"Products\",\"item\":\"https:\/\/hydrodipzone.com\/wassertransferdruck\/shop\/\"},{\"@type\":\"ListItem\",\"position\":3,\"name\":\"Klarlack 400ml Spr\u00fchdose &#8211; Seidenglanz\"}]},{\"@type\":\"WebSite\",\"@id\":\"https:\/\/hydrodipzone.com\/wassertransferdruck\/#website\",\"url\":\"https:\/\/hydrodipzone.com\/wassertransferdruck\/\",\"name\":\"HydroDipZone Wassertransferdruck\",\"description\":\"Alles, was Sie zum Wassertransferdruck zu Hause brauchen.\",\"publisher\":{\"@id\":\"https:\/\/hydrodipzone.com\/wassertransferdruck\/#organization\"},\"potentialAction\":[{\"@type\":\"SearchAction\",\"target\":{\"@type\":\"EntryPoint\",\"urlTemplate\":\"https:\/\/hydrodipzone.com\/wassertransferdruck\/?s={search_term_string}\"},\"query-input\":{\"@type\":\"PropertyValueSpecification\",\"valueRequired\":true,\"valueName\":\"search_term_string\"}}],\"inLanguage\":\"de\"},{\"@type\":\"Organization\",\"@id\":\"https:\/\/hydrodipzone.com\/wassertransferdruck\/#organization\",\"name\":\"HydroDipZone Wassertransferdruck\",\"url\":\"https:\/\/hydrodipzone.com\/wassertransferdruck\/\",\"logo\":{\"@type\":\"ImageObject\",\"inLanguage\":\"de\",\"@id\":\"https:\/\/hydrodipzone.com\/wassertransferdruck\/#\/schema\/logo\/image\/\",\"url\":\"https:\/\/hydrodipzone.com\/wassertransferdruck\/wp-content\/uploads\/sites\/3\/2024\/11\/HydroDipZone-landscape-logo-2000px-x-700px-NO-BG.png\",\"contentUrl\":\"https:\/\/hydrodipzone.com\/wassertransferdruck\/wp-content\/uploads\/sites\/3\/2024\/11\/HydroDipZone-landscape-logo-2000px-x-700px-NO-BG.png\",\"width\":2000,\"height\":700,\"caption\":\"HydroDipZone Wassertransferdruck\"},\"image\":{\"@id\":\"https:\/\/hydrodipzone.com\/wassertransferdruck\/#\/schema\/logo\/image\/\"}}]}<\/script>\n<!-- \/ Yoast SEO plugin. -->","yoast_head_json":{"title":"Klarlack 400ml Spr\u00fchdose - Seidenglanz - HydroDipZone Wassertransferdruck","description":"Klarlack 400ml Spr\u00fchdose \u2013 Seidenglanz bietet professionelle Qualit\u00e4t und einfache Anwendung. Ideal f\u00fcr kreative Projekte und hochwertige Oberfl\u00e4chen!","robots":{"index":"index","follow":"follow","max-snippet":"max-snippet:-1","max-image-preview":"max-image-preview:large","max-video-preview":"max-video-preview:-1"},"canonical":"https:\/\/hydrodipzone.com\/wassertransferdruck\/product\/varnish-400ml-aerosol-silkgloss\/","og_locale":"de_DE","og_type":"article","og_title":"Klarlack 400ml Spr\u00fchdose - Seidenglanz - HydroDipZone Wassertransferdruck","og_description":"Klarlack 400ml Spr\u00fchdose \u2013 Seidenglanz bietet professionelle Qualit\u00e4t und einfache Anwendung. Ideal f\u00fcr kreative Projekte und hochwertige Oberfl\u00e4chen!","og_url":"https:\/\/hydrodipzone.com\/wassertransferdruck\/product\/varnish-400ml-aerosol-silkgloss\/","og_site_name":"HydroDipZone Wassertransferdruck","article_modified_time":"2025-03-26T14:20:25+00:00","og_image":[{"width":1000,"height":1000,"url":"https:\/\/hydrodipzone.com\/wassertransferdruck\/wp-content\/uploads\/sites\/3\/2024\/11\/HydroDipZone-Varnish-400ml-Aerosol.jpg","type":"image\/jpeg"}],"twitter_card":"summary_large_image","twitter_misc":{"Gesch\u00e4tzte Lesezeit":"1\u00a0Minute"},"schema":{"@context":"https:\/\/schema.org","@graph":[{"@type":"WebPage","@id":"https:\/\/hydrodipzone.com\/wassertransferdruck\/product\/varnish-400ml-aerosol-silkgloss\/","url":"https:\/\/hydrodipzone.com\/wassertransferdruck\/product\/varnish-400ml-aerosol-silkgloss\/","name":"Klarlack 400ml Spr\u00fchdose - Seidenglanz - HydroDipZone Wassertransferdruck","isPartOf":{"@id":"https:\/\/hydrodipzone.com\/wassertransferdruck\/#website"},"primaryImageOfPage":{"@id":"https:\/\/hydrodipzone.com\/wassertransferdruck\/product\/varnish-400ml-aerosol-silkgloss\/#primaryimage"},"image":{"@id":"https:\/\/hydrodipzone.com\/wassertransferdruck\/product\/varnish-400ml-aerosol-silkgloss\/#primaryimage"},"thumbnailUrl":"https:\/\/hydrodipzone.com\/wassertransferdruck\/wp-content\/uploads\/sites\/3\/2024\/11\/HydroDipZone-Varnish-400ml-Aerosol.jpg","datePublished":"2024-11-30T00:53:55+00:00","dateModified":"2025-03-26T14:20:25+00:00","description":"Klarlack 400ml Spr\u00fchdose \u2013 Seidenglanz bietet professionelle Qualit\u00e4t und einfache Anwendung. Ideal f\u00fcr kreative Projekte und hochwertige Oberfl\u00e4chen!","breadcrumb":{"@id":"https:\/\/hydrodipzone.com\/wassertransferdruck\/product\/varnish-400ml-aerosol-silkgloss\/#breadcrumb"},"inLanguage":"de","potentialAction":[{"@type":"ReadAction","target":["https:\/\/hydrodipzone.com\/wassertransferdruck\/product\/varnish-400ml-aerosol-silkgloss\/"]}]},{"@type":"ImageObject","inLanguage":"de","@id":"https:\/\/hydrodipzone.com\/wassertransferdruck\/product\/varnish-400ml-aerosol-silkgloss\/#primaryimage","url":"https:\/\/hydrodipzone.com\/wassertransferdruck\/wp-content\/uploads\/sites\/3\/2024\/11\/HydroDipZone-Varnish-400ml-Aerosol.jpg","contentUrl":"https:\/\/hydrodipzone.com\/wassertransferdruck\/wp-content\/uploads\/sites\/3\/2024\/11\/HydroDipZone-Varnish-400ml-Aerosol.jpg","width":1000,"height":1000},{"@type":"BreadcrumbList","@id":"https:\/\/hydrodipzone.com\/wassertransferdruck\/product\/varnish-400ml-aerosol-silkgloss\/#breadcrumb","itemListElement":[{"@type":"ListItem","position":1,"name":"Home","item":"https:\/\/hydrodipzone.com\/wassertransferdruck\/"},{"@type":"ListItem","position":2,"name":"Products","item":"https:\/\/hydrodipzone.com\/wassertransferdruck\/shop\/"},{"@type":"ListItem","position":3,"name":"Klarlack 400ml Spr\u00fchdose &#8211; Seidenglanz"}]},{"@type":"WebSite","@id":"https:\/\/hydrodipzone.com\/wassertransferdruck\/#website","url":"https:\/\/hydrodipzone.com\/wassertransferdruck\/","name":"HydroDipZone Wassertransferdruck","description":"Alles, was Sie zum Wassertransferdruck zu Hause brauchen.","publisher":{"@id":"https:\/\/hydrodipzone.com\/wassertransferdruck\/#organization"},"potentialAction":[{"@type":"SearchAction","target":{"@type":"EntryPoint","urlTemplate":"https:\/\/hydrodipzone.com\/wassertransferdruck\/?s={search_term_string}"},"query-input":{"@type":"PropertyValueSpecification","valueRequired":true,"valueName":"search_term_string"}}],"inLanguage":"de"},{"@type":"Organization","@id":"https:\/\/hydrodipzone.com\/wassertransferdruck\/#organization","name":"HydroDipZone Wassertransferdruck","url":"https:\/\/hydrodipzone.com\/wassertransferdruck\/","logo":{"@type":"ImageObject","inLanguage":"de","@id":"https:\/\/hydrodipzone.com\/wassertransferdruck\/#\/schema\/logo\/image\/","url":"https:\/\/hydrodipzone.com\/wassertransferdruck\/wp-content\/uploads\/sites\/3\/2024\/11\/HydroDipZone-landscape-logo-2000px-x-700px-NO-BG.png","contentUrl":"https:\/\/hydrodipzone.com\/wassertransferdruck\/wp-content\/uploads\/sites\/3\/2024\/11\/HydroDipZone-landscape-logo-2000px-x-700px-NO-BG.png","width":2000,"height":700,"caption":"HydroDipZone Wassertransferdruck"},"image":{"@id":"https:\/\/hydrodipzone.com\/wassertransferdruck\/#\/schema\/logo\/image\/"}}]}},"_links":{"self":[{"href":"https:\/\/hydrodipzone.com\/wassertransferdruck\/wp-json\/wp\/v2\/product\/7281","targetHints":{"allow":["GET"]}}],"collection":[{"href":"https:\/\/hydrodipzone.com\/wassertransferdruck\/wp-json\/wp\/v2\/product"}],"about":[{"href":"https:\/\/hydrodipzone.com\/wassertransferdruck\/wp-json\/wp\/v2\/types\/product"}],"replies":[{"embeddable":true,"href":"https:\/\/hydrodipzone.com\/wassertransferdruck\/wp-json\/wp\/v2\/comments?post=7281"}],"wp:featuredmedia":[{"embeddable":true,"href":"https:\/\/hydrodipzone.com\/wassertransferdruck\/wp-json\/wp\/v2\/media\/7279"}],"wp:attachment":[{"href":"https:\/\/hydrodipzone.com\/wassertransferdruck\/wp-json\/wp\/v2\/media?parent=7281"}],"wp:term":[{"taxonomy":"product_brand","embeddable":true,"href":"https:\/\/hydrodipzone.com\/wassertransferdruck\/wp-json\/wp\/v2\/product_brand?post=7281"},{"taxonomy":"product_cat","embeddable":true,"href":"https:\/\/hydrodipzone.com\/wassertransferdruck\/wp-json\/wp\/v2\/product_cat?post=7281"},{"taxonomy":"product_tag","embeddable":true,"href":"https:\/\/hydrodipzone.com\/wassertransferdruck\/wp-json\/wp\/v2\/product_tag?post=7281"}],"curies":[{"name":"wp","href":"https:\/\/api.w.org\/{rel}","templated":true}]}}